{"id":187,"date":"2012-09-01T22:45:13","date_gmt":"2012-09-02T02:45:13","guid":{"rendered":"http:\/\/190.114.255.83\/~acustic1\/?page_id=187"},"modified":"2019-10-24T15:33:06","modified_gmt":"2019-10-24T18:33:06","slug":"camaras-reverberantes","status":"publish","type":"page","link":"https:\/\/www.acusticauach.cl\/?page_id=187","title":{"rendered":"C\u00e1maras Reverberantes"},"content":{"rendered":"<p style=\"text-align: justify;\">El Instituto cuenta con un sistema de dos c\u00e1maras reverberantes adyacentes, una de las cuales se emplea para realizar ensayos de medici\u00f3n de absorci\u00f3n sonora y potencia sonora. Las dos salas se pueden usar simult\u00e1neamente para realizar ensayos de aislamiento ac\u00fastico de divisiones (paredes) y elementos constructivos (puertas, ventanas, etc.). Adem\u00e1s, un sistema de losa normalizada permite ensayar ruido de impacto sobre una losa patr\u00f3n, e incluso ensayos de nuevos sistemas constructivos para aislar el ruido de impacto en edificios.<\/p>\n<p><img decoding=\"async\" class=\"size-full wp-image-964 aligncenter\" src=\"https:\/\/www.acusticauach.cl\/wp-content\/uploads\/2012\/09\/Reverberante-Interior.jpg\" alt=\"Reverberante Interior\" width=\"800\" height=\"251\" srcset=\"https:\/\/www.acusticauach.cl\/wp-content\/uploads\/2012\/09\/Reverberante-Interior.jpg 800w, https:\/\/www.acusticauach.cl\/wp-content\/uploads\/2012\/09\/Reverberante-Interior-300x94.jpg 300w, https:\/\/www.acusticauach.cl\/wp-content\/uploads\/2012\/09\/Reverberante-Interior-700x219.jpg 700w, https:\/\/www.acusticauach.cl\/wp-content\/uploads\/2012\/09\/Reverberante-Interior-500x156.jpg 500w\" sizes=\"(max-width: 800px) 100vw, 800px\" \/><\/p>\n<p style=\"text-align: justify;\">Todas las salas cumplen con las exigencias de las normativas ISO para la realizaci\u00f3n de ensayos, en cuanto a volumen, dimensiones y dem\u00e1s condiciones ac\u00fasticas relevantes. Para realizar estos estudios, el Instituto cuenta con una m\u00e1quina de impactos normalizada, fuente dodeca\u00e9drica y son\u00f3metros de \u00faltima generaci\u00f3n.<\/p>\n<p><a data-flickr-embed=\"true\" data-vr=\"true\" href=\"https:\/\/www.flickr.com\/photos\/acusticauach\/42880229215\/\" title=\"Laboratorios_360 by Acustica UACh, on Flickr\"><img decoding=\"async\" src=\"https:\/\/live.staticflickr.com\/939\/42880229215_2540402bed_b.jpg\" width=\"1024\" height=\"512\" alt=\"Laboratorios_360\"><\/a><script async src=\"https:\/\/embedr.flickr.com\/assets\/client-code.js\" charset=\"utf-8\"><\/script><\/p>\n","protected":false},"excerpt":{"rendered":"<p>El Instituto cuenta con un sistema de dos c\u00e1maras reverberantes adyacentes, una de las cuales se emplea para realizar ensayos de medici\u00f3n de absorci\u00f3n sonora y potencia sonora. Las dos salas se pueden usar simult\u00e1neamente para realizar ensayos de aislamiento ac\u00fastico de divisiones (paredes) y elementos constructivos (puertas, ventanas, etc.). Adem\u00e1s, un sistema de losa [&hellip;]<\/p>\n","protected":false},"author":1,"featured_media":12075,"parent":0,"menu_order":0,"comment_status":"closed","ping_status":"closed","template":"","meta":{"footnotes":""},"class_list":["post-187","page","type-page","status-publish","has-post-thumbnail","hentry"],"_links":{"self":[{"href":"https:\/\/www.acusticauach.cl\/index.php?rest_route=\/wp\/v2\/pages\/187","targetHints":{"allow":["GET"]}}],"collection":[{"href":"https:\/\/www.acusticauach.cl\/index.php?rest_route=\/wp\/v2\/pages"}],"about":[{"href":"https:\/\/www.acusticauach.cl\/index.php?rest_route=\/wp\/v2\/types\/page"}],"author":[{"embeddable":true,"href":"https:\/\/www.acusticauach.cl\/index.php?rest_route=\/wp\/v2\/users\/1"}],"replies":[{"embeddable":true,"href":"https:\/\/www.acusticauach.cl\/index.php?rest_route=%2Fwp%2Fv2%2Fcomments&post=187"}],"version-history":[{"count":0,"href":"https:\/\/www.acusticauach.cl\/index.php?rest_route=\/wp\/v2\/pages\/187\/revisions"}],"wp:featuredmedia":[{"embeddable":true,"href":"https:\/\/www.acusticauach.cl\/index.php?rest_route=\/wp\/v2\/media\/12075"}],"wp:attachment":[{"href":"https:\/\/www.acusticauach.cl\/index.php?rest_route=%2Fwp%2Fv2%2Fmedia&parent=187"}],"curies":[{"name":"wp","href":"https:\/\/api.w.org\/{rel}","templated":true}]}}