{"id":185,"date":"2012-09-01T22:44:37","date_gmt":"2012-09-02T02:44:37","guid":{"rendered":"http:\/\/190.114.255.83\/~acustic1\/?page_id=185"},"modified":"2019-10-25T10:43:41","modified_gmt":"2019-10-25T13:43:41","slug":"estudio-de-grabacion","status":"publish","type":"page","link":"https:\/\/www.acusticauach.cl\/?page_id=185","title":{"rendered":"Estudio de Grabaci\u00f3n"},"content":{"rendered":"<p style=\"text-align: justify;\">El<strong>\u00a0Estudio de Grabaci\u00f3n y Post producci\u00f3n de Sonido Siegfried Erber\u00a0<\/strong>se encuentra ubicado en la Isla Teja, en el Campus Cultural de la Universidad Austral de Chile. Sus instalaciones cuentan con aproximadamente 120 m2 distribuidos en un hall, sala de control, estudio y sala de edici\u00f3n de audio para video. Su principal actividad es da car\u00e1cter acad\u00e9mico ya que aqu\u00ed se realizan normalmente las actividades tanto te\u00f3ricas como pr\u00e1cticas de los cursos de Grabaci\u00f3n Sonora dictados por el Instituto de ac\u00fastica. Sin embargo, regularmente se llevan a cabo producciones de car\u00e1cter profesional seg\u00fan la demanda del medio art\u00edstico local y regional.<\/p>\n<p><img decoding=\"async\" class=\"size-full wp-image-279 aligncenter\" src=\"https:\/\/www.acusticauach.cl\/wp-content\/uploads\/2012\/09\/estudio_9971.jpg\" alt=\"estudio_9971\" width=\"800\" height=\"356\" srcset=\"https:\/\/www.acusticauach.cl\/wp-content\/uploads\/2012\/09\/estudio_9971.jpg 800w, https:\/\/www.acusticauach.cl\/wp-content\/uploads\/2012\/09\/estudio_9971-300x133.jpg 300w, https:\/\/www.acusticauach.cl\/wp-content\/uploads\/2012\/09\/estudio_9971-700x311.jpg 700w, https:\/\/www.acusticauach.cl\/wp-content\/uploads\/2012\/09\/estudio_9971-500x222.jpg 500w, https:\/\/www.acusticauach.cl\/wp-content\/uploads\/2012\/09\/estudio_9971-228x100.jpg 228w\" sizes=\"(max-width: 800px) 100vw, 800px\" \/><\/p>\n<h5><strong>Estudio de Grabaci\u00f3n y Post-producci\u00f3n Siegfried Erber<\/strong><\/h5>\n<p style=\"text-align: justify;\">Considerando que la mayor\u00eda de\u00a0nuestros estudiantes, adem\u00e1s de su inter\u00e9s por la ingenier\u00eda, son m\u00fasicos, una de las actividades preferidas de nuestros estudiantes es la realizaci\u00f3n de grabaciones profesionales, edici\u00f3n y masterizaci\u00f3n de sonido. Los estudiantes que realizan los cursos de audio profesional (T\u00e9cnicas de grabaci\u00f3n, Proyectos de grabaci\u00f3n y post-producci\u00f3n) cuentan con el\u00a0estudio de grabaci\u00f3n y post producci\u00f3n\u00a0para realizar sus actividades de aprendizaje y pr\u00e1cticas de manera adecuada. Es muy com\u00fan que los estudiantes aprovechen sus\u00a0actividades de aprendizaje y pr\u00e1ctica para realizar grabaciones de sus propias producciones musicales. Esto hace que el trabajo que se desarrolla, combinando tanto la parte t\u00e9cnica con el trabajo art\u00edstico-musical, sea muy enriquecedor y se obtengan resultados de gran calidad. El estudio de grabaci\u00f3n cuenta con todo el equipamiento electroac\u00fastico necesario para realizar grabaciones, edici\u00f3n, masterizaci\u00f3n, post-producci\u00f3n y audio para video, de acuerdo a los m\u00e1s altos est\u00e1ndares de calidad.<\/p>\n<div class=\"shortcode-accordion\"><h3 class=\"accordion-item-title\">Ver Equipamiento del Estudio de Grabaci\u00f3n<\/h3><div class=\"accordion-item-content accordion-hide\"><p><strong>Microfon\u00eda:\u00a0<\/strong>Neumann U87AI\/M147\/TLM49 Set, Earthworks DK50\/R, Earthworks SR30mp, Earthworks QTC50mp, Earthworks M30BX, Sony C-48, AKG414BXLS, ShureKSM44, AudioTechnica 4050\/4051\/4053, Sennheiser MD421II, Rode NTK, Rode NT2A, Rode NT4, Shure Beta 58\/56\/52, Shure SM58\/57\/94, etc.<\/p>\n<p><strong>Electr\u00f3nicos<\/strong>: Protools HD2, D-Command 24 faders, Mac Pro, Preamplificadores;Avalon Vt737Sp, Rupert Neve Portico 5012, Earthworks ZDT, Workstation Tascam SX-1, Interface Digidesign Digi002 Rack, Yamaha SPX990, Tascam CDRW700, unidad de reverberaci\u00f3n an\u00e1loga Orban, grabadores port\u00e1tiles; Sound device 788T, Tascam HD-P2, Tascam DA-P1 , Adat XT.<\/p>\n<p><strong>Software<\/strong>: Protools 8.0 HD, ProTool 8.0 LE, Samplitude 8.0, Smaart v.7.<\/p>\n<p><strong>Monitores<\/strong>: Genelec 8040, Yamaha NSM10, Yamaha HS80, Yamaha HS-10W.<\/p><\/div> <\/div>\n<h5><strong>Grabaci\u00f3n<\/strong><\/h5>\n<p style=\"text-align: justify;\">La calidad final de una producci\u00f3n musical queda determinada en la etapa de grabaci\u00f3n sonora, en el registro inicial del evento sonoro, nada puede sustituir a la triada m\u00fasico-instrumento-micr\u00f3fono. Por ello para la producci\u00f3n musical el estudio cuenta con micr\u00f3fonos \u201cstate of art\u201d tanto din\u00e1micos como de condensador, direccionales, omnidireccionales y de patr\u00f3n polar variable. Las grabaciones se realizan b\u00e1sicamente sobre soporte digital a 24 bit y seg\u00fan la calidad necesaria desde 44,1 kHz\/192 pistas simult\u00e1neas y hasta 192 khz\/36 pistas simult\u00e1neas. Para grabaci\u00f3n de sonido directo (Audio\/Video\/Cine) se cuenta con variados sistemas, desde mezcladores port\u00e1tiles, hasta un sistema de grabaci\u00f3n multicanal de 8 entradas de micr\u00f3fono y 12 pistas de grabaci\u00f3n de alta definici\u00f3n (24 bit\/96 khz). Asi mismo es posible la grabaci\u00f3n de eventos musicales en vivo en formato multipista.<\/p>\n<h5><strong>Mezcla de Sonido<\/strong><\/h5>\n<p style=\"text-align: justify;\">La mezcla de sonido es un proceso t\u00e9cnico-art\u00edstico en el que se combinan todas las pistas previamente grabadas con el objetivo de producir una determinada experiencia sonora en el auditor. Una buena grabaci\u00f3n permite que la mezcla sonora sea m\u00e1s que nada un proceso creativo que potencia a la interpretaci\u00f3n musical. En nuestro estudio de grabaci\u00f3n se encuentran todas las herramientas necesarias para realizar una mezcla de sonido profesional, sea en stereo o incluso en formato multicanal 5.1<\/p>\n<p><img decoding=\"async\" class=\"size-full wp-image-971 aligncenter\" src=\"https:\/\/www.acusticauach.cl\/wp-content\/uploads\/2012\/09\/mesa.jpg\" alt=\"Protools HD2, D-Command 24 faders\" width=\"800\" height=\"244\" srcset=\"https:\/\/www.acusticauach.cl\/wp-content\/uploads\/2012\/09\/mesa.jpg 800w, https:\/\/www.acusticauach.cl\/wp-content\/uploads\/2012\/09\/mesa-300x91.jpg 300w, https:\/\/www.acusticauach.cl\/wp-content\/uploads\/2012\/09\/mesa-700x213.jpg 700w, https:\/\/www.acusticauach.cl\/wp-content\/uploads\/2012\/09\/mesa-500x152.jpg 500w\" sizes=\"(max-width: 800px) 100vw, 800px\" \/><\/p>\n<h5><strong>Masterizaci\u00f3n<\/strong><\/h5>\n<p style=\"text-align: justify;\">La masterizaci\u00f3n es b\u00e1sicamente el proceso de preparaci\u00f3n del programa de audio para su duplicaci\u00f3n y transferencia a alg\u00fan formato de reproducci\u00f3n comercial, normalmente CD o DVD. Gracias a la tecnolog\u00eda digital, en esta etapa de la producci\u00f3n tambi\u00e9n es posible realizar cambios en las propiedades sonoras del programa musical, proceso que se conoce como pre-masterizaci\u00f3n. Con las herramientas tanto de hardware como de software de nuestro estudio, podemos recibir una producci\u00f3n previamente mezclada y transformarla en un producto atractivo y competitivo dentro del amplio mercado de la industria del entretenimiento.<\/p>\n<h5><strong>Post-Producci\u00f3n de Sonido<\/strong><\/h5>\n<p style=\"text-align: justify;\">Largometrajes, cortometrajes, animaciones, documentales y cualquier producci\u00f3n audiovisual para cine, video y\/o TV se ven beneficiados con una banda sonora de calidad. El sonido directo grabado en locaciones muchas veces debe ser reemplazado por doblajes en estudio o complementado con m\u00fasica, efectos sonoros y sonidos ambientales. Por otro lado, las animaciones pueden cobrar vida con el dise\u00f1o de sonidos que no existen en la realidad. Todo ello puede ser realizado utilizando los diversos recursos disponibles en nuestras instalaciones.<\/p>\n<h5><strong>Grabaciones Binaurales<\/strong><\/h5>\n<p>Grabaci\u00f3n binaural es un m\u00e9todo de grabaci\u00f3n sonora que logra generar una sensaci\u00f3n tridimensional al ser reproducida por medio de aud\u00edfonos. Para la grabaci\u00f3n se utiliza una cabeza artificial equipada con dos micr\u00f3fonos de alta fidelidad instalados en el interior de la cabeza, a modo de o\u00eddos.\u00a0La grabaci\u00f3n binaural est\u00e1 dise\u00f1ada para ser reproducida utilizando aud\u00edfonos, ya que no genera un efecto est\u00e9reo para ser reproducida por parlantes.<\/p>\n<p>Este tipo de t\u00e9cnica es muy apropiada para el estudio de paisajes sonoros, estudios de calidad ac\u00fastica o grabaciones binaurales en conciertos y presentaciones musicales en vivo.<\/p>\n<p>Adem\u00e1s de otros dispositivos, se cuenta con una Dummy Head marca Neuman, modelo KU 100.<\/p>\n","protected":false},"excerpt":{"rendered":"<p>El\u00a0Estudio de Grabaci\u00f3n y Post producci\u00f3n de Sonido Siegfried Erber\u00a0se encuentra ubicado en la Isla Teja, en el Campus Cultural de la Universidad Austral de Chile. Sus instalaciones cuentan con aproximadamente 120 m2 distribuidos en un hall, sala de control, estudio y sala de edici\u00f3n de audio para video. Su principal actividad es da car\u00e1cter [&hellip;]<\/p>\n","protected":false},"author":1,"featured_media":12071,"parent":0,"menu_order":0,"comment_status":"closed","ping_status":"closed","template":"","meta":{"footnotes":""},"class_list":["post-185","page","type-page","status-publish","has-post-thumbnail","hentry"],"_links":{"self":[{"href":"https:\/\/www.acusticauach.cl\/index.php?rest_route=\/wp\/v2\/pages\/185","targetHints":{"allow":["GET"]}}],"collection":[{"href":"https:\/\/www.acusticauach.cl\/index.php?rest_route=\/wp\/v2\/pages"}],"about":[{"href":"https:\/\/www.acusticauach.cl\/index.php?rest_route=\/wp\/v2\/types\/page"}],"author":[{"embeddable":true,"href":"https:\/\/www.acusticauach.cl\/index.php?rest_route=\/wp\/v2\/users\/1"}],"replies":[{"embeddable":true,"href":"https:\/\/www.acusticauach.cl\/index.php?rest_route=%2Fwp%2Fv2%2Fcomments&post=185"}],"version-history":[{"count":0,"href":"https:\/\/www.acusticauach.cl\/index.php?rest_route=\/wp\/v2\/pages\/185\/revisions"}],"wp:featuredmedia":[{"embeddable":true,"href":"https:\/\/www.acusticauach.cl\/index.php?rest_route=\/wp\/v2\/media\/12071"}],"wp:attachment":[{"href":"https:\/\/www.acusticauach.cl\/index.php?rest_route=%2Fwp%2Fv2%2Fmedia&parent=185"}],"curies":[{"name":"wp","href":"https:\/\/api.w.org\/{rel}","templated":true}]}}