{"id":17140,"date":"2025-08-18T01:24:39","date_gmt":"2025-08-18T05:24:39","guid":{"rendered":"https:\/\/www.acusticauach.cl\/?page_id=17140"},"modified":"2025-08-18T01:26:03","modified_gmt":"2025-08-18T05:26:03","slug":"el-laboratorio-de-arte-y-tecnologia-late-2","status":"publish","type":"page","link":"https:\/\/www.acusticauach.cl\/?page_id=17140","title":{"rendered":"Laboratorio de fen\u00f3menos ac\u00fasticos en la materia (ACOUSPHEM)"},"content":{"rendered":"\n<p>El<strong> Laboratorio ACOUSPHEM<\/strong> (Acoustic Phenomena in Matter) de la Universidad Austral de Chile tiene como objetivo comprender la influencia de m\u00faltiples fen\u00f3menos f\u00edsicos en la propagaci\u00f3n de ondas en medios heterog\u00e9neos complejos, tales como materiales permeables multiescala, metamateriales, as\u00ed como medios activos y vivos. Llevamos a cabo estudios te\u00f3ricos, num\u00e9ricos y experimentales inspirados en aplicaciones de la ingenier\u00eda ac\u00fastica y otras \u00e1reas de la ingenier\u00eda.<\/p>\n\n\n<div class=\"wp-block-image\">\n<figure class=\"aligncenter size-full\"><a href=\"https:\/\/www.acusticauach.cl\/wp-content\/uploads\/2025\/08\/acousphem_01.webp\"><img decoding=\"async\" width=\"768\" height=\"761\" src=\"https:\/\/www.acusticauach.cl\/wp-content\/uploads\/2025\/08\/acousphem_01.webp\" alt=\"\" class=\"wp-image-17141\" srcset=\"https:\/\/www.acusticauach.cl\/wp-content\/uploads\/2025\/08\/acousphem_01.webp 768w, https:\/\/www.acusticauach.cl\/wp-content\/uploads\/2025\/08\/acousphem_01-300x297.webp 300w, https:\/\/www.acusticauach.cl\/wp-content\/uploads\/2025\/08\/acousphem_01-150x150.webp 150w, https:\/\/www.acusticauach.cl\/wp-content\/uploads\/2025\/08\/acousphem_01-125x125.webp 125w, https:\/\/www.acusticauach.cl\/wp-content\/uploads\/2025\/08\/acousphem_01-75x75.webp 75w\" sizes=\"(max-width: 768px) 100vw, 768px\" \/><\/a><figcaption class=\"wp-element-caption\"><a href=\"https:\/\/acousphem.github.io\/\" target=\"_blank\" rel=\"noreferrer noopener\">https:\/\/acousphem.github.io\/<\/a><\/figcaption><\/figure>\n<\/div>\n\n\n<p>Nuestro laboratorio est\u00e1 liderado por el <strong><a href=\"https:\/\/www.acusticauach.cl\/?page_id=9730\">Dr. Rodolfo Veengas<\/a><\/strong>, y est\u00e1 afiliado al Instituto de Ac\u00fastica de la Facultad de Ciencias de la Ingenier\u00eda de la Universidad Austral de Chile, y colabora activamente con colaboradores internos y externos.<\/p>\n\n\n\n<figure class=\"wp-block-image size-full\"><a href=\"https:\/\/www.acusticauach.cl\/wp-content\/uploads\/2025\/08\/ACOUSPHEM_400X141.jpg\"><img decoding=\"async\" width=\"400\" height=\"141\" src=\"https:\/\/www.acusticauach.cl\/wp-content\/uploads\/2025\/08\/ACOUSPHEM_400X141.jpg\" alt=\"\" class=\"wp-image-17135\" srcset=\"https:\/\/www.acusticauach.cl\/wp-content\/uploads\/2025\/08\/ACOUSPHEM_400X141.jpg 400w, https:\/\/www.acusticauach.cl\/wp-content\/uploads\/2025\/08\/ACOUSPHEM_400X141-300x106.jpg 300w, https:\/\/www.acusticauach.cl\/wp-content\/uploads\/2025\/08\/ACOUSPHEM_400X141-125x44.jpg 125w, https:\/\/www.acusticauach.cl\/wp-content\/uploads\/2025\/08\/ACOUSPHEM_400X141-75x26.jpg 75w\" sizes=\"(max-width: 400px) 100vw, 400px\" \/><\/a><\/figure>\n\n\n<figure class=\"wp-block-image aligncenter is-resized\">\n<figcaption class=\"wp-element-caption\"><a href=\"https:\/\/acousphem.github.io\/\" target=\"_blank\" rel=\"noreferrer noopener\">https:\/\/acousphem.github.io\/<\/a><\/figcaption>\n<\/figure>\n\n\n<p>P\u00e1gina web: <a href=\"https:\/\/acousphem.github.io\/\" target=\"_blank\" rel=\"noreferrer noopener\">https:\/\/acousphem.github.io\/<\/a><\/p>\n","protected":false},"excerpt":{"rendered":"<p>El Laboratorio ACOUSPHEM (Acoustic Phenomena in Matter) de la Universidad Austral de Chile tiene como objetivo comprender la influencia de m\u00faltiples fen\u00f3menos f\u00edsicos en la propagaci\u00f3n de ondas en medios heterog\u00e9neos complejos, tales como materiales permeables multiescala, metamateriales, as\u00ed como medios activos y vivos. Llevamos a cabo estudios te\u00f3ricos, num\u00e9ricos y experimentales inspirados en aplicaciones [&hellip;]<\/p>\n","protected":false},"author":2,"featured_media":17141,"parent":5555,"menu_order":0,"comment_status":"closed","ping_status":"closed","template":"","meta":{"footnotes":""},"class_list":["post-17140","page","type-page","status-publish","has-post-thumbnail","hentry"],"_links":{"self":[{"href":"https:\/\/www.acusticauach.cl\/index.php?rest_route=\/wp\/v2\/pages\/17140","targetHints":{"allow":["GET"]}}],"collection":[{"href":"https:\/\/www.acusticauach.cl\/index.php?rest_route=\/wp\/v2\/pages"}],"about":[{"href":"https:\/\/www.acusticauach.cl\/index.php?rest_route=\/wp\/v2\/types\/page"}],"author":[{"embeddable":true,"href":"https:\/\/www.acusticauach.cl\/index.php?rest_route=\/wp\/v2\/users\/2"}],"replies":[{"embeddable":true,"href":"https:\/\/www.acusticauach.cl\/index.php?rest_route=%2Fwp%2Fv2%2Fcomments&post=17140"}],"version-history":[{"count":2,"href":"https:\/\/www.acusticauach.cl\/index.php?rest_route=\/wp\/v2\/pages\/17140\/revisions"}],"predecessor-version":[{"id":17143,"href":"https:\/\/www.acusticauach.cl\/index.php?rest_route=\/wp\/v2\/pages\/17140\/revisions\/17143"}],"up":[{"embeddable":true,"href":"https:\/\/www.acusticauach.cl\/index.php?rest_route=\/wp\/v2\/pages\/5555"}],"wp:featuredmedia":[{"embeddable":true,"href":"https:\/\/www.acusticauach.cl\/index.php?rest_route=\/wp\/v2\/media\/17141"}],"wp:attachment":[{"href":"https:\/\/www.acusticauach.cl\/index.php?rest_route=%2Fwp%2Fv2%2Fmedia&parent=17140"}],"curies":[{"name":"wp","href":"https:\/\/api.w.org\/{rel}","templated":true}]}}