{"id":1558,"date":"2012-10-08T19:06:52","date_gmt":"2012-10-08T22:06:52","guid":{"rendered":"http:\/\/190.114.255.83\/~acustic1\/?page_id=1558"},"modified":"2019-10-25T09:59:31","modified_gmt":"2019-10-25T12:59:31","slug":"facultad-de-cs-de-la-ingenieria-uach","status":"publish","type":"page","link":"https:\/\/www.acusticauach.cl\/?page_id=1558","title":{"rendered":"Facultad de Cs. de la Ingenier\u00eda UACh"},"content":{"rendered":"<h5><strong>Historia<\/strong><\/h5>\n<p>La Facultad de Ciencias de la Ingenier\u00eda de la UACh est\u00e1 ligada al desarrollo de la ciudad de Valdivia y de la Regi\u00f3n SurAustral desde sus or\u00edgenes en 1934 como sede de la Escuela de Artes y Oficios. Entre 1947 y 1980 funcion\u00f3 como Sede Valdivia dela Universidad T\u00e9cnica del Estado, adquiriendo independencia en 1981 y pasando a llamarse Instituto Profesional de Valdivia.<\/p>\n<p>El D.F.L. N\u00ba 18.744 de septiembre de 1988 integra al ex Instituto Profesional de Valdivia a la\u00a0<strong><a title=\"Universidad Austral de Chile - UACh\" href=\"http:\/\/www.uach.cl\/\" target=\"_blank\" rel=\"noopener noreferrer\">Universidad Austral de Chile (UACh)<\/a><\/strong>, lo cual se materializa el 01 de febrero de 1989; constituy\u00e9ndose en la Facultad de Ciencias de la Ingenier\u00eda de la UACh, mediante Decreto N\u00ba 047 de fecha 25 de enero de 1989. Dicho Decreto adem\u00e1s, adscribe a esta nueva Facultad, al\u00a0<strong>Instituto y Escuela de Ac\u00fastica<\/strong>, provenientes de la Facultad de Ciencias. (<a href=\"http:\/\/www.ingenieria.uach.cl\/nuestra-facultad\/quienes-somos.html\" target=\"_blank\" rel=\"noopener noreferrer\">ver m\u00e1s<\/a>)<\/p>\n<h5><strong>Carreras<\/strong><\/h5>\n<p>Las carreras de Pregrado que se imparten en la Facultad, otorg\u00e1ndose en todas ellas el grado acad\u00e9mico de Licenciado, son:<\/p>\n<ol>\n<li><strong><a title=\"Ingenier\u00eda Civil Ac\u00fastica\" href=\"https:\/\/www.acusticauach.cl\/?page_id=63\">Ingenier\u00eda Civil Ac\u00fastica.<\/a><\/strong><\/li>\n<li><a href=\"http:\/\/www.ingenieria.uach.cl\/carreras\/ing-civil-en-informatica.html\" target=\"_blank\" rel=\"noopener noreferrer\">Ingenier\u00eda Civil en Inform\u00e1tica.<\/a><\/li>\n<li><a href=\"http:\/\/www.ingenieria.uach.cl\/carreras\/ing-civil-en-obras-civiles.html\" target=\"_blank\" rel=\"noopener noreferrer\">Ingenier\u00eda Civil en Obras Civiles.<\/a><\/li>\n<li><a href=\"http:\/\/www.ingenieria.uach.cl\/carreras\/ing-en-construccion.html\" target=\"_blank\" rel=\"noopener noreferrer\">Ingenier\u00eda en Construcci\u00f3n.<\/a><\/li>\n<li><a href=\"http:\/\/www.ingenieria.uach.cl\/carreras\/ing-civil-electronica.html\" target=\"_blank\" rel=\"noopener noreferrer\">Ingenier\u00eda Civil Electr\u00f3nica<\/a>.<\/li>\n<li><a href=\"http:\/\/www.ingenieria.uach.cl\/carreras\/ing-civil-mecanica.html\" target=\"_blank\" rel=\"noopener noreferrer\">Ingenier\u00eda Civil Mec\u00e1nica.<\/a><\/li>\n<li><a href=\"http:\/\/www.ingenieria.uach.cl\/carreras\/ing-naval.html\" target=\"_blank\" rel=\"noopener noreferrer\">Ingenier\u00eda Naval (con tres menciones).<\/a><\/li>\n<li><a href=\"http:\/\/www.ingenieria.uach.cl\/carreras\/ing-civil-industrial.html\" target=\"_blank\" rel=\"noopener noreferrer\">Ingenier\u00eda Civil Industrial.<\/a><\/li>\n<li><a href=\"http:\/\/www.ingenieria.uach.cl\/carreras\/bachillerato-en-ciencias-de-la-ingenieria.html\" target=\"_blank\" rel=\"noopener noreferrer\">Bachillerato en Ciencias de la Ingenier\u00eda<\/a>.<\/li>\n<\/ol>\n<p>A partir del a\u00f1o 2010, se ofrece el programa de Bachillerato en Ciencias de la Ingenier\u00eda como un ingreso adicional a estudiar ingenier\u00eda en la Facultad.<\/p>\n<p>Considerando s\u00f3lo desde su integraci\u00f3n a la\u00a0<strong><a title=\"Universidad Austral de Chile - UACh\" href=\"http:\/\/www.uach.cl\/\" target=\"_blank\" rel=\"noopener noreferrer\">Universidad Austral de Chile (UACh)<\/a>\u00a0<\/strong>en 1989, la Facultad ha formado a m\u00e1s de 3.500 profesionales, los que se han insertado laboralmente tanto en Chile como en el extranjero.<\/p>\n<h5><strong>Postgrado<\/strong><\/h5>\n<p>Los programas de posgrado que actualmente se imparten en la Facultad son<\/p>\n<ol>\n<li><strong><a title=\"Mag\u00edster en Ac\u00fastica y Vibraciones\" href=\"https:\/\/www.acusticauach.cl\/?page_id=164\">Mag\u00edster en Ac\u00fastica y Vibraciones<\/a><\/strong><\/li>\n<li><a href=\"http:\/\/ingenieria.uach.cl\/index.php\/postgrado\/magister-en-ingenieria-mecanica-y-materiales\" target=\"_blank\" rel=\"noopener noreferrer\">Mag\u00edster en Ingenier\u00eda Mec\u00e1nica y Materiales<\/a><\/li>\n<li><a href=\"http:\/\/ingenieria.uach.cl\/index.php\/postgrado\/magister-en-informatica\" target=\"_blank\" rel=\"noopener noreferrer\">Mag\u00edster en Inform\u00e1tica<\/a><\/li>\n<li><a href=\"http:\/\/ingenieria.uach.cl\/index.php\/postgrado\/diplomado-en-eficiencia-energetica-y-calidad-ambiental-en-la-construccion\" target=\"_blank\" rel=\"noopener noreferrer\">Diplomado en Eficiencia Energ\u00e9tica y Calidad Ambiental<\/a><\/li>\n<\/ol>\n<div>\n<p><a href=\"http:\/\/www.ingenieria.uach.cl\/2-uncategorised\/8867-innoving.html\" target=\"_blank\" rel=\"noopener noreferrer\"><img decoding=\"async\" class=\"aligncenter size-full wp-image-10785\" src=\"https:\/\/www.acusticauach.cl\/wp-content\/uploads\/2012\/10\/banner-innovinguach.jpg\" alt=\"\" width=\"1000\" height=\"340\" srcset=\"https:\/\/www.acusticauach.cl\/wp-content\/uploads\/2012\/10\/banner-innovinguach.jpg 1000w, https:\/\/www.acusticauach.cl\/wp-content\/uploads\/2012\/10\/banner-innovinguach-300x102.jpg 300w, https:\/\/www.acusticauach.cl\/wp-content\/uploads\/2012\/10\/banner-innovinguach-768x261.jpg 768w, https:\/\/www.acusticauach.cl\/wp-content\/uploads\/2012\/10\/banner-innovinguach-700x238.jpg 700w, https:\/\/www.acusticauach.cl\/wp-content\/uploads\/2012\/10\/banner-innovinguach-500x170.jpg 500w\" sizes=\"(max-width: 1000px) 100vw, 1000px\" \/><\/a><\/p>\n<h5><strong>Innoving 2030<\/strong><\/h5>\n<\/div>\n<p>La Facultad de Ciencias de la Ingenier\u00eda de las UACh se adjudic\u00f3 un proyecto CORFO de seis a\u00f1os para el desarrollo de la ingenier\u00eda (2017), cuya misi\u00f3n es \u00abDesarrollar y promover la Experiencia InnovING en toda la FCI, poniendo a disposici\u00f3n instancias y herramientas para la investigaci\u00f3n, innovaci\u00f3n, desarrollo y emprendimiento, generando nuevos v\u00ednculos con actores claves del medio regional y nacional, y fortaleciendo la identidad de la Facultad.\u00bb<\/p>\n<p>Este proyecto est\u00e1 transformando la Facultad en su forma de desarrollar la docencia de pre y postgrado, con una renovada visi\u00f3n de la formaci\u00f3n en ingenier\u00eda y su vinculaci\u00f3n con la innovaci\u00f3n y el desarrollo en el pa\u00eds. M\u00e1s informaci\u00f3n en\u00a0<a href=\"http:\/\/www.ingenieria.uach.cl\/2-uncategorised\/8867-innoving.html\" target=\"_blank\" rel=\"noopener noreferrer\">http:\/\/www.ingenieria.uach.cl\/2-uncategorised\/8867-innoving.html\u00a0<\/a><\/p>\n<div><a href=\"https:\/\/www.acusticauach.cl\/?page_id=112\"><img decoding=\"async\" class=\"aligncenter size-full wp-image-10786\" src=\"https:\/\/www.acusticauach.cl\/wp-content\/uploads\/2012\/10\/Campus_Miraflores.jpg\" alt=\"\" width=\"900\" height=\"507\" srcset=\"https:\/\/www.acusticauach.cl\/wp-content\/uploads\/2012\/10\/Campus_Miraflores.jpg 900w, https:\/\/www.acusticauach.cl\/wp-content\/uploads\/2012\/10\/Campus_Miraflores-300x169.jpg 300w, https:\/\/www.acusticauach.cl\/wp-content\/uploads\/2012\/10\/Campus_Miraflores-768x433.jpg 768w, https:\/\/www.acusticauach.cl\/wp-content\/uploads\/2012\/10\/Campus_Miraflores-700x394.jpg 700w, https:\/\/www.acusticauach.cl\/wp-content\/uploads\/2012\/10\/Campus_Miraflores-500x282.jpg 500w\" sizes=\"(max-width: 900px) 100vw, 900px\" \/><\/a><\/div>\n<div>\n<h5><strong>Campus Miraflores<\/strong><\/h5>\n<p>La Facultad de Ciencias de la Ingenier\u00eda de la Universidad Austral de Chile se encuentra en un privilegiado lugar rodeado de naturaleza y con una hermosa vista hacia los r\u00edos de Valdivia.<\/p>\n<p>Ubicada en calle General Lagos 2086 se localiza el\u00a0<a title=\"Panor\u00e1mica del Campus\" href=\"https:\/\/www.acusticauach.cl\/?page_id=112\">Campus Miraflores<\/a>\u00a0uno de los 2 campus y 2 sedes que conforman la gran Universidad de la zona sur Austral de Chile.<\/p>\n<p><strong><a title=\"FCI\" href=\"http:\/\/ingenieria.uach.cl\/\" target=\"_blank\" rel=\"noopener noreferrer\">Visitar p\u00e1gina web de la Facultad de Ciencias de la Ingenier\u00eda<\/a><\/strong><\/p>\n<\/div>\n<div>\n<h5><strong>Revista 25 A\u00f1os FCI<\/strong><\/h5>\n<p>En la siguiente revista se recogen los or\u00edgenes de\u00a0la Facultad de Ciencias de la Ingenier\u00eda de la Universidad Austral de Chile, que naci\u00f3 a partir de la Escuela Industrial en 1934.<\/p>\n<\/div>\n<div class=\"issuuembed\" style=\"width: 525px; height: 340px;\" data-configid=\"2439625\/10655864\"><\/div>\n<p><script src=\"\/\/e.issuu.com\/embed.js\" async=\"true\" type=\"text\/javascript\"><\/script><\/p>\n","protected":false},"excerpt":{"rendered":"<p>Historia La Facultad de Ciencias de la Ingenier\u00eda de la UACh est\u00e1 ligada al desarrollo de la ciudad de Valdivia y de la Regi\u00f3n SurAustral desde sus or\u00edgenes en 1934 como sede de la Escuela de Artes y Oficios. Entre 1947 y 1980 funcion\u00f3 como Sede Valdivia dela Universidad T\u00e9cnica del Estado, adquiriendo independencia en [&hellip;]<\/p>\n","protected":false},"author":2,"featured_media":12040,"parent":0,"menu_order":0,"comment_status":"closed","ping_status":"closed","template":"","meta":{"footnotes":""},"class_list":["post-1558","page","type-page","status-publish","has-post-thumbnail","hentry"],"_links":{"self":[{"href":"https:\/\/www.acusticauach.cl\/index.php?rest_route=\/wp\/v2\/pages\/1558","targetHints":{"allow":["GET"]}}],"collection":[{"href":"https:\/\/www.acusticauach.cl\/index.php?rest_route=\/wp\/v2\/pages"}],"about":[{"href":"https:\/\/www.acusticauach.cl\/index.php?rest_route=\/wp\/v2\/types\/page"}],"author":[{"embeddable":true,"href":"https:\/\/www.acusticauach.cl\/index.php?rest_route=\/wp\/v2\/users\/2"}],"replies":[{"embeddable":true,"href":"https:\/\/www.acusticauach.cl\/index.php?rest_route=%2Fwp%2Fv2%2Fcomments&post=1558"}],"version-history":[{"count":0,"href":"https:\/\/www.acusticauach.cl\/index.php?rest_route=\/wp\/v2\/pages\/1558\/revisions"}],"wp:featuredmedia":[{"embeddable":true,"href":"https:\/\/www.acusticauach.cl\/index.php?rest_route=\/wp\/v2\/media\/12040"}],"wp:attachment":[{"href":"https:\/\/www.acusticauach.cl\/index.php?rest_route=%2Fwp%2Fv2%2Fmedia&parent=1558"}],"curies":[{"name":"wp","href":"https:\/\/api.w.org\/{rel}","templated":true}]}}