{"id":15174,"date":"2022-01-20T11:00:12","date_gmt":"2022-01-20T14:00:12","guid":{"rendered":"http:\/\/www.acusticauach.cl\/?page_id=15174"},"modified":"2026-03-17T21:28:48","modified_gmt":"2026-03-18T00:28:48","slug":"diacam-diplomado-en-acustica-ambiental-5","status":"publish","type":"page","link":"https:\/\/www.acusticauach.cl\/?page_id=15174","title":{"rendered":"DIACAM Diplomado en Ac\u00fastica Ambiental &#8211; Postulaciones 2026"},"content":{"rendered":"\n<h3 class=\"wp-block-heading\"><strong>Postulaciones abiertas hasta el d\u00eda martes 31 de marzo de 2026 (segundo llamado). <\/strong><\/h3>\n\n\n\n<p>Para su admisi\u00f3n definitiva en el programa se exigir\u00e1 el cumplimiento de la tramitaci\u00f3n de acuerdo con el reglamento de diplomados de la Universidad Austral de Chile, ingresando a la plataforma de postulaci\u00f3n a los programas de postgrado de la Universidad Austral de Chile <\/p>\n\n\n<div class=\"wp-block-image\">\n<figure class=\"aligncenter\"><a href=\"https:\/\/secure20.uach.cl\/Postgrado\/PostulacionAdmision\/PosBuscarPrograma.aspx\" target=\"_blank\" rel=\"noreferrer noopener\"><img decoding=\"async\" width=\"305\" height=\"110\" src=\"https:\/\/www.acusticauach.cl\/wp-content\/uploads\/2022\/01\/postulacion.png\" alt=\"\" class=\"wp-image-15193\" srcset=\"https:\/\/www.acusticauach.cl\/wp-content\/uploads\/2022\/01\/postulacion.png 305w, https:\/\/www.acusticauach.cl\/wp-content\/uploads\/2022\/01\/postulacion-300x108.png 300w, https:\/\/www.acusticauach.cl\/wp-content\/uploads\/2022\/01\/postulacion-125x45.png 125w, https:\/\/www.acusticauach.cl\/wp-content\/uploads\/2022\/01\/postulacion-75x27.png 75w\" sizes=\"(max-width: 305px) 100vw, 305px\" \/><\/a><figcaption class=\"wp-element-caption\"><a href=\"https:\/\/secure20.uach.cl\/Postgrado\/PostulacionAdmision\/PosBuscarPrograma.aspx\" target=\"_blank\" rel=\"noreferrer noopener\">https:\/\/secure20.uach.cl\/Postgrado\/PostulacionAdmision\/PosBuscarPrograma.aspx<\/a><\/figcaption><\/figure>\n<\/div>\n\n\n<p>La habilitaci\u00f3n de la postulaci\u00f3n Online para este nuevo programa est\u00e1 en tr\u00e1mite. Las consultas se podr\u00e1n realizar en:<\/p>\n\n\n\n<p class=\"has-very-light-gray-color has-text-color has-background has-medium-font-size\" style=\"background-color:#369da6\">Director del Programa: Dr. Enrique Su\u00e1rez &lt;enriquesuarez@uach.cl&gt;<\/p>\n\n\n\n<p class=\"has-very-light-gray-color has-text-color has-background has-medium-font-size\" style=\"background-color:#369da6\">Escuela de Graduados: Secretar\u00eda Sra. Carolina Llancam\u00e1n &lt;gradinge@uach.cl&gt;<\/p>\n\n\n<div class=\"wp-block-image\">\n<figure class=\"aligncenter size-large\"><img decoding=\"async\" width=\"1024\" height=\"1024\" src=\"https:\/\/www.acusticauach.cl\/wp-content\/uploads\/2024\/11\/Diplomado-1-Post-1024x1024.png\" alt=\"\" class=\"wp-image-16823\" srcset=\"https:\/\/www.acusticauach.cl\/wp-content\/uploads\/2024\/11\/Diplomado-1-Post-1024x1024.png 1024w, https:\/\/www.acusticauach.cl\/wp-content\/uploads\/2024\/11\/Diplomado-1-Post-300x300.png 300w, https:\/\/www.acusticauach.cl\/wp-content\/uploads\/2024\/11\/Diplomado-1-Post-150x150.png 150w, https:\/\/www.acusticauach.cl\/wp-content\/uploads\/2024\/11\/Diplomado-1-Post-768x768.png 768w, https:\/\/www.acusticauach.cl\/wp-content\/uploads\/2024\/11\/Diplomado-1-Post-125x125.png 125w, https:\/\/www.acusticauach.cl\/wp-content\/uploads\/2024\/11\/Diplomado-1-Post-75x75.png 75w, https:\/\/www.acusticauach.cl\/wp-content\/uploads\/2024\/11\/Diplomado-1-Post-540x540.png 540w, https:\/\/www.acusticauach.cl\/wp-content\/uploads\/2024\/11\/Diplomado-1-Post.png 1084w\" sizes=\"(max-width: 1024px) 100vw, 1024px\" \/><\/figure>\n<\/div>\n\n\n<h3 class=\"wp-block-heading\"><strong>Requisitos de Postulaci\u00f3n <\/strong><\/h3>\n\n\n\n<p>Para ser admitido\/a en el programa se exigir\u00e1 la\nposesi\u00f3n de un t\u00edtulo de t\u00e9cnico de nivel superior, t\u00e9cnico profesional,\nprofesional o grado acad\u00e9mico, o su equivalente calificado por la Direcci\u00f3n de\nEstudios de Postgrado de Postgrado de la Universidad Austral de Chile. Sin perjuicio de lo anterior, podr\u00e1n ingresar\nalumnos sin t\u00edtulo o grado, pero no recibir\u00e1n la certificaci\u00f3n respectiva\nmientras no satisfagan dichos requisitos.<\/p>\n\n\n\n<p>Otros requisitos: realizar evaluaci\u00f3n diagn\u00f3stica e inducci\u00f3n tecnol\u00f3gica a la plataforma MOODLE (SiveducMD), manejo b\u00e1sico de office e internet, PC con 2GB RAM\/Acrobat Reader \/Acceso a Internet.<\/p>\n\n\n\n<p>Durante este per\u00edodo el (la) postulante deber\u00e1 presentar la solicitud de postulaci\u00f3n:<br>\no    Curr\u00edculum Actualizado<br>\no    Carta motivaci\u00f3n<br>\no    Certificado de t\u00edtulo o de estudios<br>\no    Fotocopia de la c\u00e9dula de identidad. <\/p>\n\n\n\n<p>Cerrado el per\u00edodo de postulaci\u00f3n, el Comit\u00e9 de Programa proceder\u00e1 a enviar a la Escuela de Graduados de la Facultad Ciencias de la Ingenier\u00eda la propuesta de Resoluci\u00f3n, con la finalidad de que sea ratificada o enmendada por esta instancia.  Una vez emitida la Resoluci\u00f3n, los postulantes proceder\u00e1n a formalizar la matr\u00edcula, la cual les posibilitar\u00e1 adquirir la condici\u00f3n de estudiantes. <\/p>\n\n\n\n<h3 class=\"wp-block-heading\"><strong>Cupos<\/strong><\/h3>\n\n\n\n<p>El programa se desarrollar\u00e1 con un m\u00ednimo de 10 estudiantes y un m\u00e1ximo de 30. <\/p>\n\n\n\n<h3 class=\"wp-block-heading\"><strong>Informaci\u00f3n<\/strong><\/h3>\n\n\n\n<ul class=\"wp-block-list\">\n<li><strong>Fecha Inicio:<\/strong>&nbsp;Abril\/Mayo de 2026<\/li>\n\n\n\n<li><strong>Duraci\u00f3n:<\/strong>&nbsp;164 horas pedag\u00f3gicas, aproximadamente 6 meses<\/li>\n\n\n\n<li><strong>Horarios:<\/strong>&nbsp;Clases en vivo martes y jueves (19:00 a 20:00h), s\u00e1bado 09:30 a 11:30h. Todas las sesiones quedan grabadas y se pueden ver con posterioridad. <\/li>\n\n\n\n<li><strong>Lugar de Realizaci\u00f3n:<\/strong>&nbsp;Latinoam\u00e9rica<\/li>\n\n\n\n<li><strong>Modalidad:<\/strong>&nbsp;100% Online, clases sincr\u00f3nicas y requisito de asistencia m\u00ednima.<\/li>\n\n\n\n<li><strong>\u00c1rea:<\/strong>&nbsp;Medio Ambiente, Ac\u00fastica<\/li>\n\n\n\n<li><strong>Fechas de Postulaci\u00f3n:<\/strong> A\u00fan hay vacantes, disponible postulaci\u00f3n hasta el 31 de marzo de 2025.  <\/li>\n<\/ul>\n\n\n\n<h3 class=\"wp-block-heading\"><strong>Costos (valores 2026):<\/strong><\/h3>\n\n\n\n<figure class=\"wp-block-table aligncenter is-style-stripes\"><table><tbody><tr><td><em>   &nbsp;   <\/em><\/td><td>   <strong>Pesos Chilenos   <\/strong><\/td><td>   <strong>D\u00f3lares US<\/strong> *<\/td><\/tr><tr><td><strong>Matr\u00edcula <\/strong>(valor 2026)<\/td><td>$53.000.-<\/td><td>USD 57<\/td><\/tr><tr><td><strong>Arancel Programa <\/strong> (valor 2026)<\/td><td>$1.663.000- <\/td><td>USD 1796 <\/td><\/tr><tr><td>  <strong> <\/strong><\/td><td><\/td><td><\/td><\/tr><tr><td>NOTAS<br> *: Valor d\u00f3lar debe calcularse en momento de pago, estos valores son solamente referenciales.<\/td><td><\/td><td><\/td><\/tr><\/tbody><\/table><\/figure>\n\n\n\n<p><\/p>\n","protected":false},"excerpt":{"rendered":"<p>Postulaciones abiertas hasta el d\u00eda martes 31 de marzo de 2026 (segundo llamado). Para su admisi\u00f3n definitiva en el programa se exigir\u00e1 el cumplimiento de la tramitaci\u00f3n de acuerdo con el reglamento de diplomados de la Universidad Austral de Chile, ingresando a la plataforma de postulaci\u00f3n a los programas de postgrado de la Universidad Austral [&hellip;]<\/p>\n","protected":false},"author":2,"featured_media":16252,"parent":0,"menu_order":0,"comment_status":"closed","ping_status":"closed","template":"","meta":{"footnotes":""},"class_list":["post-15174","page","type-page","status-publish","has-post-thumbnail","hentry"],"_links":{"self":[{"href":"https:\/\/www.acusticauach.cl\/index.php?rest_route=\/wp\/v2\/pages\/15174","targetHints":{"allow":["GET"]}}],"collection":[{"href":"https:\/\/www.acusticauach.cl\/index.php?rest_route=\/wp\/v2\/pages"}],"about":[{"href":"https:\/\/www.acusticauach.cl\/index.php?rest_route=\/wp\/v2\/types\/page"}],"author":[{"embeddable":true,"href":"https:\/\/www.acusticauach.cl\/index.php?rest_route=\/wp\/v2\/users\/2"}],"replies":[{"embeddable":true,"href":"https:\/\/www.acusticauach.cl\/index.php?rest_route=%2Fwp%2Fv2%2Fcomments&post=15174"}],"version-history":[{"count":4,"href":"https:\/\/www.acusticauach.cl\/index.php?rest_route=\/wp\/v2\/pages\/15174\/revisions"}],"predecessor-version":[{"id":17420,"href":"https:\/\/www.acusticauach.cl\/index.php?rest_route=\/wp\/v2\/pages\/15174\/revisions\/17420"}],"wp:featuredmedia":[{"embeddable":true,"href":"https:\/\/www.acusticauach.cl\/index.php?rest_route=\/wp\/v2\/media\/16252"}],"wp:attachment":[{"href":"https:\/\/www.acusticauach.cl\/index.php?rest_route=%2Fwp%2Fv2%2Fmedia&parent=15174"}],"curies":[{"name":"wp","href":"https:\/\/api.w.org\/{rel}","templated":true}]}}