{"id":15113,"date":"2022-01-19T22:14:22","date_gmt":"2022-01-20T01:14:22","guid":{"rendered":"http:\/\/www.acusticauach.cl\/?page_id=15113"},"modified":"2023-11-21T23:37:43","modified_gmt":"2023-11-22T02:37:43","slug":"diacam-diplomado-en-acustica-ambiental-2","status":"publish","type":"page","link":"https:\/\/www.acusticauach.cl\/?page_id=15113","title":{"rendered":"DIACAM Diplomado en Ac\u00fastica Ambiental &#8211; Estructura"},"content":{"rendered":"\n<h2 class=\"wp-block-heading\"><strong>Estructura<\/strong><\/h2>\n\n\n\n<p>El Programa consta de 4 m\u00f3dulos que se dictan en forma sucesiva, con un\ntotal de 164 horas pedag\u00f3gicas. \n\nEn la siguiente tabla se identifican los m\u00f3dulos\ndel Diplomado y se indica la cantidad de horas pedag\u00f3gicas y su distribuci\u00f3n\nseg\u00fan modalidades. \n\n\n\n<\/p>\n\n\n\n<figure class=\"wp-block-table is-style-stripes\"><table><tbody><tr><td>\n  <strong>N\u00ba<\/strong>\n  <\/td><td>\n  <strong>M\u00d3DULO<\/strong>\n  <\/td><td>\n  <strong>HORAS\n  TE\u00d3RICAS PRESENCIALES VIRTUALES (SINCR\u00d3NICAS)<\/strong>\n  <\/td><td>\n  <strong>HORAS\n  PR\u00c1CTICAS PRESENCIALES VIRTUALES <\/strong>\n  <strong>(SINCR\u00d3NICAS)<\/strong>\n  <\/td><td>\n  <strong>HORAS\n  TRABAJO AUT\u00d3NOMO<\/strong>\n  <\/td><\/tr><tr><td>\n  <strong>0<\/strong>\n  <\/td><td>\n  Introducci\u00f3n Diplomado y Plataforma\n  <\/td><td>\n  2\n  <\/td><td>\n  2\n  <\/td><td>\n  0\n  <\/td><\/tr><tr><td>\n  <strong>1<\/strong>\n  <\/td><td>\n  Principios de Ac\u00fastica Ambiental\n  <\/td><td>\n  10\n  <\/td><td>\n  10\n  <\/td><td>\n  20\n  <\/td><\/tr><tr><td>\n  <strong>2<\/strong>\n  <\/td><td>\n  Normativa en Ac\u00fastica Ambiental\n  <\/td><td>\n  10\n  <\/td><td>\n  10\n  <\/td><td>\n  20\n  <\/td><\/tr><tr><td>\n  <strong>3<\/strong>\n  <\/td><td>\n  T\u00e9cnicas de Control de Ruido Ambiental\n  <\/td><td>\n  10\n  <\/td><td>\n  10\n  <\/td><td>\n  20\n  <\/td><\/tr><tr><td>\n  <strong>4<\/strong>\n  <\/td><td>\n  Mediciones y Modelaciones en Ac\u00fastica Ambiental\n  <\/td><td>\n  10\n  <\/td><td>\n  10\n  <\/td><td>\n  20\n  <\/td><\/tr><tr><td>\n  <strong>HORAS\n  TOTALES POR MODALIDAD<\/strong>\n  <\/td><td>\n  42\n  <\/td><td>\n  42\n  <\/td><td>\n  80\n  <\/td><\/tr><tr><td>\n  <strong>HORAS\n  TOTALES DEL DIPLOMADO<\/strong>\n  <\/td><td>\n  164\n  <\/td><\/tr><\/tbody><\/table><\/figure>\n\n\n\n<h2 class=\"wp-block-heading\"><strong>Metodolog\u00eda <\/strong><\/h2>\n\n\n\n<p>El Diplomado se realizar\u00e1 con modalidad e-learning y clases en Online. Cada m\u00f3dulo contempla horas de trabajo en la Plataforma, incluyendo asistencia a clases y pr\u00e1cticas sincr\u00f3nicas v\u00eda videoconferencia, visualizaci\u00f3n de videos y animaciones, participaci\u00f3n en foros de discusi\u00f3n, comunicaci\u00f3n con profesores, realizaci\u00f3n de pruebas, etc., y horas de trabajo aut\u00f3nomo asociado a revisi\u00f3n de material alojado en la Plataforma, lecturas, videos, presentaciones, etc., y la realizaci\u00f3n de trabajos de investigaci\u00f3n y aplicaci\u00f3n en las tem\u00e1ticas de los m\u00f3dulos.&nbsp; La plataforma ser\u00e1 accesible por Internet con una navegaci\u00f3n sencilla, que incorpora variadas funciones.<\/p>\n\n\n\n<p>El proceso de aprendizaje combinar\u00e1 los\nsiguientes enfoques:&nbsp; <\/p>\n\n\n\n<ul class=\"wp-block-list\">\n<li><strong>CLASES ONLINE<\/strong>: Clases expositivas realizadas por videoconferencia a trav\u00e9s de la plataforma ZOOM, Esto implica que es posible conectarse desde donde se encuentre, s\u00f3lo requiere un computador, u otro dispositivo con conexi\u00f3n a internet. Podr\u00e1 realizar preguntas y comentar con el profesor y los compa\u00f1eros de clase. Las clases quedar\u00e1n grabadas para su posterior consulta durante el curso, de manera exclusiva para los estudiantes de este.<\/li>\n\n\n\n<li><strong>ACOMPA\u00d1AMIENTO DE PROFESORES COLABORADORES<\/strong>: cada m\u00f3dulo tiene un profesor responsable y un colaborador, quien participa de clases pr\u00e1cticas y otros medios para resolver consultas.<\/li>\n\n\n\n<li><strong>MATERIAL BIBLIOGR\u00c1FICO<\/strong>: bibliograf\u00eda seleccionada y sistematizada para todas las materias de cada m\u00f3dulo, disponible en la plataforma en l\u00ednea.<\/li>\n\n\n\n<li><strong>APRENDIZAJE INTERACTIVO<\/strong>: cada m\u00f3dulo tiene rutas de aprendizaje con cuestionarios online para un seguimiento continuo del proceso educativo. La plataforma virtual Moodle (SiveducMD) incluir\u00e1 el calendario de actividades, clases en video, material bibliogr\u00e1fico, sistema de publicaci\u00f3n de trabajos de fin de curso, etc.<\/li>\n<\/ul>\n\n\n\n<p>El Diplomado se realizar\u00e1 con modalidad\ne-learning, y combinar\u00e1 dos enfoques globales de aprendizaje:&nbsp; <\/p>\n\n\n\n<ul class=\"wp-block-list\">\n<li><strong>Aprendizaje dirigido y facilitado por un\ndocente.<\/strong> Se\ndesarrollar\u00e1 un programa de estudios lineal, donde cada m\u00f3dulo es programado y\ndirigido por un Profesor Responsable y un Profesor Colaborador a trav\u00e9s de la\nPlataforma. Los contenidos e-learning para estudio individual ser\u00e1n integrados\nen las clases de los profesores, en trabajos individuales y actividades\ncolaborativas entre los estudiantes. Los estudiantes y profesores utilizar\u00e1n\nherramientas de comunicaci\u00f3n como e-mails, foros de discusi\u00f3n, chats, encuestas\ny videoconferencias para comunicarse entre s\u00ed y el trabajo conjunto. <\/li>\n<\/ul>\n\n\n\n<ul class=\"wp-block-list\">\n<li> <strong>Aprendizaje Aut\u00f3nomo.<\/strong> A los estudiantes se les ofrecer\u00e1 material pedag\u00f3gico e-learning, que ser\u00e1 complementado con recursos adicionales y evaluaciones. El material del curso ser\u00e1 almacenado en la Plataforma Virtual (SiveducMD) de la Universidad Austral de Chile, la cual est\u00e1 basada en el sistema Moodle. Los estudiantes revisar\u00e1n este material a su propio ritmo y definir\u00e1n las rutas de aprendizaje personal en funci\u00f3n de sus propias necesidades e intereses. Los contenidos para el e-learning son desarrollados en funci\u00f3n de un conjunto de objetivos de aprendizaje y se entregan a trav\u00e9s de diversos elementos y medios, como textos, gr\u00e1ficos, audio y video. . <\/li>\n<\/ul>\n\n\n\n<h2 class=\"wp-block-heading\"><strong>Descripci\u00f3n de los M\u00f3dulos <\/strong><\/h2>\n\n\n\n<p>La metodolog\u00eda del Diplomado es 100% online, con clases por videoconferencia. Se utilizar\u00e1 una plataforma de aprendizaje basada en Moodle (SiveducMD), que permite a los estudiantes interactuar con sus profesores, tutores y otros participantes de cada curso.  Las evaluaciones se realizar\u00e1n mediante la aplicaci\u00f3n y correcci\u00f3n de pruebas parciales y trabajos aut\u00f3nomos, donde se podr\u00e1n incorporar intereses y necesidades individuales de los estudiantes, por ejemplo, aplicaci\u00f3n de normativa internacional o de otros pa\u00edses diferentes a Chile. <\/p>\n\n\n\n<h4 class=\"wp-block-heading\"><strong>M\u00f3dulo 0. &nbsp; Introducci\u00f3n al Diplomado y a la Plataforma <\/strong><\/h4>\n\n\n\n<p>M\u00f3dulo orientado a entregar antecedentes\ngenerales del programa y la informaci\u00f3n necesaria para el uso de las\nherramientas de las plataformas virtuales que ser\u00e1n utilizadas en las sesiones\ny actividades desarrolladas de manera remota.<\/p>\n\n\n\n<h4 class=\"wp-block-heading\"><strong>M\u00f3dulo 1.     Principios de Ac\u00fastica Ambiental<\/strong><\/h4>\n\n\n\n<p>M\u00f3dulo que aborda el ruido como riesgo para la salud y el medio ambiente, fuentes de ruido ambiental y c\u00f3mo se eval\u00faan, propagaci\u00f3n de ruido en exteriores, descriptores de ruido ambiental. <\/p>\n\n\n\n<h4 class=\"wp-block-heading\"><strong>M\u00f3dulo 2.     Normativa en Ac\u00fastica Ambiental<\/strong><\/h4>\n\n\n\n<p>M\u00f3dulo orientado a entregar los Principios Jur\u00eddicos Generales, Derecho Constitucional a Vivir en un Medio Ambiente Libre de Contaminaci\u00f3n, Concepto de Medio Ambiente Sonoro, Normas de Calidad Ambiental, Normas de Emisi\u00f3n, Planes de Prevenci\u00f3n y Descontaminaci\u00f3n, Sistema de Evaluaci\u00f3n de Impacto Ambiental, Evaluaci\u00f3n Ambiental Estrat\u00e9gica, Superintendencia del Medio Ambiente, Ordenanzas Municipales, Normativa de Salud, Normativa de Construcci\u00f3n y Ordenamiento Territorial.<\/p>\n\n\n\n<h4 class=\"wp-block-heading\"><strong>M\u00f3dulo 3.    T\u00e9cnicas de Control de Ruido Ambiental<\/strong><\/h4>\n\n\n\n<p>M\u00f3dulo orientado a los principios del control de ruido: fuente, medio de transmisi\u00f3n y receptor, y las principales medidas de mitigaci\u00f3n y dise\u00f1o de alternativas para el control de ruido ambiental. Por ejemplo, control de ruido en fachadas, barreras ac\u00fasticas, control en medios de transporte, control de ruido en ciudades, etc.<\/p>\n\n\n\n<h4 class=\"wp-block-heading\"><strong>M\u00f3dulo 4.    Mediciones y Modelaciones en Ac\u00fastica Ambiental <\/strong><\/h4>\n\n\n\n<p>M\u00f3dulo que aborda los conceptos relacionados con la medici\u00f3n de ruido ambiental y propiedades ac\u00fasticas, e interpretaci\u00f3n de mediciones de terreno. Adem\u00e1s, estimaci\u00f3n de niveles de ruido utilizando software con \u00e9nfasis en modelaci\u00f3n de ruido de construcci\u00f3n y tr\u00e1nsito vehicular.<\/p>\n\n\n\n<h3 class=\"wp-block-heading\"><strong>Evaluaci\u00f3n y Aprobaci\u00f3n de Actividades y M\u00f3dulos  <\/strong><\/h3>\n\n\n\n<p>Para ser admitido\/a en el programa se exigir\u00e1 la posesi\u00f3n de un t\u00edtulo de t\u00e9cnico de nivel superior, t\u00e9cnico profesional, profesional o grado acad\u00e9mico, o su equivalente calificado por la Direcci\u00f3n de Estudios de Postgrado de Postgrado de la Universidad Austral de Chile. Sin perjuicio de lo anterior, podr\u00e1n ingresar alumnos sin t\u00edtulo o grado, pero no recibir\u00e1n la certificaci\u00f3n respectiva mientras no satisfagan dichos requisitos.<\/p>\n\n\n\n<ol class=\"wp-block-list\">\n<li>Para calificar se utilizar\u00e1n instrumentos tales\ncomo pruebas, trabajos de investigaci\u00f3n, estudios de casos, exposiciones\norales, portafolios. <\/li>\n\n\n\n<li>La nota m\u00ednima de aprobaci\u00f3n del diplomado ser\u00e1\n4,0 (cuatro, cero), y un requisito m\u00ednimo de 50% de asistencia a actividades\nsincr\u00f3nicas.<\/li>\n\n\n\n<li>Cada M\u00f3dulo tendr\u00e1 una evaluaci\u00f3n final. El\npromedio aritm\u00e9tico ponderado del conjunto de evaluaciones parciales deber\u00e1 dar\ncomo resultado el 100%, que corresponder\u00e1 a la nota final.&nbsp; <\/li>\n\n\n\n<li>Al no alcanzarse la nota m\u00ednima de aprobaci\u00f3n final,\nel M\u00f3dulo se considerar\u00e1 reprobado. <\/li>\n<\/ol>\n\n\n<div class=\"wp-block-image\">\n<figure class=\"aligncenter\"><a href=\"https:\/\/secure12.uach.cl\/Postgrado\/PostulacionAdmision\/\" target=\"_blank\" rel=\"noreferrer noopener\"><img decoding=\"async\" width=\"305\" height=\"110\" src=\"https:\/\/www.acusticauach.cl\/wp-content\/uploads\/2022\/01\/postulacion.png\" alt=\"\" class=\"wp-image-15193\" srcset=\"https:\/\/www.acusticauach.cl\/wp-content\/uploads\/2022\/01\/postulacion.png 305w, https:\/\/www.acusticauach.cl\/wp-content\/uploads\/2022\/01\/postulacion-300x108.png 300w, https:\/\/www.acusticauach.cl\/wp-content\/uploads\/2022\/01\/postulacion-125x45.png 125w, https:\/\/www.acusticauach.cl\/wp-content\/uploads\/2022\/01\/postulacion-75x27.png 75w\" sizes=\"(max-width: 305px) 100vw, 305px\" \/><\/a><figcaption class=\"wp-element-caption\"><a href=\"https:\/\/secure20.uach.cl\/Postgrado\/PostulacionAdmision\/PosBuscarPrograma.aspx\" target=\"_blank\" rel=\"noreferrer noopener\">https:\/\/secure20.uach.cl\/Postgrado\/PostulacionAdmision\/PosBuscarPrograma.aspx<\/a><\/figcaption><\/figure>\n<\/div>","protected":false},"excerpt":{"rendered":"<p>Estructura El Programa consta de 4 m\u00f3dulos que se dictan en forma sucesiva, con un total de 164 horas pedag\u00f3gicas. En la siguiente tabla se identifican los m\u00f3dulos del Diplomado y se indica la cantidad de horas pedag\u00f3gicas y su distribuci\u00f3n seg\u00fan modalidades. N\u00ba M\u00d3DULO HORAS TE\u00d3RICAS PRESENCIALES VIRTUALES (SINCR\u00d3NICAS) HORAS PR\u00c1CTICAS PRESENCIALES VIRTUALES (SINCR\u00d3NICAS) [&hellip;]<\/p>\n","protected":false},"author":2,"featured_media":16254,"parent":0,"menu_order":0,"comment_status":"closed","ping_status":"closed","template":"","meta":{"footnotes":""},"class_list":["post-15113","page","type-page","status-publish","has-post-thumbnail","hentry"],"_links":{"self":[{"href":"https:\/\/www.acusticauach.cl\/index.php?rest_route=\/wp\/v2\/pages\/15113","targetHints":{"allow":["GET"]}}],"collection":[{"href":"https:\/\/www.acusticauach.cl\/index.php?rest_route=\/wp\/v2\/pages"}],"about":[{"href":"https:\/\/www.acusticauach.cl\/index.php?rest_route=\/wp\/v2\/types\/page"}],"author":[{"embeddable":true,"href":"https:\/\/www.acusticauach.cl\/index.php?rest_route=\/wp\/v2\/users\/2"}],"replies":[{"embeddable":true,"href":"https:\/\/www.acusticauach.cl\/index.php?rest_route=%2Fwp%2Fv2%2Fcomments&post=15113"}],"version-history":[{"count":0,"href":"https:\/\/www.acusticauach.cl\/index.php?rest_route=\/wp\/v2\/pages\/15113\/revisions"}],"wp:featuredmedia":[{"embeddable":true,"href":"https:\/\/www.acusticauach.cl\/index.php?rest_route=\/wp\/v2\/media\/16254"}],"wp:attachment":[{"href":"https:\/\/www.acusticauach.cl\/index.php?rest_route=%2Fwp%2Fv2%2Fmedia&parent=15113"}],"curies":[{"name":"wp","href":"https:\/\/api.w.org\/{rel}","templated":true}]}}