{"id":15087,"date":"2022-01-11T16:25:57","date_gmt":"2022-01-11T19:25:57","guid":{"rendered":"http:\/\/www.acusticauach.cl\/?page_id=15087"},"modified":"2026-03-02T17:54:30","modified_gmt":"2026-03-02T20:54:30","slug":"diacam-diplomado-en-acustica-ambiental","status":"publish","type":"page","link":"https:\/\/www.acusticauach.cl\/?page_id=15087","title":{"rendered":"DIACAM Diplomado en Ac\u00fastica Ambiental &#8211; Descripci\u00f3n"},"content":{"rendered":"\n<figure class=\"wp-block-embed is-type-video is-provider-youtube wp-block-embed-youtube wp-embed-aspect-16-9 wp-has-aspect-ratio\"><div class=\"wp-block-embed__wrapper\">\n<iframe title=\"diacam 2026\" width=\"1200\" height=\"675\" src=\"https:\/\/www.youtube.com\/embed\/YavZ1GUQgCY?feature=oembed\" frameborder=\"0\" allow=\"accelerometer; autoplay; clipboard-write; encrypted-media; gyroscope; picture-in-picture; web-share\" referrerpolicy=\"strict-origin-when-cross-origin\" allowfullscreen><\/iframe>\n<\/div><\/figure>\n\n\n\n<h3 class=\"wp-block-heading\"><strong>Descripci\u00f3n<\/strong><\/h3>\n\n\n\n<p>La ac\u00fastica ambiental es uno de los componentes\nrelevantes en la evaluaci\u00f3n ambiental de proyectos de inversi\u00f3n, planificaci\u00f3n\nurbana y gesti\u00f3n ambiental. Actualmente m\u00e1s del 50% de las denuncias que recibe\nla Superintendencia de Medio Ambiente en Chile son generadas por ruido\nambiental. <\/p>\n\n\n<div class=\"wp-block-image\">\n<figure class=\"aligncenter size-full\"><a href=\"https:\/\/secure20.uach.cl\/Postgrado\/PostulacionAdmision\/PosBuscarPrograma.aspx\" target=\"_blank\" rel=\" noreferrer noopener\"><img decoding=\"async\" width=\"305\" height=\"110\" src=\"https:\/\/www.acusticauach.cl\/wp-content\/uploads\/2022\/01\/postulacion.png\" alt=\"\" class=\"wp-image-15193\" srcset=\"https:\/\/www.acusticauach.cl\/wp-content\/uploads\/2022\/01\/postulacion.png 305w, https:\/\/www.acusticauach.cl\/wp-content\/uploads\/2022\/01\/postulacion-300x108.png 300w, https:\/\/www.acusticauach.cl\/wp-content\/uploads\/2022\/01\/postulacion-125x45.png 125w, https:\/\/www.acusticauach.cl\/wp-content\/uploads\/2022\/01\/postulacion-75x27.png 75w\" sizes=\"(max-width: 305px) 100vw, 305px\" \/><\/a><\/figure>\n<\/div>\n\n\n<p class=\"has-text-align-center\"><a href=\"https:\/\/secure20.uach.cl\/Postgrado\/PostulacionAdmision\/PosBuscarPrograma.aspx\" target=\"_blank\" rel=\"noreferrer noopener\">https:\/\/secure20.uach.cl\/Postgrado\/PostulacionAdmision\/PosBuscarPrograma.aspx<\/a><\/p>\n\n\n\n<p>En los procesos de evaluaci\u00f3n ambiental de\nproyectos, todos los Estudios y Declaraciones de Impacto Ambiental incluyen un\nestudio de impacto ac\u00fastico de la componente ruido ambiental. En tales an\u00e1lisis\nse incorporan las distintas etapas de un proyecto: construcci\u00f3n, operaci\u00f3n y\nabandono. Es claro que el proceso constructivo, de por s\u00ed, es potencialmente\nruidos, y de esta manera, adem\u00e1s de los procesos de fiscalizaci\u00f3n por\ndenuncias, de los planes de seguimiento ambiental y de los planes de monitoreo\nambiental, la incorporaci\u00f3n de estudios de impacto ac\u00fasticos en todos los proyectos\ndemanda un nivel de capacitaci\u00f3n bastante extendido en el rubro ambiental. Es\nnecesario ante este tipo de se\u00f1ales, establecer mecanismos apropiados de\ngesti\u00f3n ambiental, que permitan aportar a un medio ambiente sonoro m\u00e1s sano.<\/p>\n\n\n<div class=\"wp-block-image\">\n<figure class=\"aligncenter size-full\"><img decoding=\"async\" width=\"1084\" height=\"1084\" src=\"https:\/\/www.acusticauach.cl\/wp-content\/uploads\/2024\/11\/Diplomado-1-Post.png\" alt=\"\" class=\"wp-image-16823\" srcset=\"https:\/\/www.acusticauach.cl\/wp-content\/uploads\/2024\/11\/Diplomado-1-Post.png 1084w, https:\/\/www.acusticauach.cl\/wp-content\/uploads\/2024\/11\/Diplomado-1-Post-300x300.png 300w, https:\/\/www.acusticauach.cl\/wp-content\/uploads\/2024\/11\/Diplomado-1-Post-1024x1024.png 1024w, https:\/\/www.acusticauach.cl\/wp-content\/uploads\/2024\/11\/Diplomado-1-Post-150x150.png 150w, https:\/\/www.acusticauach.cl\/wp-content\/uploads\/2024\/11\/Diplomado-1-Post-768x768.png 768w, https:\/\/www.acusticauach.cl\/wp-content\/uploads\/2024\/11\/Diplomado-1-Post-125x125.png 125w, https:\/\/www.acusticauach.cl\/wp-content\/uploads\/2024\/11\/Diplomado-1-Post-75x75.png 75w, https:\/\/www.acusticauach.cl\/wp-content\/uploads\/2024\/11\/Diplomado-1-Post-540x540.png 540w\" sizes=\"(max-width: 1084px) 100vw, 1084px\" \/><figcaption class=\"wp-element-caption\"><a href=\"https:\/\/secure20.uach.cl\/Postgrado\/PostulacionAdmision\/PosBuscarPrograma.aspx\" target=\"_blank\" rel=\"noreferrer noopener\">https:\/\/secure20.uach.cl\/Postgrado\/PostulacionAdmision\/PosBuscarPrograma.aspx<\/a><\/figcaption><\/figure>\n<\/div>\n\n\n<h3 class=\"wp-block-heading\"><strong>A qui\u00e9n est\u00e1 dirigido<\/strong><\/h3>\n\n\n\n<p>El Diplomado en Ac\u00fastica Ambiental DIACAM ofrece capacitaci\u00f3n orientada a la gesti\u00f3n y evaluaci\u00f3n en ac\u00fastica ambiental, apoyando labores al interior de una empresa, consultor\u00eda, organizaci\u00f3n, y \u00d3rganos de la Administraci\u00f3n del Estado, por ejemplo. <\/p>\n\n\n\n<p>Est\u00e1 especialmente dirigido a profesionales,\nt\u00e9cnicos profesionales o personas que se desempe\u00f1en en el sector p\u00fablico\n(ministerios, gobiernos regionales, municipios), en el \u00e1rea privada\n(consultores, empresarios, arquitectos, ingenieros, economistas, consultores,\nplanificadores), en el \u00e1mbito acad\u00e9mico (profesores, ayudantes y estudiantes)\nde universidades p\u00fablicas y privadas, en organizaciones ciudadanas u organismos\nno gubernamentales.<\/p>\n\n\n\n<p>El DIACAM es un programa especializado que entrega los conocimientos que permitir\u00e1n entender el origen de los problemas ac\u00fasticos ambientales, su tratamiento normativo, las formas habituales de control de ruido ambiental, y los procesos de evaluaci\u00f3n ambiental de los mismos. Se trata de un programa \u00fanico en Chile, y sin equivalentes a nivel Latinoamericano.<\/p>\n\n\n\n<p>Este programa de Diplomado est\u00e1 vinculado con las actividades del <a href=\"https:\/\/www.acusticauach.cl\/?page_id=13666\">Laboratorio de Ac\u00fastica Ambiental LABACAM<\/a> del Instituto de Ac\u00fastica de la Facultad de Ciencias de la Ingenier\u00eda de la UACh.<\/p>\n\n\n<div class=\"wp-block-image\">\n<figure class=\"aligncenter\"><a href=\"https:\/\/www.acusticauach.cl\/?page_id=13666\"><img decoding=\"async\" width=\"400\" height=\"141\" src=\"https:\/\/www.acusticauach.cl\/wp-content\/uploads\/2020\/12\/LABACAM_400x141.png\" alt=\"\" class=\"wp-image-14083\" srcset=\"https:\/\/www.acusticauach.cl\/wp-content\/uploads\/2020\/12\/LABACAM_400x141.png 400w, https:\/\/www.acusticauach.cl\/wp-content\/uploads\/2020\/12\/LABACAM_400x141-300x106.png 300w, https:\/\/www.acusticauach.cl\/wp-content\/uploads\/2020\/12\/LABACAM_400x141-125x44.png 125w, https:\/\/www.acusticauach.cl\/wp-content\/uploads\/2020\/12\/LABACAM_400x141-75x26.png 75w\" sizes=\"(max-width: 400px) 100vw, 400px\" \/><\/a><figcaption class=\"wp-element-caption\"><a href=\"https:\/\/www.acusticauach.cl\/?page_id=13666\">LABACAM<\/a><\/figcaption><\/figure>\n<\/div>\n\n\n<h3 class=\"wp-block-heading\"><strong>Objetivos<\/strong><\/h3>\n\n\n\n<h4 class=\"wp-block-heading\">Objetivo General <\/h4>\n\n\n\n<p>Capacitar a los estudiantes en materias espec\u00edficas de ac\u00fastica ambiental, que le permitan entender los principios asociados a la contaminaci\u00f3n ac\u00fastica, los fundamentos te\u00f3ricos de control y evaluaci\u00f3n, el marco de la regulaci\u00f3n y gesti\u00f3n ambiental en control de ruido.<\/p>\n\n\n\n<h4 class=\"wp-block-heading\">Objetivos Espec\u00edficos <\/h4>\n\n\n\n<p>o    Conocer las causas de la contaminaci\u00f3n ac\u00fastica, sus caracter\u00edsticas f\u00edsicas y subjetivas, y las consecuencias para la salud de las personas y el medio ambiente.<br>\no    Comprender y aplicar al caso concreto la normativa nacional empleada en la gesti\u00f3n ambiental del ruido.<br>\no    Identificar t\u00e9cnicas de control de ruido ambiental, reconociendo sus fundamentos te\u00f3ricos, su comportamiento f\u00edsico y resultados esperables.<br>\no    Identificar t\u00e9cnicas de registro, medici\u00f3n y modelaci\u00f3n de ruido ambiental, reconociendo sus alcances y limitaciones.<\/p>\n\n\n\n<h3 class=\"wp-block-heading\"><strong>Metodolog\u00eda<\/strong><\/h3>\n\n\n\n<p>La metodolog\u00eda del Diplomado es 100% online, con clases por videoconferencia. Se utilizar\u00e1 una plataforma de aprendizaje basada en Moodle (SiveducMD), que permite a los estudiantes interactuar con sus profesores, tutores y otros participantes de cada curso.  Las evaluaciones se realizar\u00e1n mediante la aplicaci\u00f3n y correcci\u00f3n de pruebas parciales y trabajos aut\u00f3nomos, donde se podr\u00e1n incorporar intereses y necesidades individuales de los estudiantes, por ejemplo, aplicaci\u00f3n de normativa internacional o de otros pa\u00edses diferentes a Chile. <\/p>\n\n\n\n<p>El programa incluir\u00e1 problemas en ac\u00fastica\nambiental, estudios de casos, an\u00e1lisis de estrategias de control de ruido, y\nlas consecuencias sociales de estas medidas.<\/p>\n\n\n\n<h3 class=\"wp-block-heading\"><strong>Requisitos de Postulaci\u00f3n <\/strong><\/h3>\n\n\n\n<p>Para ser admitido\/a en el programa se exigir\u00e1 la\nposesi\u00f3n de un t\u00edtulo de t\u00e9cnico de nivel superior, t\u00e9cnico profesional,\nprofesional o grado acad\u00e9mico, o su equivalente calificado por la Direcci\u00f3n de\nEstudios de Postgrado de Postgrado de la Universidad Austral de Chile. Sin perjuicio de lo anterior, podr\u00e1n ingresar\nalumnos sin t\u00edtulo o grado, pero no recibir\u00e1n la certificaci\u00f3n respectiva\nmientras no satisfagan dichos requisitos.<\/p>\n\n\n\n<p>Otros requisitos: realizar evaluaci\u00f3n diagn\u00f3stica e inducci\u00f3n tecnol\u00f3gica a la plataforma MOODLE (SiveducMD), manejo b\u00e1sico de office e internet, PC con 2GB RAM\/Acrobat Reader \/Acceso a Internet.<\/p>\n\n\n<div class=\"wp-block-image\">\n<figure class=\"aligncenter size-full\"><a href=\"https:\/\/secure20.uach.cl\/Postgrado\/PostulacionAdmision\/PosBuscarPrograma.aspx\" target=\"_blank\" rel=\" noreferrer noopener\"><img decoding=\"async\" width=\"305\" height=\"110\" src=\"https:\/\/www.acusticauach.cl\/wp-content\/uploads\/2022\/01\/postulacion.png\" alt=\"\" class=\"wp-image-15193\" srcset=\"https:\/\/www.acusticauach.cl\/wp-content\/uploads\/2022\/01\/postulacion.png 305w, https:\/\/www.acusticauach.cl\/wp-content\/uploads\/2022\/01\/postulacion-300x108.png 300w, https:\/\/www.acusticauach.cl\/wp-content\/uploads\/2022\/01\/postulacion-125x45.png 125w, https:\/\/www.acusticauach.cl\/wp-content\/uploads\/2022\/01\/postulacion-75x27.png 75w\" sizes=\"(max-width: 305px) 100vw, 305px\" \/><\/a><\/figure>\n<\/div>\n\n\n<p class=\"has-text-align-center\"><a href=\"https:\/\/secure20.uach.cl\/Postgrado\/PostulacionAdmision\/PosBuscarPrograma.aspx\">https:\/\/secure20.uach.cl\/Postgrado\/PostulacionAdmision\/PosBuscarPrograma.aspx<\/a><\/p>\n\n\n\n<p>Durante este per\u00edodo el (la) postulante deber\u00e1 presentar la solicitud de postulaci\u00f3n:<br>\no    Curr\u00edculum Actualizado<br>\no    Carta motivaci\u00f3n<br>\no    Certificado de t\u00edtulo o de estudios<br>\no    Fotocopia de la c\u00e9dula de identidad. <\/p>\n\n\n\n<p>Cerrado el per\u00edodo de postulaci\u00f3n, el Comit\u00e9 de Programa proceder\u00e1 a enviar a la Escuela de Graduados de la Facultad Ciencias de la Ingenier\u00eda la propuesta de Resoluci\u00f3n, con la finalidad de que sea ratificada o enmendada por esta instancia.  Una vez emitida la Resoluci\u00f3n, los postulantes proceder\u00e1n a formalizar la matr\u00edcula, la cual les posibilitar\u00e1 adquirir la condici\u00f3n de estudiantes. <\/p>\n\n\n\n<h3 class=\"wp-block-heading\"><strong>Cupos<\/strong><\/h3>\n\n\n\n<p>El programa se desarrollar\u00e1 con un m\u00ednimo de 10 estudiantes y un m\u00e1ximo de 30. <\/p>\n\n\n\n<h3 class=\"wp-block-heading\"><strong>Informaci\u00f3n<\/strong><\/h3>\n\n\n\n<ul class=\"wp-block-list\">\n<li><strong>Fecha Inicio:<\/strong>&nbsp;Abril\/Mayo de 2026<\/li>\n\n\n\n<li><strong>Fechas de Postulaci\u00f3n:<\/strong> Primer llamado hasta el 31 de enero 2026.<\/li>\n\n\n\n<li><strong>Duraci\u00f3n:<\/strong>&nbsp;164 horas pedag\u00f3gicas, aproximadamente 6 meses<\/li>\n\n\n\n<li><strong>Horarios:<\/strong>&nbsp;Clases en vivo martes y jueves (19:00 a 20:00h), s\u00e1bado 09:30 a 11:30h. Todas las sesiones quedan grabadas y se pueden ver con posterioridad. <\/li>\n\n\n\n<li><strong>Lugar de Realizaci\u00f3n:<\/strong>&nbsp;Latinoam\u00e9rica<\/li>\n\n\n\n<li><strong>Modalidad:<\/strong>&nbsp;100% Online, clases sincr\u00f3nicas y requisito de asistencia m\u00ednima.<\/li>\n\n\n\n<li><strong>\u00c1rea:<\/strong>&nbsp;Medio Ambiente, Ac\u00fastica<\/li>\n<\/ul>\n\n\n\n<h3 class=\"wp-block-heading\"><strong>Consultas:<\/strong><\/h3>\n\n\n\n<p class=\"has-very-light-gray-color has-text-color has-background has-medium-font-size\" style=\"background-color:#369da6\">Director del Programa: Dr. Enrique Su\u00e1rez &lt;enriquesuarez@uach.cl&gt;<\/p>\n\n\n\n<p class=\"has-very-light-gray-color has-text-color has-background has-medium-font-size\" style=\"background-color:#369da6\">Escuela de Graduados: Secretar\u00eda Sra. Carolina Llancam\u00e1n &lt;gradinge@uach.cl&gt;<\/p>\n\n\n<div class=\"wp-block-image\">\n<figure class=\"aligncenter\"><a href=\"https:\/\/secure12.uach.cl\/Postgrado\/PostulacionAdmision\/\" target=\"_blank\" rel=\"noreferrer noopener\"><img decoding=\"async\" width=\"305\" height=\"110\" src=\"https:\/\/www.acusticauach.cl\/wp-content\/uploads\/2022\/01\/postulacion.png\" alt=\"\" class=\"wp-image-15193\" srcset=\"https:\/\/www.acusticauach.cl\/wp-content\/uploads\/2022\/01\/postulacion.png 305w, https:\/\/www.acusticauach.cl\/wp-content\/uploads\/2022\/01\/postulacion-300x108.png 300w, https:\/\/www.acusticauach.cl\/wp-content\/uploads\/2022\/01\/postulacion-125x45.png 125w, https:\/\/www.acusticauach.cl\/wp-content\/uploads\/2022\/01\/postulacion-75x27.png 75w\" sizes=\"(max-width: 305px) 100vw, 305px\" \/><\/a><figcaption class=\"wp-element-caption\"><a href=\"https:\/\/secure20.uach.cl\/Postgrado\/PostulacionAdmision\/PosBuscarPrograma.aspx\" target=\"_blank\" rel=\"noreferrer noopener\">https:\/\/secure20.uach.cl\/Postgrado\/PostulacionAdmision\/PosBuscarPrograma.aspx<\/a><\/figcaption><\/figure>\n<\/div>\n\n\n<p><\/p>\n","protected":false},"excerpt":{"rendered":"<p>Descripci\u00f3n La ac\u00fastica ambiental es uno de los componentes relevantes en la evaluaci\u00f3n ambiental de proyectos de inversi\u00f3n, planificaci\u00f3n urbana y gesti\u00f3n ambiental. Actualmente m\u00e1s del 50% de las denuncias que recibe la Superintendencia de Medio Ambiente en Chile son generadas por ruido ambiental. https:\/\/secure20.uach.cl\/Postgrado\/PostulacionAdmision\/PosBuscarPrograma.aspx En los procesos de evaluaci\u00f3n ambiental de proyectos, todos los [&hellip;]<\/p>\n","protected":false},"author":2,"featured_media":16250,"parent":0,"menu_order":0,"comment_status":"closed","ping_status":"closed","template":"","meta":{"footnotes":""},"class_list":["post-15087","page","type-page","status-publish","has-post-thumbnail","hentry"],"_links":{"self":[{"href":"https:\/\/www.acusticauach.cl\/index.php?rest_route=\/wp\/v2\/pages\/15087","targetHints":{"allow":["GET"]}}],"collection":[{"href":"https:\/\/www.acusticauach.cl\/index.php?rest_route=\/wp\/v2\/pages"}],"about":[{"href":"https:\/\/www.acusticauach.cl\/index.php?rest_route=\/wp\/v2\/types\/page"}],"author":[{"embeddable":true,"href":"https:\/\/www.acusticauach.cl\/index.php?rest_route=\/wp\/v2\/users\/2"}],"replies":[{"embeddable":true,"href":"https:\/\/www.acusticauach.cl\/index.php?rest_route=%2Fwp%2Fv2%2Fcomments&post=15087"}],"version-history":[{"count":4,"href":"https:\/\/www.acusticauach.cl\/index.php?rest_route=\/wp\/v2\/pages\/15087\/revisions"}],"predecessor-version":[{"id":17364,"href":"https:\/\/www.acusticauach.cl\/index.php?rest_route=\/wp\/v2\/pages\/15087\/revisions\/17364"}],"wp:featuredmedia":[{"embeddable":true,"href":"https:\/\/www.acusticauach.cl\/index.php?rest_route=\/wp\/v2\/media\/16250"}],"wp:attachment":[{"href":"https:\/\/www.acusticauach.cl\/index.php?rest_route=%2Fwp%2Fv2%2Fmedia&parent=15087"}],"curies":[{"name":"wp","href":"https:\/\/api.w.org\/{rel}","templated":true}]}}