{"id":14624,"date":"2021-08-03T18:44:59","date_gmt":"2021-08-03T22:44:59","guid":{"rendered":"http:\/\/www.acusticauach.cl\/?page_id=14624"},"modified":"2023-10-28T22:00:59","modified_gmt":"2023-10-29T01:00:59","slug":"calculadora-de-ruido-de-transito-2","status":"publish","type":"page","link":"https:\/\/www.acusticauach.cl\/?page_id=14624","title":{"rendered":"Soundscape Evaluator"},"content":{"rendered":"\n<p><span style=\"text-align: center;\">AcusticaUACh est\u00e1 desarrollando aplicaciones educativas sobre ac\u00fastica. La primera fue una <a href=\"https:\/\/www.acusticauach.cl\/?page_id=2246\"><strong>Calculadora de Ruido de Tr\u00e1nsito Vehicular,<\/strong><\/a> que permite calcular el nivel equivalente de ruido a partir de datos sencillos que debe ingresarse: flujo vehicular, distancia al centro de la calle, velocidad promedio del tr\u00e1nsito y tipo de superficie de la calle.<\/span><\/p>\n\n\n\n<p> La segunda aplicaci\u00f3n es Soundscape Evaluator, dise\u00f1ada para avanzar en el conocimiento de la percepci\u00f3n del paisaje sonoro. La aplicaci\u00f3n opera en base a un cuestionario personal de preguntas estandarizadas sobre la opini\u00f3n del paisaje sonoro que se est\u00e1 escuchando en vivo, o bien que se ha escuchado antes. Las preguntas siguen criterios internacionales (norma internacional ISO 12913), y la aplicaci\u00f3n genera informaci\u00f3n ordenada sobre las evaluaciones de paisaje sonoro que pueden enviarse a un email, o bien compartirse en un mapa en una p\u00e1gina web asociada a la misma aplicaci\u00f3n (<a href=\"http:\/\/soundscape.acusticauach.cl\/\">http:\/\/soundscape.acusticauach.cl\/<\/a>). Esta p\u00e1gina web es de uso gratuito, y no requiere registro. Los usuarios que deseen registrarse en la aplicaci\u00f3n acceder\u00e1n a sus registros y funciones de administraci\u00f3n en la p\u00e1gina web de la aplicaci\u00f3n, entre otras funciones, descargar las evaluaciones.<\/p>\n\n\n<div class=\"wp-block-image\">\n<figure class=\"aligncenter\"><img decoding=\"async\" width=\"1024\" height=\"501\" src=\"https:\/\/www.acusticauach.cl\/wp-content\/uploads\/2021\/08\/soundscapeevaluator_01-1024x501.jpg\" alt=\"\" class=\"wp-image-14628\" srcset=\"https:\/\/www.acusticauach.cl\/wp-content\/uploads\/2021\/08\/soundscapeevaluator_01-1024x501.jpg 1024w, https:\/\/www.acusticauach.cl\/wp-content\/uploads\/2021\/08\/soundscapeevaluator_01-300x147.jpg 300w, https:\/\/www.acusticauach.cl\/wp-content\/uploads\/2021\/08\/soundscapeevaluator_01-768x376.jpg 768w, https:\/\/www.acusticauach.cl\/wp-content\/uploads\/2021\/08\/soundscapeevaluator_01-125x61.jpg 125w, https:\/\/www.acusticauach.cl\/wp-content\/uploads\/2021\/08\/soundscapeevaluator_01-75x37.jpg 75w, https:\/\/www.acusticauach.cl\/wp-content\/uploads\/2021\/08\/soundscapeevaluator_01.jpg 1227w\" sizes=\"(max-width: 1024px) 100vw, 1024px\" \/><figcaption class=\"wp-element-caption\"><a href=\"https:\/\/soundscape.acusticauach.cl\/\" target=\"_blank\" rel=\"noreferrer noopener\" aria-label=\"https:\/\/soundscape.acusticauach.cl\/ (abre en una nueva pesta\u00f1a)\">https:\/\/soundscape.acusticauach.cl\/<\/a><\/figcaption><\/figure>\n<\/div>\n\n\n<p>Esta informaci\u00f3n contribuir\u00e1 a generar conocimiento del paisaje sonoro en cualquier lugar. Esta aplicaci\u00f3n tiene un car\u00e1cter educativo y de investigaci\u00f3n. <\/p>\n\n\n\n<p>Soundscape Evaluator es una aplicaci\u00f3n m\u00f3vil disponible\npara Android y iPhone (publicada en abril de 2021, y actualizada en junio de\n2021):<\/p>\n\n\n\n<ul class=\"wp-block-list\">\n<li><a rel=\"noreferrer noopener\" aria-label=\" (abre en una nueva pesta\u00f1a)\" href=\"https:\/\/play.google.com\/store\/apps\/details?id=com.soundscape\" target=\"_blank\">https:\/\/play.google.com\/store\/apps\/details?id=com.soundscape<\/a><\/li>\n\n\n\n<li><a href=\"https:\/\/apps.apple.com\/us\/app\/soundscape-evaluator\/id1546608965\" target=\"_blank\" rel=\"noreferrer noopener\" aria-label=\" (abre en una nueva pesta\u00f1a)\">https:\/\/apps.apple.com\/us\/app\/soundscape-evaluator\/id1546608965<\/a> <\/li>\n<\/ul>\n\n\n<div class=\"wp-block-image\">\n<figure class=\"aligncenter is-resized\"><img decoding=\"async\" width=\"400\" height=\"118\" src=\"https:\/\/www.acusticauach.cl\/wp-content\/uploads\/2021\/08\/GooglePlay.jpg\" alt=\"\" class=\"wp-image-14626\" style=\"width:300px;height:89px\" srcset=\"https:\/\/www.acusticauach.cl\/wp-content\/uploads\/2021\/08\/GooglePlay.jpg 400w, https:\/\/www.acusticauach.cl\/wp-content\/uploads\/2021\/08\/GooglePlay-300x89.jpg 300w, https:\/\/www.acusticauach.cl\/wp-content\/uploads\/2021\/08\/GooglePlay-125x37.jpg 125w, https:\/\/www.acusticauach.cl\/wp-content\/uploads\/2021\/08\/GooglePlay-75x22.jpg 75w\" sizes=\"(max-width: 400px) 100vw, 400px\" \/><figcaption class=\"wp-element-caption\"><a href=\"https:\/\/play.google.com\/store\/apps\/details?id=com.soundscape\" target=\"_blank\" rel=\"noreferrer noopener\" aria-label=\"https:\/\/play.google.com\/store\/apps\/details?id=com.soundscape (abre en una nueva pesta\u00f1a)\">https:\/\/play.google.com\/store\/apps\/details?id=com.soundscape<\/a><\/figcaption><\/figure>\n<\/div>\n\n<div class=\"wp-block-image\">\n<figure class=\"aligncenter is-resized\"><img decoding=\"async\" width=\"400\" height=\"119\" src=\"https:\/\/www.acusticauach.cl\/wp-content\/uploads\/2021\/08\/AppStore.jpg\" alt=\"\" class=\"wp-image-14627\" style=\"width:300px;height:89px\" srcset=\"https:\/\/www.acusticauach.cl\/wp-content\/uploads\/2021\/08\/AppStore.jpg 400w, https:\/\/www.acusticauach.cl\/wp-content\/uploads\/2021\/08\/AppStore-300x89.jpg 300w, https:\/\/www.acusticauach.cl\/wp-content\/uploads\/2021\/08\/AppStore-125x37.jpg 125w, https:\/\/www.acusticauach.cl\/wp-content\/uploads\/2021\/08\/AppStore-75x22.jpg 75w\" sizes=\"(max-width: 400px) 100vw, 400px\" \/><figcaption class=\"wp-element-caption\"><a href=\"https:\/\/apps.apple.com\/us\/app\/soundscape-evaluator\/id1546608965\" target=\"_blank\" rel=\"noreferrer noopener\" aria-label=\"https:\/\/apps.apple.com\/us\/app\/soundscape-evaluator\/id1546608965 (abre en una nueva pesta\u00f1a)\">https:\/\/apps.apple.com\/us\/app\/soundscape-evaluator\/id1546608965<\/a><\/figcaption><\/figure>\n<\/div>\n\n\n<h2 class=\"wp-block-heading\"><strong>Im\u00e1genes de la aplicaci\u00f3n:<\/strong><\/h2>\n\n\n<div class=\"wp-block-image\">\n<figure class=\"aligncenter is-resized\"><img decoding=\"async\" width=\"476\" height=\"1024\" src=\"https:\/\/www.acusticauach.cl\/wp-content\/uploads\/2021\/08\/soundscapeevaluator_17-476x1024.jpg\" alt=\"\" class=\"wp-image-14629\" style=\"width:357px;height:768px\" srcset=\"https:\/\/www.acusticauach.cl\/wp-content\/uploads\/2021\/08\/soundscapeevaluator_17-476x1024.jpg 476w, https:\/\/www.acusticauach.cl\/wp-content\/uploads\/2021\/08\/soundscapeevaluator_17-139x300.jpg 139w, https:\/\/www.acusticauach.cl\/wp-content\/uploads\/2021\/08\/soundscapeevaluator_17-58x125.jpg 58w, https:\/\/www.acusticauach.cl\/wp-content\/uploads\/2021\/08\/soundscapeevaluator_17-35x75.jpg 35w, https:\/\/www.acusticauach.cl\/wp-content\/uploads\/2021\/08\/soundscapeevaluator_17.jpg 506w\" sizes=\"(max-width: 476px) 100vw, 476px\" \/><\/figure>\n<\/div>\n\n<div class=\"wp-block-image\">\n<figure class=\"aligncenter is-resized\"><img decoding=\"async\" width=\"475\" height=\"1024\" src=\"https:\/\/www.acusticauach.cl\/wp-content\/uploads\/2021\/08\/soundscapeevaluator_10-475x1024.jpg\" alt=\"\" class=\"wp-image-14630\" style=\"width:356px;height:768px\" srcset=\"https:\/\/www.acusticauach.cl\/wp-content\/uploads\/2021\/08\/soundscapeevaluator_10-475x1024.jpg 475w, https:\/\/www.acusticauach.cl\/wp-content\/uploads\/2021\/08\/soundscapeevaluator_10-139x300.jpg 139w, https:\/\/www.acusticauach.cl\/wp-content\/uploads\/2021\/08\/soundscapeevaluator_10-58x125.jpg 58w, https:\/\/www.acusticauach.cl\/wp-content\/uploads\/2021\/08\/soundscapeevaluator_10-35x75.jpg 35w, https:\/\/www.acusticauach.cl\/wp-content\/uploads\/2021\/08\/soundscapeevaluator_10.jpg 506w\" sizes=\"(max-width: 475px) 100vw, 475px\" \/><\/figure>\n<\/div>\n\n<div class=\"wp-block-image\">\n<figure class=\"aligncenter is-resized\"><img decoding=\"async\" width=\"475\" height=\"1024\" src=\"https:\/\/www.acusticauach.cl\/wp-content\/uploads\/2021\/08\/soundscapeevaluator_11-475x1024.jpg\" alt=\"\" class=\"wp-image-14631\" style=\"width:356px;height:768px\" srcset=\"https:\/\/www.acusticauach.cl\/wp-content\/uploads\/2021\/08\/soundscapeevaluator_11-475x1024.jpg 475w, https:\/\/www.acusticauach.cl\/wp-content\/uploads\/2021\/08\/soundscapeevaluator_11-139x300.jpg 139w, https:\/\/www.acusticauach.cl\/wp-content\/uploads\/2021\/08\/soundscapeevaluator_11-58x125.jpg 58w, https:\/\/www.acusticauach.cl\/wp-content\/uploads\/2021\/08\/soundscapeevaluator_11-35x75.jpg 35w, https:\/\/www.acusticauach.cl\/wp-content\/uploads\/2021\/08\/soundscapeevaluator_11.jpg 506w\" sizes=\"(max-width: 475px) 100vw, 475px\" \/><\/figure>\n<\/div>\n\n<div class=\"wp-block-image\">\n<figure class=\"aligncenter is-resized\"><img decoding=\"async\" width=\"475\" height=\"1024\" src=\"https:\/\/www.acusticauach.cl\/wp-content\/uploads\/2021\/08\/soundscapeevaluator_12-475x1024.jpg\" alt=\"\" class=\"wp-image-14632\" style=\"width:356px;height:768px\" srcset=\"https:\/\/www.acusticauach.cl\/wp-content\/uploads\/2021\/08\/soundscapeevaluator_12-475x1024.jpg 475w, https:\/\/www.acusticauach.cl\/wp-content\/uploads\/2021\/08\/soundscapeevaluator_12-139x300.jpg 139w, https:\/\/www.acusticauach.cl\/wp-content\/uploads\/2021\/08\/soundscapeevaluator_12-58x125.jpg 58w, https:\/\/www.acusticauach.cl\/wp-content\/uploads\/2021\/08\/soundscapeevaluator_12-35x75.jpg 35w, https:\/\/www.acusticauach.cl\/wp-content\/uploads\/2021\/08\/soundscapeevaluator_12.jpg 506w\" sizes=\"(max-width: 475px) 100vw, 475px\" \/><\/figure>\n<\/div>\n\n<div class=\"wp-block-image\">\n<figure class=\"aligncenter is-resized\"><img decoding=\"async\" width=\"475\" height=\"1024\" src=\"https:\/\/www.acusticauach.cl\/wp-content\/uploads\/2021\/08\/soundscapeevaluator_13-475x1024.jpg\" alt=\"\" class=\"wp-image-14633\" style=\"width:356px;height:768px\" srcset=\"https:\/\/www.acusticauach.cl\/wp-content\/uploads\/2021\/08\/soundscapeevaluator_13-475x1024.jpg 475w, https:\/\/www.acusticauach.cl\/wp-content\/uploads\/2021\/08\/soundscapeevaluator_13-139x300.jpg 139w, https:\/\/www.acusticauach.cl\/wp-content\/uploads\/2021\/08\/soundscapeevaluator_13-58x125.jpg 58w, https:\/\/www.acusticauach.cl\/wp-content\/uploads\/2021\/08\/soundscapeevaluator_13-35x75.jpg 35w, https:\/\/www.acusticauach.cl\/wp-content\/uploads\/2021\/08\/soundscapeevaluator_13.jpg 506w\" sizes=\"(max-width: 475px) 100vw, 475px\" \/><\/figure>\n<\/div>\n\n<div class=\"wp-block-image\">\n<figure class=\"aligncenter is-resized\"><img decoding=\"async\" width=\"475\" height=\"1024\" src=\"https:\/\/www.acusticauach.cl\/wp-content\/uploads\/2021\/08\/soundscapeevaluator_14-475x1024.jpg\" alt=\"\" class=\"wp-image-14634\" style=\"width:356px;height:768px\" srcset=\"https:\/\/www.acusticauach.cl\/wp-content\/uploads\/2021\/08\/soundscapeevaluator_14-475x1024.jpg 475w, https:\/\/www.acusticauach.cl\/wp-content\/uploads\/2021\/08\/soundscapeevaluator_14-139x300.jpg 139w, https:\/\/www.acusticauach.cl\/wp-content\/uploads\/2021\/08\/soundscapeevaluator_14-58x125.jpg 58w, https:\/\/www.acusticauach.cl\/wp-content\/uploads\/2021\/08\/soundscapeevaluator_14-35x75.jpg 35w, https:\/\/www.acusticauach.cl\/wp-content\/uploads\/2021\/08\/soundscapeevaluator_14.jpg 506w\" sizes=\"(max-width: 475px) 100vw, 475px\" \/><\/figure>\n<\/div>\n\n<div class=\"wp-block-image\">\n<figure class=\"aligncenter is-resized\"><img decoding=\"async\" width=\"461\" height=\"1024\" src=\"https:\/\/www.acusticauach.cl\/wp-content\/uploads\/2021\/08\/soundscapeevaluator_15-461x1024.jpg\" alt=\"\" class=\"wp-image-14635\" style=\"width:346px;height:768px\" srcset=\"https:\/\/www.acusticauach.cl\/wp-content\/uploads\/2021\/08\/soundscapeevaluator_15-461x1024.jpg 461w, https:\/\/www.acusticauach.cl\/wp-content\/uploads\/2021\/08\/soundscapeevaluator_15-135x300.jpg 135w, https:\/\/www.acusticauach.cl\/wp-content\/uploads\/2021\/08\/soundscapeevaluator_15-56x125.jpg 56w, https:\/\/www.acusticauach.cl\/wp-content\/uploads\/2021\/08\/soundscapeevaluator_15-34x75.jpg 34w, https:\/\/www.acusticauach.cl\/wp-content\/uploads\/2021\/08\/soundscapeevaluator_15.jpg 506w\" sizes=\"(max-width: 461px) 100vw, 461px\" \/><\/figure>\n<\/div>\n\n<div class=\"wp-block-image\">\n<figure class=\"aligncenter is-resized\"><img decoding=\"async\" width=\"475\" height=\"1024\" src=\"https:\/\/www.acusticauach.cl\/wp-content\/uploads\/2021\/08\/soundscapeevaluator_16-475x1024.jpg\" alt=\"\" class=\"wp-image-14636\" style=\"width:356px;height:768px\" srcset=\"https:\/\/www.acusticauach.cl\/wp-content\/uploads\/2021\/08\/soundscapeevaluator_16-475x1024.jpg 475w, https:\/\/www.acusticauach.cl\/wp-content\/uploads\/2021\/08\/soundscapeevaluator_16-139x300.jpg 139w, https:\/\/www.acusticauach.cl\/wp-content\/uploads\/2021\/08\/soundscapeevaluator_16-58x125.jpg 58w, https:\/\/www.acusticauach.cl\/wp-content\/uploads\/2021\/08\/soundscapeevaluator_16-35x75.jpg 35w, https:\/\/www.acusticauach.cl\/wp-content\/uploads\/2021\/08\/soundscapeevaluator_16.jpg 506w\" sizes=\"(max-width: 475px) 100vw, 475px\" \/><\/figure>\n<\/div>","protected":false},"excerpt":{"rendered":"<p>AcusticaUACh est\u00e1 desarrollando aplicaciones educativas sobre ac\u00fastica. La primera fue una Calculadora de Ruido de Tr\u00e1nsito Vehicular, que permite calcular el nivel equivalente de ruido a partir de datos sencillos que debe ingresarse: flujo vehicular, distancia al centro de la calle, velocidad promedio del tr\u00e1nsito y tipo de superficie de la calle. La segunda aplicaci\u00f3n [&hellip;]<\/p>\n","protected":false},"author":2,"featured_media":14341,"parent":1479,"menu_order":0,"comment_status":"closed","ping_status":"closed","template":"","meta":{"footnotes":""},"class_list":["post-14624","page","type-page","status-publish","has-post-thumbnail","hentry"],"_links":{"self":[{"href":"https:\/\/www.acusticauach.cl\/index.php?rest_route=\/wp\/v2\/pages\/14624","targetHints":{"allow":["GET"]}}],"collection":[{"href":"https:\/\/www.acusticauach.cl\/index.php?rest_route=\/wp\/v2\/pages"}],"about":[{"href":"https:\/\/www.acusticauach.cl\/index.php?rest_route=\/wp\/v2\/types\/page"}],"author":[{"embeddable":true,"href":"https:\/\/www.acusticauach.cl\/index.php?rest_route=\/wp\/v2\/users\/2"}],"replies":[{"embeddable":true,"href":"https:\/\/www.acusticauach.cl\/index.php?rest_route=%2Fwp%2Fv2%2Fcomments&post=14624"}],"version-history":[{"count":0,"href":"https:\/\/www.acusticauach.cl\/index.php?rest_route=\/wp\/v2\/pages\/14624\/revisions"}],"up":[{"embeddable":true,"href":"https:\/\/www.acusticauach.cl\/index.php?rest_route=\/wp\/v2\/pages\/1479"}],"wp:featuredmedia":[{"embeddable":true,"href":"https:\/\/www.acusticauach.cl\/index.php?rest_route=\/wp\/v2\/media\/14341"}],"wp:attachment":[{"href":"https:\/\/www.acusticauach.cl\/index.php?rest_route=%2Fwp%2Fv2%2Fmedia&parent=14624"}],"curies":[{"name":"wp","href":"https:\/\/api.w.org\/{rel}","templated":true}]}}