{"id":144,"date":"2012-09-01T21:46:07","date_gmt":"2012-09-02T01:46:07","guid":{"rendered":"http:\/\/190.114.255.83\/~acustic1\/?page_id=144"},"modified":"2024-12-09T01:51:39","modified_gmt":"2024-12-09T04:51:39","slug":"jorge-arenas","status":"publish","type":"page","link":"https:\/\/www.acusticauach.cl\/?page_id=144","title":{"rendered":"Jorge P. Arenas"},"content":{"rendered":"<h2>T\u00edtulos y Grados<img decoding=\"async\" class=\"alignright wp-image-5727 size-medium\" title=\"Prof Arenas\" src=\"https:\/\/www.acusticauach.cl\/wp-content\/uploads\/2012\/09\/ACUS-10-200x300.jpg\" alt=\"\" width=\"200\" height=\"300\" srcset=\"https:\/\/www.acusticauach.cl\/wp-content\/uploads\/2012\/09\/ACUS-10-200x300.jpg 200w, https:\/\/www.acusticauach.cl\/wp-content\/uploads\/2012\/09\/ACUS-10-500x750.jpg 500w, https:\/\/www.acusticauach.cl\/wp-content\/uploads\/2012\/09\/ACUS-10.jpg 667w\" sizes=\"(max-width: 200px) 100vw, 200px\" \/><\/h2>\n<p>Ingeniero Ac\u00fastico,\u00a0Universidad Austral de Chile.<\/p>\n<p>Licenciado en Ac\u00fastica,\u00a0Universidad Austral de Chile.<\/p>\n<p>Mag\u00edster en F\u00edsica,\u00a0Universidad Austral de Chile.<\/p>\n<p>Doctor en Ingenier\u00eda Mec\u00e1nica (Sonido y Vibraciones),\u00a0Auburn University, USA.<\/p>\n<p>El Dr. Arenas obtiene el grado de Licenciado en Ac\u00fastica y el T\u00edtulo de Ingeniero Ac\u00fastico en la UACh en 1988. En 1991 es Becario de Investigaci\u00f3n en el Instituto de Ac\u00fastica del Centro de F\u00edsica Aplicada de Madrid, Espa\u00f1a. En 1995, realiza el curso avanzado en Ruido y Vibraci\u00f3n en la Univ. de Southampton, Inglaterra. En 1996 obtiene el Mag\u00edster en F\u00edsica en la UACh y en 1997 recibe el Premio Est\u00edmulo al Desempe\u00f1o Docente. Entre 1997 y 2001 reside en Alabama, Estados Unidos, para realizar estudios doctorales en la Auburn University. Desarrolla su tesis en un proyecto financiado por NASA. Recibe el grado de Doctor of Philosophy (suma cum laude) en 2001, con un major en Ingenier\u00eda Mec\u00e1nica y un minor en Matem\u00e1ticas.<\/p>\n<p>El a\u00f1o 2000 recibe en Estados Unidos el Premio Harry Merriwether por logros acad\u00e9micos y promesa profesional. El a\u00f1o 2001 es profesor asistente del curso de din\u00e1mica de sistemas en la Auburn University, realiza proyectos de investigaci\u00f3n para la empresa Trane Corporation en Texas, y luego es asistente de investigaci\u00f3n en el Centro Nac. de Tecnolog\u00eda del Asfalto de los Estados Unidos, realizando trabajos sobre ruido de carreteras.<\/p>\n<p>Durante su carrera acad\u00e9mica ha patrocinado m\u00e1s de 70 tesis de pre y postgrado, ha sido investigador responsable y co-investigador de 24 proyectos de Investigaci\u00f3n, 10 de los cuales han sido financiados por Fondecyt. Ha escrito m\u00e1s de 100 trabajos cient\u00edficos en extenso, publicados en revistas indexadas y en actas de congresos realizados en numerosos pa\u00edses de Am\u00e9rica, Europa, Ocean\u00eda, Asia y Africa. Ha sido autor y coautor de tres libros y nueve cap\u00edtulos de libros publicados en Brasil, Estados Unidos, Holanda, Reino Unido, Singapur y Suiza, sobre control de ruido y vibraciones. Ha sido profesor y conferencista invitado en numerosas universidades de Chile, Estados Unidos, Espa\u00f1a, Brasil, M\u00e9xico, Austria, Colombia, Ecuador, Argentina, Emiratos \u00c1rabes Unidos y Francia. Actualmente es miembro del Consejo Cient\u00edfico Asesor de KFB Acoustics de Polonia (<a href=\"https:\/\/kfb-acoustics.com\/about\/\" target=\"_blank\" rel=\"noopener noreferrer\">https:\/\/kfb-acoustics.com\/about\/<\/a>).<\/p>\n<p>Es miembro de la Acoustical Society of America, del Institute of Noise Control Engineering, del International Institute of Acoustics and Vibration y de la Sociedad Chilena de Ac\u00fastica. Entre 1993 y 1997 fue Director de la Escuela de Ingenier\u00eda Ac\u00fastica y desde 2004 hasta marzo de 2013 fue Director de la Escuela de Graduados de la Facultad de Cs. de la Ingenier\u00eda. Desde 2012 a julio de 2019 fue Director del Instituto de Ac\u00fastica UACh. Entre 2008 y 2021 fue Director del Mag\u00edster en Ac\u00fastica y Vibraciones. Desde 2006 es Profesor Titular de la Universidad Austral de Chile. Actualmente es editor en jefe del International Journal of Acoustics and Vibration y miembro del comit\u00e9 editorial de las revistas Shock and Vibration y del Applied Acoustics.<\/p>\n<p>Ha sido miembro del directorio del International Institute of Acoustics and Vibration IIAV (2003-2007, 2008-2012) y fue presidente del IIAV (2016-2018). Es actualmente miembro electo del Directorio del International Commission on Acoustics (ICA), en representaci\u00f3n de Latinoam\u00e9rica, Canad\u00e1 y Estados Unidos.<\/p>\n<p><a href=\"https:\/\/www.researchgate.net\/profile\/Jorge_Arenas\" target=\"_blank\" rel=\"noopener noreferrer\"><img decoding=\"async\" class=\"size-full wp-image-12801 aligncenter\" src=\"https:\/\/www.acusticauach.cl\/wp-content\/uploads\/2019\/11\/researchgate_200x50.png\" alt=\"\" width=\"200\" height=\"50\" srcset=\"https:\/\/www.acusticauach.cl\/wp-content\/uploads\/2019\/11\/researchgate_200x50.png 200w, https:\/\/www.acusticauach.cl\/wp-content\/uploads\/2019\/11\/researchgate_200x50-125x31.png 125w, https:\/\/www.acusticauach.cl\/wp-content\/uploads\/2019\/11\/researchgate_200x50-75x19.png 75w\" sizes=\"(max-width: 200px) 100vw, 200px\" \/><\/a><\/p>\n<p style=\"text-align: center;\"><a href=\"https:\/\/www.researchgate.net\/profile\/Jorge_Arenas\" target=\"_blank\" rel=\"noopener noreferrer\">https:\/\/www.researchgate.net\/profile\/Jorge_Arenas<\/a><\/p>\n<p>&nbsp;<\/p>\n<p><a href=\"https:\/\/orcid.org\/0000-0003-4728-8964\" target=\"_blank\" rel=\"noopener\"><img decoding=\"async\" class=\"aligncenter size-full wp-image-15778\" src=\"https:\/\/www.acusticauach.cl\/wp-content\/uploads\/2023\/05\/orcid.jpg\" alt=\"\" width=\"190\" height=\"107\" srcset=\"https:\/\/www.acusticauach.cl\/wp-content\/uploads\/2023\/05\/orcid.jpg 190w, https:\/\/www.acusticauach.cl\/wp-content\/uploads\/2023\/05\/orcid-125x70.jpg 125w, https:\/\/www.acusticauach.cl\/wp-content\/uploads\/2023\/05\/orcid-75x42.jpg 75w\" sizes=\"(max-width: 190px) 100vw, 190px\" \/><\/a><\/p>\n<p style=\"text-align: center;\"><a href=\"https:\/\/orcid.org\/0000-0003-4728-8964\" target=\"_blank\" rel=\"noopener\">https:\/\/orcid.org\/0000-0003-4728-8964<\/a><\/p>\n<hr \/>\n<p style=\"text-align: justify;\"><strong>Actualizado el 13.09.2021.<\/strong><\/p>\n<ul>\n<li>Instituto de Ac\u00fastica<\/li>\n<li>Facultad de Ciencias de la Ingenier\u00eda<\/li>\n<li>Universidad Austral de Chile<\/li>\n<li>Edificio 6000, Campus Miraflores, Casilla 567, Valdivia, Chile<\/li>\n<li>Fax: (56 63) 2221013<\/li>\n<li>Fono: (56 63) 2221012<\/li>\n<li>Email: jparenas@uach.cl<\/li>\n<\/ul>\n<p><a href=\"https:\/\/www.acusticauach.cl\/?page_id=139\">Profesores de Ac\u00fastica<\/a><\/p>\n","protected":false},"excerpt":{"rendered":"<p>T\u00edtulos y Grados Ingeniero Ac\u00fastico,\u00a0Universidad Austral de Chile. Licenciado en Ac\u00fastica,\u00a0Universidad Austral de Chile. Mag\u00edster en F\u00edsica,\u00a0Universidad Austral de Chile. Doctor en Ingenier\u00eda Mec\u00e1nica (Sonido y Vibraciones),\u00a0Auburn University, USA. El Dr. Arenas obtiene el grado de Licenciado en Ac\u00fastica y el T\u00edtulo de Ingeniero Ac\u00fastico en la UACh en 1988. En 1991 es Becario de [&hellip;]<\/p>\n","protected":false},"author":1,"featured_media":0,"parent":139,"menu_order":0,"comment_status":"closed","ping_status":"closed","template":"","meta":{"footnotes":""},"class_list":["post-144","page","type-page","status-publish","hentry"],"_links":{"self":[{"href":"https:\/\/www.acusticauach.cl\/index.php?rest_route=\/wp\/v2\/pages\/144","targetHints":{"allow":["GET"]}}],"collection":[{"href":"https:\/\/www.acusticauach.cl\/index.php?rest_route=\/wp\/v2\/pages"}],"about":[{"href":"https:\/\/www.acusticauach.cl\/index.php?rest_route=\/wp\/v2\/types\/page"}],"author":[{"embeddable":true,"href":"https:\/\/www.acusticauach.cl\/index.php?rest_route=\/wp\/v2\/users\/1"}],"replies":[{"embeddable":true,"href":"https:\/\/www.acusticauach.cl\/index.php?rest_route=%2Fwp%2Fv2%2Fcomments&post=144"}],"version-history":[{"count":0,"href":"https:\/\/www.acusticauach.cl\/index.php?rest_route=\/wp\/v2\/pages\/144\/revisions"}],"up":[{"embeddable":true,"href":"https:\/\/www.acusticauach.cl\/index.php?rest_route=\/wp\/v2\/pages\/139"}],"wp:attachment":[{"href":"https:\/\/www.acusticauach.cl\/index.php?rest_route=%2Fwp%2Fv2%2Fmedia&parent=144"}],"curies":[{"name":"wp","href":"https:\/\/api.w.org\/{rel}","templated":true}]}}