{"id":1422,"date":"2012-10-05T19:03:04","date_gmt":"2012-10-05T22:03:04","guid":{"rendered":"http:\/\/190.114.255.83\/~acustic1\/?page_id=1422"},"modified":"2019-11-08T20:15:43","modified_gmt":"2019-11-08T23:15:43","slug":"hilda-negron","status":"publish","type":"page","link":"https:\/\/www.acusticauach.cl\/?page_id=1422","title":{"rendered":"Hilda Negr\u00f3n"},"content":{"rendered":"<h2><strong>T\u00edtulos y Grados<\/strong><img decoding=\"async\" src=\"file:\/\/\/C:\/Users\/Acustica\/Dropbox\/01_CAMPA%C3%91A_2013\/10_FOTOS\/02_FELIPE\/PERSONAS-ACUSTICA\/Sra.%20Hilda.jpg\" alt=\"\"><img decoding=\"async\" src=\"file:\/\/\/C:\/Users\/Acustica\/Dropbox\/01_CAMPA%C3%91A_2013\/10_FOTOS\/02_FELIPE\/PERSONAS-ACUSTICA\/Sra.%20Hilda.jpg\" alt=\"\"><img decoding=\"async\" src=\"file:\/\/\/C:\/Users\/Acustica\/Dropbox\/01_CAMPA%C3%91A_2013\/10_FOTOS\/02_FELIPE\/PERSONAS-ACUSTICA\/Sra.%20Hilda.jpg\" alt=\"\"><img decoding=\"async\" class=\"alignright wp-image-5754 size-medium\" title=\"Sra. Hilda\" src=\"https:\/\/www.acusticauach.cl\/wp-content\/uploads\/2012\/10\/ACUS-2-200x300.jpg\" alt=\"\" width=\"200\" height=\"300\" srcset=\"https:\/\/www.acusticauach.cl\/wp-content\/uploads\/2012\/10\/ACUS-2-200x300.jpg 200w, https:\/\/www.acusticauach.cl\/wp-content\/uploads\/2012\/10\/ACUS-2-500x750.jpg 500w, https:\/\/www.acusticauach.cl\/wp-content\/uploads\/2012\/10\/ACUS-2.jpg 667w\" sizes=\"(max-width: 200px) 100vw, 200px\" \/><\/h2>\n<p>Secretaria Ejecutiva.<\/p>\n<p style=\"text-align: justify;\">Hilda Negr\u00f3n est\u00e1 encargada del apoyo administrativo de la Escuela de Ingenier\u00eda Civil Ac\u00fastica. Es responsable de la coordinaci\u00f3n de correspondencia y otras materias vinculadas con la organizaci\u00f3n de la unidad, la coordinaci\u00f3n de procesos de inscripci\u00f3n de asignaturas, pr\u00e1cticas profesionales, tesis de titulaci\u00f3n, giras de estudio, solicitudes de alumno regular y otras tramitaciones vinculadas con el desempe\u00f1o de los estudiantes de la carrera de Ingenier\u00eda Civil Ac\u00fastica.<\/p>\n<h2><strong>Contacto<\/strong><\/h2>\n<ul>\n<li>Escuela de Ing. Civil de Ac\u00fastica<\/li>\n<li>Facultad de Ciencias de la Ingenier\u00eda<\/li>\n<li>Universidad Austral de Chile<\/li>\n<li>Edificio 6000, Campus Miraflores, Casilla 567, Valdivia, Chile<\/li>\n<li>Fax: (56 63) 2221338<\/li>\n<li>Fono: (56 63) 2221338<\/li>\n<li>Email: eacustic@uach.cl<\/li>\n<\/ul>\n<p><a href=\"https:\/\/www.acusticauach.cl\/?page_id=139\">Profesores de Ac\u00fastica<\/a><\/p>\n","protected":false},"excerpt":{"rendered":"<p>T\u00edtulos y Grados Secretaria Ejecutiva. Hilda Negr\u00f3n est\u00e1 encargada del apoyo administrativo de la Escuela de Ingenier\u00eda Civil Ac\u00fastica. Es responsable de la coordinaci\u00f3n de correspondencia y otras materias vinculadas con la organizaci\u00f3n de la unidad, la coordinaci\u00f3n de procesos de inscripci\u00f3n de asignaturas, pr\u00e1cticas profesionales, tesis de titulaci\u00f3n, giras de estudio, solicitudes de alumno [&hellip;]<\/p>\n","protected":false},"author":2,"featured_media":0,"parent":139,"menu_order":0,"comment_status":"closed","ping_status":"closed","template":"","meta":{"footnotes":""},"class_list":["post-1422","page","type-page","status-publish","hentry"],"_links":{"self":[{"href":"https:\/\/www.acusticauach.cl\/index.php?rest_route=\/wp\/v2\/pages\/1422","targetHints":{"allow":["GET"]}}],"collection":[{"href":"https:\/\/www.acusticauach.cl\/index.php?rest_route=\/wp\/v2\/pages"}],"about":[{"href":"https:\/\/www.acusticauach.cl\/index.php?rest_route=\/wp\/v2\/types\/page"}],"author":[{"embeddable":true,"href":"https:\/\/www.acusticauach.cl\/index.php?rest_route=\/wp\/v2\/users\/2"}],"replies":[{"embeddable":true,"href":"https:\/\/www.acusticauach.cl\/index.php?rest_route=%2Fwp%2Fv2%2Fcomments&post=1422"}],"version-history":[{"count":0,"href":"https:\/\/www.acusticauach.cl\/index.php?rest_route=\/wp\/v2\/pages\/1422\/revisions"}],"up":[{"embeddable":true,"href":"https:\/\/www.acusticauach.cl\/index.php?rest_route=\/wp\/v2\/pages\/139"}],"wp:attachment":[{"href":"https:\/\/www.acusticauach.cl\/index.php?rest_route=%2Fwp%2Fv2%2Fmedia&parent=1422"}],"curies":[{"name":"wp","href":"https:\/\/api.w.org\/{rel}","templated":true}]}}