{"id":14170,"date":"2021-01-11T11:50:11","date_gmt":"2021-01-11T14:50:11","guid":{"rendered":"http:\/\/www.acusticauach.cl\/?page_id=14170"},"modified":"2025-12-30T19:07:21","modified_gmt":"2025-12-30T22:07:21","slug":"el-laboratorio-de-arte-y-tecnologia-late","status":"publish","type":"page","link":"https:\/\/www.acusticauach.cl\/?page_id=14170","title":{"rendered":"El Laboratorio de Arte y Tecnolog\u00eda (LATE)"},"content":{"rendered":"\n<p>El<strong> Laboratorio de Arte y Tecnolog\u00eda<\/strong> (<strong>LATE<\/strong>) de la Universidad Austral de Chile es un espacio transdisciplinario para el desarrollo de proyectos de investigaci\u00f3n y creaci\u00f3n. Este espacio se genera a partir de recursos del proyecto FONDECYT \u201cM\u00e9todo de time-lapse sonoro para la puesta en valor del patrimonio sonoro de humedales urbanos\u201d (1190722) centrado en el desarrollo de herramientas creativas y educacionales vinculadas a la sensibilizaci\u00f3n sobre el paisaje sonoro de humedales de Valdivia. El laboratorio est\u00e1 vinculado al <a rel=\"noreferrer noopener\" href=\"https:\/\/www.acusticauach.cl\/\" target=\"_blank\">Instituto de Ac\u00fastica<\/a> y alojado en el <a href=\"https:\/\/www.14k.cl\/\">Centro 14k<\/a> de la Facultad de Ciencias de la Ingenier\u00eda, en el campus Miraflores de dicha universidad. <\/p>\n\n\n<div class=\"wp-block-image\">\n<figure class=\"aligncenter\"><img decoding=\"async\" width=\"800\" height=\"450\" src=\"https:\/\/www.acusticauach.cl\/wp-content\/uploads\/2021\/01\/Screen-Shot-2020-10-03-at-11.28.20-9-800.jpg\" alt=\"\" class=\"wp-image-14172\" srcset=\"https:\/\/www.acusticauach.cl\/wp-content\/uploads\/2021\/01\/Screen-Shot-2020-10-03-at-11.28.20-9-800.jpg 800w, https:\/\/www.acusticauach.cl\/wp-content\/uploads\/2021\/01\/Screen-Shot-2020-10-03-at-11.28.20-9-800-300x169.jpg 300w, https:\/\/www.acusticauach.cl\/wp-content\/uploads\/2021\/01\/Screen-Shot-2020-10-03-at-11.28.20-9-800-768x432.jpg 768w, https:\/\/www.acusticauach.cl\/wp-content\/uploads\/2021\/01\/Screen-Shot-2020-10-03-at-11.28.20-9-800-125x70.jpg 125w, https:\/\/www.acusticauach.cl\/wp-content\/uploads\/2021\/01\/Screen-Shot-2020-10-03-at-11.28.20-9-800-75x42.jpg 75w\" sizes=\"(max-width: 800px) 100vw, 800px\" \/><figcaption class=\"wp-element-caption\"><a href=\"https:\/\/soundlapse.net\/late\/\" target=\"_blank\" rel=\"noreferrer noopener\">https:\/\/soundlapse.net\/late\/<\/a><\/figcaption><\/figure>\n<\/div>\n\n\n<p>El principal objetivo del <a href=\"https:\/\/soundlapse.net\/late\/\" target=\"_blank\" rel=\"noreferrer noopener\">LATE <\/a>es generar un espacio inclusivo y transdisciplinario para el desarrollo de proyectos de creaci\u00f3n e investigaci\u00f3n vinculados al arte y la tecnolog\u00eda. La visi\u00f3n de desarrollo del laboratorio se centra en cuatro ejes principales: <strong>investigaci\u00f3n<\/strong>, <strong>creaci\u00f3n<\/strong>, <strong>educaci\u00f3n <\/strong>y <strong>vinculaci\u00f3n con el medio<\/strong>. Como parte de las actividades del laboratorio se han publicado art\u00edculos en revistas indexadas y se han estrenado obras art\u00edsticas como la instalaci\u00f3n interactiva \u201c<a href=\"https:\/\/youtu.be\/fhxuKwrNRW8\">A queda do C\u00e9u\u201d<\/a> de Andr\u00e9 Mestre.<\/p>\n\n\n\n<p>El equipo de trabajo del laboratorio est\u00e1 compuesto por <a href=\"https:\/\/www.acusticauach.cl\/?page_id=10336\">Andr\u00e9 Mestre<\/a>, <a href=\"https:\/\/www.acusticauach.cl\/?page_id=3924\">Felipe Otondo<\/a> y <a href=\"https:\/\/www.acusticauach.cl\/?page_id=564\">Rodrigo Torres<\/a>.<\/p>\n\n\n<figure class=\"wp-block-image aligncenter is-resized\"><a href=\"https:\/\/soundlapse.net\/late\/\"><img decoding=\"async\" class=\"aligncenter wp-image-14175\" style=\"width: 512px; height: 380px;\" src=\"https:\/\/www.acusticauach.cl\/wp-content\/uploads\/2021\/01\/Logo-RGB-01-1024x759.png\" alt=\"\" width=\"1024\" height=\"759\" srcset=\"https:\/\/www.acusticauach.cl\/wp-content\/uploads\/2021\/01\/Logo-RGB-01-1024x759.png 1024w, https:\/\/www.acusticauach.cl\/wp-content\/uploads\/2021\/01\/Logo-RGB-01-300x222.png 300w, https:\/\/www.acusticauach.cl\/wp-content\/uploads\/2021\/01\/Logo-RGB-01-768x569.png 768w, https:\/\/www.acusticauach.cl\/wp-content\/uploads\/2021\/01\/Logo-RGB-01-125x93.png 125w, https:\/\/www.acusticauach.cl\/wp-content\/uploads\/2021\/01\/Logo-RGB-01-75x56.png 75w\" sizes=\"(max-width: 1024px) 100vw, 1024px\" \/><\/a>\n<figcaption class=\"wp-element-caption\"><a href=\"https:\/\/soundlapse.net\/\" target=\"_blank\" rel=\"noreferrer noopener\">https:\/\/soundlapse.net\/late\/<\/a><\/figcaption>\n<\/figure>\n\n<div class=\"wp-block-image\">\n<figure class=\"aligncenter size-full\"><a href=\"https:\/\/www.acusticauach.cl\/wp-content\/uploads\/2025\/12\/SoundLapse_400x141.jpg\"><img decoding=\"async\" width=\"400\" height=\"141\" src=\"https:\/\/www.acusticauach.cl\/wp-content\/uploads\/2025\/12\/SoundLapse_400x141.jpg\" alt=\"\" class=\"wp-image-17354\" srcset=\"https:\/\/www.acusticauach.cl\/wp-content\/uploads\/2025\/12\/SoundLapse_400x141.jpg 400w, https:\/\/www.acusticauach.cl\/wp-content\/uploads\/2025\/12\/SoundLapse_400x141-300x106.jpg 300w, https:\/\/www.acusticauach.cl\/wp-content\/uploads\/2025\/12\/SoundLapse_400x141-125x44.jpg 125w, https:\/\/www.acusticauach.cl\/wp-content\/uploads\/2025\/12\/SoundLapse_400x141-75x26.jpg 75w\" sizes=\"(max-width: 400px) 100vw, 400px\" \/><\/a><\/figure>\n<\/div>\n\n\n<p>P\u00e1gina web: <a href=\"https:\/\/soundlapse.net\/late\/\" target=\"_blank\" rel=\"noreferrer noopener\">https:\/\/soundlapse.net\/late\/<\/a><\/p>\n","protected":false},"excerpt":{"rendered":"<p>El Laboratorio de Arte y Tecnolog\u00eda (LATE) de la Universidad Austral de Chile es un espacio transdisciplinario para el desarrollo de proyectos de investigaci\u00f3n y creaci\u00f3n. Este espacio se genera a partir de recursos del proyecto FONDECYT \u201cM\u00e9todo de time-lapse sonoro para la puesta en valor del patrimonio sonoro de humedales urbanos\u201d (1190722) centrado en [&hellip;]<\/p>\n","protected":false},"author":2,"featured_media":14171,"parent":5555,"menu_order":0,"comment_status":"closed","ping_status":"closed","template":"","meta":{"footnotes":""},"class_list":["post-14170","page","type-page","status-publish","has-post-thumbnail","hentry"],"_links":{"self":[{"href":"https:\/\/www.acusticauach.cl\/index.php?rest_route=\/wp\/v2\/pages\/14170","targetHints":{"allow":["GET"]}}],"collection":[{"href":"https:\/\/www.acusticauach.cl\/index.php?rest_route=\/wp\/v2\/pages"}],"about":[{"href":"https:\/\/www.acusticauach.cl\/index.php?rest_route=\/wp\/v2\/types\/page"}],"author":[{"embeddable":true,"href":"https:\/\/www.acusticauach.cl\/index.php?rest_route=\/wp\/v2\/users\/2"}],"replies":[{"embeddable":true,"href":"https:\/\/www.acusticauach.cl\/index.php?rest_route=%2Fwp%2Fv2%2Fcomments&post=14170"}],"version-history":[{"count":4,"href":"https:\/\/www.acusticauach.cl\/index.php?rest_route=\/wp\/v2\/pages\/14170\/revisions"}],"predecessor-version":[{"id":17355,"href":"https:\/\/www.acusticauach.cl\/index.php?rest_route=\/wp\/v2\/pages\/14170\/revisions\/17355"}],"up":[{"embeddable":true,"href":"https:\/\/www.acusticauach.cl\/index.php?rest_route=\/wp\/v2\/pages\/5555"}],"wp:featuredmedia":[{"embeddable":true,"href":"https:\/\/www.acusticauach.cl\/index.php?rest_route=\/wp\/v2\/media\/14171"}],"wp:attachment":[{"href":"https:\/\/www.acusticauach.cl\/index.php?rest_route=%2Fwp%2Fv2%2Fmedia&parent=14170"}],"curies":[{"name":"wp","href":"https:\/\/api.w.org\/{rel}","templated":true}]}}