{"id":14142,"date":"2020-12-29T19:43:06","date_gmt":"2020-12-29T22:43:06","guid":{"rendered":"http:\/\/www.acusticauach.cl\/?page_id=14142"},"modified":"2026-01-21T14:41:34","modified_gmt":"2026-01-21T17:41:34","slug":"congresos-2","status":"publish","type":"page","link":"https:\/\/www.acusticauach.cl\/?page_id=14142","title":{"rendered":"Conferencias Invitadas"},"content":{"rendered":"<h2><strong>Conferencias Internacionales<\/strong><\/h2>\n<p><strong>2026<\/strong><\/p>\n<ul>\n<li data-ogsc=\"black\" data-olk-copy-source=\"MessageBody\"><strong>Seminario<\/strong> (<b data-ogsc=\"\">R. Venegas<\/b>), \u201dWave propagation in multiscale poroelastic media\u201d, Matelys Research Lab, Vaulx-en-Velin, \u00a0France. January 2026. Hosts: Dr. F.-X. B\u00e9cot.<\/li>\n<\/ul>\n<p><strong>2025<\/strong><\/p>\n<ul>\n<li><strong>Conferencia Magistral (Enrique Su\u00e1rez) \u00ab<\/strong>Paisaje Sonoro y Tr\u00e1nsito Vehicular: Diagn\u00f3stico con Mapas de Ruido Urbanos con IA en el Proyecto FuSA Roads\u00bb Segundo Coloquio Internacional Paisaje Sonoro: Espacio P\u00fablico y Ciudadan\u00eda en Centros Urbanos y Centros Hist\u00f3ricos , Ciudad de Morelia 20 al 22 de octubre 2025. Universidad Michoacana de San Nicol\u00e1s de Hidalgo. (<a href=\"https:\/\/www.youtube.com\/live\/VU9p7ohihj8?si=mRsXmruYoBveLx1s&amp;t=7017\" target=\"_blank\" rel=\"noopener\">https:\/\/www.youtube.com\/live\/VU9p7ohihj8?si=mRsXmruYoBveLx1s&amp;t=7017<\/a>)<\/li>\n<li><strong>Curso Invitado (R. Venegas)<\/strong> \u201cAc\u00fastica de Materiales\u201d, Rodolfo Venegas (20 horas). Facultad de Ingenier\u00eda Mec\u00e1nica y El\u00e9ctrica de la Universidad Aut\u00f3noma de Nuevo Le\u00f3n. Del 13 al 17 de octubre de 2025. Monterrey, M\u00e9xico.<\/li>\n<li><strong>Seminario (R. Venegas)<\/strong>, \u201dRecent advancements on the acoustics of permeable media: Multiscale porous materials and metamaterials\u201d, Mechanical Engineering Department, Federal University of Rio de Janeiro, Rio de Janeiro, Brazil. September 2025. Hosts: Prof. J. Torres &amp; Prof. F. Pinto<\/li>\n<li>\n<div data-ogsc=\"black\" data-olk-copy-source=\"MessageBody\"><strong>Seminario (R. Venegas)<\/strong>, \u201dWave propagation in hierarchical porous materials and multiscale acoustic metamaterials\u201d, Faculty of Physics, ITMO University, Saint Petersburg, Russia. August 2025. Host: Dr. M. Krasikova [<a href=\"https:\/\/www.youtube.com\/watch?v=63R2Mzr5WUo\" target=\"_blank\" rel=\"noopener\">https:\/\/www.youtube.com\/watch?v=63R2Mzr5WUo<\/a>]<\/div>\n<\/li>\n<li><strong>Seminario<\/strong> (<strong>R. Venegas<\/strong> &amp; C. C. Parra), \u00abWave propagation in porous materials with internal sources\u00bb, Laboratoire Ondes et Milieux Complexes LOMC UMR 6294 CNRS &amp; Universit\u00e9 Le Havre Normandie, France. March 2025. Host: Dr. C. Guianvarc&#8217;<\/li>\n<\/ul>\n<p><strong>2024<\/strong><\/p>\n<ul>\n<li>\n<div data-ogsc=\"black\" data-olk-copy-source=\"MessageBody\"><strong>Conferencia Plenaria (<\/strong><b data-ogsc=\"\">R. Venegas<\/b>), \u00abPropagaci\u00f3n de ondas ac\u00fasticas en materiales permeables multiescala y metamateriales\u00bb, XIII Iberomericano de Ac\u00fastica FIA 2024, Santiago, Chile. Diciembre 2024.<\/div>\n<\/li>\n<li>\n<div data-ogsc=\"black\" data-olk-copy-source=\"MessageBody\"><strong>Seminario<\/strong> (<b data-ogsc=\"\">R. Venegas<\/b>), \u00abAc\u00fastica de medios permeables con m\u00faltiples escalas\u00bb, Departamento de Ingenier\u00eda en Obras Civiles, Universidad de Santiago de Chile, Chile. Diciembre 2024. Host: Prof. Erick Saavedra<\/div>\n<\/li>\n<li>\n<div data-ogsc=\"black\" data-olk-copy-source=\"MessageBody\"><strong>Conferencia Magistral (Enrique Su\u00e1rez)<\/strong>, \u00abLa inteligencia artificial y la participaci\u00f3n ciudadana en el paisaje sonoro\u00bb, Coloquio Internacional Paisaje Sonoro: Espacio P\u00fablico y Ciudadan\u00eda en Centros Urbanos y Centros Hist\u00f3ricos , Ciudad de M\u00e9xico 14 y 18 de octubre 2024. Universidad Aut\u00f3noma Metropolitana (<a href=\"https:\/\/youtu.be\/vNA9bHdbTrU?feature=shared\" target=\"_blank\" rel=\"noopener\">https:\/\/youtu.be\/vNA9bHdbTrU?feature=shared<\/a>)<\/div>\n<\/li>\n<li><strong>Seminario (R. Venegas)<\/strong>, \u00abNano-to-macroscopic wave propagation in multiscale sorptive metamaterials\u00bb, UK Acoustics Network Plus Webinar, Physical Acoustics SIG, UK. July 2024. Host: Dr. A. Krinkyn &amp; Dr. S. Taherzadeh (<a href=\"https:\/\/youtu.be\/GP5Axd95p64\" target=\"_blank\" rel=\"noopener\">https:\/\/youtu.be\/GP5Axd95p64<\/a>)<\/li>\n<li><strong>Seminario (R. Venegas)<\/strong>, \u00abUpscaling of wave propagation in complex media\u00bb, Laboratoire de Physique et M\u00e9canique des Milieux H\u00e9t\u00e9rog\u00e8nes PMMH UMR 7636, CNRS &amp; EPSCI &amp; Universit\u00e9 Paris Saclay. February 2024. Host: Dr. A. Maurel &amp; Dr. P. Petitjeans<\/li>\n<\/ul>\n<p><strong>2023<\/strong><\/p>\n<ul>\n<li><strong> Seminario (R. Venegas),<\/strong> \u00abNano-to-macro acoustics of multiscale nanoporous metamaterials\u00bb, International lecture on \u00abMechanics and Physics of Advanced Materials and Structures\u00bb, School of Mechanical Engineering, Tianjin University, China. July 2023. Host: Prof. Yan-Feng Wang &amp; Prof. Yue-Sheng Wang. <a href=\"http:\/\/www.researchexpress.net\/videoDetail\/341\" target=\"_blank\" rel=\"noopener\">http:\/\/www.researchexpress.net\/videoDetail\/341<\/a><\/li>\n<li><b style=\"color: initial; font-family: -apple-system, BlinkMacSystemFont, 'Segoe UI', Roboto, Oxygen-Sans, Ubuntu, Cantarell, 'Helvetica Neue', sans-serif;\">Seminario (R. Venegas)<\/b><span style=\"color: initial; font-family: -apple-system, BlinkMacSystemFont, 'Segoe UI', Roboto, Oxygen-Sans, Ubuntu, Cantarell, 'Helvetica Neue', sans-serif;\">, \u00abWave propagation in multiscale nanoporous media: inner sources and molecular-to-macroscale modelling\u00bb, Laboratoire Mod\u00e9lisation et Simulation Multi-Echelle (MSME) &#8211; UMR 8208 CNRS, Universit\u00e9 Paris-Est Cr\u00e9teil &amp; Universit\u00e9 Gustave Eiffel, Paris, France, February 2023. Host: Dr. F. Detrez &amp; Prof. C. Perrot.<\/span><\/li>\n<li><strong>Conferencia Invitada (Jorge Arenas)<\/strong>: \u201cRuido impulsivo y su efecto en la salud auditiva\u201d, XIX Congreso nacional y 5to Congreso Internacional Expoac\u00fastica 2023, Escuela Superior de Ingenier\u00eda Mec\u00e1nica y El\u00e9ctrica, Instituto Polit\u00e9cnico Nacional, Ciudad de M\u00e9xico, M\u00e9xico, Marzo 2023.<\/li>\n<li><span style=\"color: initial; font-family: -apple-system, BlinkMacSystemFont, 'Segoe UI', Roboto, Oxygen-Sans, Ubuntu, Cantarell, 'Helvetica Neue', sans-serif;\"><b style=\"color: initial;\" data-ogsb=\"white\">Seminario (R. Venegas)<\/b><span style=\"color: initial;\" data-ogsb=\"white\">,<\/span><span style=\"color: initial;\"> \u00abWave propagation in permeable materials with inner heat sources\u00bb, Laboratoire Vibrations Acoustique (LVA) &#8211; UMR 5509 CNRS, INSA Lyon, France, January 2023. Host: Dr. K. Ege<\/span><\/span><\/li>\n<li><strong>Conferencia Invitada (R. Venegas),<\/strong> \u00abUpscaling of the wave equation in permeable materials with active inner sources\u00bb, Multiple Scattering in Engineering and Applied Sciences MWSW04, Isaac Newton Institute for Mathematical Sciences, Cambridge University, Cambridge, UK, 22-26 May 2023. <a href=\"https:\/\/youtu.be\/aBBJN7vATMk?t=1\" target=\"_blank\" rel=\"noopener\">https:\/\/youtu.be\/aBBJN7vATMk?t=1<\/a><\/li>\n<\/ul>\n<p><strong>2022<\/strong><\/p>\n<ul>\n<li><strong>Conferencia Plenaria (Enrique Su\u00e1rez) \u00bb Pr\u00e1cticas que favorecen la valoraci\u00f3n del paisaje sonoro\u00bb.<\/strong> 14\u00b0 Semin\u00e1rio Internacional NUTAU: Paisagem Sonora Urbana, realizado el 07\/08 de diciembre de 2022, en la Faculdade de Arquitetura e Urbanismo \u2013 Universidade de S\u00e3o Paulo, Brasil. (OnLine) <a href=\"https:\/\/www.acusticauach.cl\/?p=15624\">https:\/\/www.acusticauach.cl\/?p=15624<\/a><\/li>\n<li><strong>Seminario Invitado (R. Venegas)<\/strong>. \u201cWave propagation in permeable materials with inner heat sources\u201d, Department of Mathematics, University of Manchester, Manchester, UK. August 2022 Host: Prof. W. Parnell.<\/li>\n<li><strong>Seminario Invitado (R. Venegas)<\/strong>. \u201cAcoustic porous materials with active inner heat sources\u201d, Department of Mechanical Engineering, University of Sheffield, Sheffield, UK. August 2022 Host: Prof. K. Horoshenkov.<\/li>\n<li><strong>Seminario Invitado (R. Venegas).<\/strong> \u201cActive inner heat sources in porous media acoustics\u201d, Acoustics Research Centre, University of Salford, Salford, UK. August 2022 Host: Dr. O. Umnova.<\/li>\n<\/ul>\n<p><strong>2021<\/strong><\/p>\n<ul>\n<li><strong>Conferencia Invitada (Rodolfo Venegas).<\/strong> Conferencia Plenaria: \u00abWave propagation in hierarchical nanoporous materials\u201d, 6th Symposium on the Acoustics of Poro-elastic Materials SAPEM 2020+1, 29th March &#8211; 2nd April, West Lafayette, USA, 2021 [online] <a href=\"https:\/\/sapem2021.matelys.com\/proceedings\/KN_Venegas.mp4\" target=\"_blank\" rel=\"noopener noreferrer\">\u00a0https:\/\/sapem2021.matelys.com\/proceedings\/KN_Venegas.mp4<\/a><\/li>\n<li><strong>Conferencia Invitada (Jorge Arenas)<\/strong>: \u201cNoise control in concrete buildings using floating floor technologies\u201d, Laboratoire d&#8217;Acoustique de l&#8217;Universit\u00e9 du Mans, Francia, Febrero 2021.<\/li>\n<li><strong>Conferencia Invitada (Jorge Arenas)<\/strong>: \u201cControl del ruido en carreteras usando barreras ac\u00fastica\u201d, Escuela de Arquitectura y Urbanismo, Universidad Nacional de Colombia, Abril 2021.<\/li>\n<li>\n<div><strong>Seminario Invitado (R. Venegas)<\/strong>. \u201cAcoustic wave propagation in multiscale lossy metamaterials\u201d, KTH Marcus Wallenberg Laboratory for Sound and Vibration Research, KTH Royal Institute of Technology, Stockholm, Sweden, April 2021 Host: Dr. E. Zea.<\/div>\n<div><a href=\"https:\/\/play.kth.se\/media\/MWL%20online%20seminar%3A%20Acoustic%20wave%20propagation%20in%20multiscale%20lossy%20metamaterials%2C%20Rodolfo%20Venegas%20(2021-04-14)\/0_sdk061ns\" target=\"_blank\" rel=\"noopener noreferrer\">https:\/\/play.kth.se\/media\/MWL%20online%20seminar%3A%20Acoustic%20wave%20propagation%20in%20multiscale%20lossy%20metamaterials%2C%20Rodolfo%20Venegas%20(2021-04-14)\/0_sdk061ns<\/a><\/div>\n<\/li>\n<li><strong>Conferencia Invitada (Jorge Arenas)<\/strong>: \u201cNoise mapping and environmental policies: the Chilean experience\u201d, Special Latin American Symposia, 1 de Agosto 2021.<\/li>\n<li><strong>Conferencia Invitada (Jorge Arenas)<\/strong>: Plenary Keynote: \u201cEnvironmental noise in cities: lessons learned and what is next\u201d, 50th International Congress and Exposition on Noise Control Engineering, Internoise, Washington D.C., USA, Agosto 2021.<\/li>\n<li><strong>Conferencia Invitada (Jorge Arenas)<\/strong>: \u201cRuido ambiental en las ciudades: Lecciones aprendidas y desaf\u00edos futuros\u201d, XXI Seminario de Ruido Ambiental, Ministerio del Medioambiente, Chile, Noviembre 2021.<\/li>\n<\/ul>\n<p><strong>2020<\/strong><\/p>\n<ul>\n<li><strong>Conferencia Invitada (Enrique Su\u00e1rez).<\/strong> \u201cLa importancia de evaluar el paisaje sonoro\u201d. II Encuentro Internacional de la Red de Ecolog\u00eda Ac\u00fastica de M\u00e9xico. 10 de diciembre de 2020. M\u00e9xico (OnLine)<\/li>\n<li><strong>Conferencia Invitada (Jorge Arenas). <\/strong>\u201cMateriales Ac\u00fasticos Absorbentes usados en el \u00c1rea de la Construcci\u00f3n\u201d, Expoac\u00fastica 2020, Escuela Superior de Ingenier\u00eda Mec\u00e1nica y El\u00e9ctrica, Instituto Polit\u00e9cnico Nacional, Ciudad de M\u00e9xico, M\u00e9xico, Noviembre 2020 (OnLine).<\/li>\n<li><strong>Conferencia Invitada (Jorge Arenas)<\/strong>: \u201cMateriales Ac\u00fasticos Absorbentes usados en el Area de la Construcci\u00f3n\u201d, Expoac\u00fastica 2020, Escuela Superior de Ingenier\u00eda Mec\u00e1nica y El\u00e9ctrica, Instituto Polit\u00e9cnico Nacional, Ciudad de M\u00e9xico, M\u00e9xico, Noviembre 2020.<\/li>\n<\/ul>\n<p><strong>2019<\/strong><\/p>\n<ul>\n<li><strong>Conferencia (Enrique Su\u00e1rez). Conferencia Plenaria: \u00bb Mapa de ruido: experiencia internacional\u00bb.<\/strong> I Seminario FAU USP Sobre Mapeamiento Sonoro, realizado el 24 de septiembre de 2019, en la Faculdade de Arquitetura e Urbanismo \u2013 Universidade de S\u00e3o Paulo, Brasil.<\/li>\n<li><strong>Conferencia (Enrique Su\u00e1rez). Conferencia Plenaria: \u00abRuido Ambiental y el Paisaje Sonoro como elementos a considerar en la Planificaci\u00f3n Urbana\u00bb, Enrique Su\u00e1rez<\/strong>. XV Encontro Nacional de Conforto no Ambiente Construido ENCAC2019 y XI Encuentro Latinoamericano de Confort en el Ambiente Construido, realizado del 18 al 21 de septiembre de 2019 en la ciudad de Jo\u00e3o Pessoa, Brasil.<\/li>\n<li><strong>Conferencia Invitada (Jorge Arenas). <\/strong>\u00a0<strong>Conferencia Plenaria<\/strong>: \u201cPrincipios Ac\u00fasticos y Mec\u00e1nicos de la Audici\u00f3n Humana\u201d, Congreso Internacional Expo Ac\u00fastica 2019, Escuela Superior de Ingenier\u00eda Mec\u00e1nica y El\u00e9ctrica, Instituto Polit\u00e9cnico Nacional, Ciudad de M\u00e9xico, M\u00e9xico, Febrero 2019.<\/li>\n<li><strong>Curso Invitado (Jorge Arenas).<\/strong> \u201cAn\u00e1lisis Modal Experimental\u201d, Escuela Superior de Ingenier\u00eda Mec\u00e1nica y El\u00e9ctrica, Instituto Polit\u00e9cnico Nacional, Ciudad de M\u00e9xico, M\u00e9xico, Febrero 2019.<\/li>\n<li><strong>Conferencia Invitada (Enrique Su\u00e1rez).<\/strong> \u201cPerspectivas de Ac\u00fastica Ambiental\u201d; \u201cMapas de Ruido\u201d y \u201cExperiencias de Gesti\u00f3n de Ruido en Chile\u201d. Simposio Internacional de Ac\u00fastica Ambiental y Gesti\u00f3n de Ruido. Universidad de Las Am\u00e9ricas. 25 de enero de 2019. Quito, Ecuador.<\/li>\n<\/ul>\n<p><strong>2018<\/strong><\/p>\n<ul>\n<li><strong>Conferencia Invitada (Enrique Su\u00e1rez).<\/strong> \u201cMapas Sonoros: Estudios de Ruido Urbano y Ambientes Sonoros en Chile\u201d. 2\u00b0 Encuentro Internacional de Ruido Ambiental y Paisaje Sonoro, El Espacio P\u00fablico. Universidad Aut\u00f3noma Metropolitana Azcapotzalco, del 23 al 25 de mayo de 2018. Ciudad de M\u00e9xico, M\u00e9xico<\/li>\n<li><strong>Curso Invitado (Jorge Arenas).<\/strong> \u201cFundamentos del An\u00e1lisis Estad\u00edstico de Energ\u00eda\u201d, Universidad de Alicante, Espa\u00f1a, Enero 2018.<\/li>\n<\/ul>\n<p><strong>2017<\/strong><\/p>\n<ul>\n<li><strong>Conferencia Invitada (Enrique Su\u00e1rez).<\/strong> \u201cMapas de ruido y paisaje sonoro\u201d. XIII Festival Visiones Sonoras. Festival Internacional de M\u00fasica y Nuevas Tecnolog\u00edas Visiones Sonoras. Centro Mexicano para la M\u00fasica y las Artes Sonoras (CMMAS). 11 al 14 de octubre de 2017 en Morelia, M\u00e9xico.<\/li>\n<li><strong>Curso Invitado (Enrique Su\u00e1rez)<\/strong> \u201cDesaf\u00edos en Ac\u00fastica Ambiental\u201d, Enrique Su\u00e1rez. (40 horas). Facultad de Ingenier\u00eda Mec\u00e1nica y El\u00e9ctrica de la Universidad Aut\u00f3noma de Nuevo Le\u00f3n. Del 09 al 13 de octubre de 2017. Monterrey, M\u00e9xico.<\/li>\n<li><strong>Conferencia Invitada (Jorge Arenas).<\/strong> <strong>Conferencia Plenaria<\/strong>: \u201cNoise Mapping in Urban Areas: The Chilean Experience\u201d, XXVII Encuentro de la Sociedad Brasilera de Ac\u00fastica, Brasilia, Brasil, Mayo 2017.<\/li>\n<li><strong>Conferencia Invitada (Jorge Arenas).\u00a0<\/strong><strong>Conferencia Plenaria<\/strong>: \u201cMateriales usados para el control de ruido: avances y perspectivas futuras\u201d, Congreso Nacional Expo Ac\u00fastica 2017 y 2da Bienal Internacional, Escuela Superior de Ingenier\u00eda Mec\u00e1nica y El\u00e9ctrica, Instituto Polit\u00e9cnico Nacional, Ciudad de M\u00e9xico, M\u00e9xico, Febrero 2017.<\/li>\n<\/ul>\n<p><strong>2016<\/strong><\/p>\n<ul>\n<li><strong>Conferencia Invitada (Jorge Arenas).\u00a0<\/strong> <strong>Conferencia Plenaria<\/strong>: \u201cMaterials for Noise and Vibration Control Applications: Advances and Future Developments.\u201d, 2nd World Congress on Materials Science, Polymer Engineering and Microtechnologies, Abu Dhabi, Emiratos Arabes Unidos, Noviembre 2016.<\/li>\n<\/ul>\n<p><strong>2015<\/strong><\/p>\n<ul>\n<li><strong>Conferencia Invitada (Jorge Arenas).\u00a0<\/strong> \u201cRuido ocupacional: or\u00edgenes y desaf\u00edos\u201d, III Coloquio de Concientizaci\u00f3n del Ruido, Universidad de San Buenaventura, Bogot\u00e1, Colombia, Abril 2015.<\/li>\n<\/ul>\n<p><strong>2014<\/strong><\/p>\n<ul>\n<li><strong> Conferencia Invitada (Jorge Arenas).<\/strong> \u201cMateriales ac\u00fasticos absorbentes\u201d, Universidad de las Am\u00e9ricas UDLA, Quito, Ecuador, Diciembre 2014.<\/li>\n<\/ul>\n<p><strong>2012<\/strong><\/p>\n<ul>\n<li><strong>Conferencia Invitada (Jorge Arenas).<\/strong> \u201cPorous sound absorbers made of recycled materials\u201d, Department of Mechanical Engineering, S. Ginn College of Engineering, Auburn University, Auburn, USA, Octubre 2012.<\/li>\n<\/ul>\n<p><strong>2010<\/strong><\/p>\n<ul>\n<li>\u00a0<strong>Conferencia invitada (Jorge Arenas).\u00a0<\/strong> <strong>Conferencia Plenaria<\/strong>: \u201cAvances en materiales ac\u00fasticos para el control de ruido\u201d, III Jornadas sobre Ac\u00fastica Ambiental y Edificaci\u00f3n Ac\u00fasticamente Sostenible, Universidad Polit\u00e9cnica de Valencia, Gand\u00eda, Espa\u00f1a, Marzo 2010.<\/li>\n<\/ul>\n<p><strong>2009<\/strong><\/p>\n<ul>\n<li><strong>Conferencia invitada (Jorge Arenas).<\/strong> <strong>Conferencia Plenaria<\/strong>: \u201cControl del ruido por medio de barreras ac\u00fasticas\u201d, Primeras Jornadas Regionales de Ac\u00fastica, Rosario, Argentina, Noviembre 2009.<\/li>\n<\/ul>\n<p><strong>2008<\/strong><\/p>\n<ul>\n<li><strong>Conferencia invitada (Jorge Arenas).<\/strong> <strong>Conferencia Plenaria<\/strong>: \u201cAproximaciones al problema de radiaci\u00f3n sonora de estructuras vibratorias\u201d, VI Congreso Iberoamericano de Ac\u00fastica, Buenos Aires, Argentina, Noviembre 2008.<\/li>\n<li><strong>Curso Invitado (Jorge Arenas).<\/strong> \u201cFundamentos y Aplicaciones del An\u00e1lisis Estad\u00edstico de Energ\u00eda\u201d, Universidad de Alicante, Espa\u00f1a, Feb. y Marzo 2008.<\/li>\n<\/ul>\n<p><strong>2006<\/strong><\/p>\n<ul>\n<li><strong>Conferencia Invitada (Jorge Arenas).\u00a0<\/strong> \u201cAn\u00e1lisis Estad\u00edstico de Energ\u00eda\u201d, Universidad de Alicante, Espa\u00f1a, Diciembre 2006.<\/li>\n<li><strong>Conferencia Invitada (Jorge Arenas)<\/strong> Distiguished Plenary Keynote: \u201cSound barriers and environmental impact studies\u201d, 13 International Congress on Sound and Vibration, Universidad Tecnol\u00f3gica de Viena, Austria, Julio 2006.<\/li>\n<\/ul>\n<p><strong>2005<\/strong><\/p>\n<ul>\n<li><strong>Curso Invitado (Jorge Arenas).<\/strong> \u201cFundamentos y aplicaciones del an\u00e1lisis estad\u00edstico de energ\u00eda\u201d, Facultad de Ingenier\u00eda Mec\u00e1nica y El\u00e9ctrica, Universidad Aut\u00f3noma de Nuevo Le\u00f3n, Monterrey, M\u00e9xico, Diciembre 2005.<\/li>\n<li><strong>Curso Invitado (Jorge Arenas).<\/strong>\u00a0 \u201cModelado de sistemas mec\u00e1nicos\u201d, Departamento de F\u00edsica Aplicada, Universidad Polit\u00e9cnica de Valencia, Gand\u00eda, Espa\u00f1a. Septiembre-Octubre 2005.<\/li>\n<\/ul>\n<p><strong>2001<\/strong><\/p>\n<ul>\n<li><strong>Conferencia invitada (Jorge Arenas).<\/strong>\u00a0 \u201cIntroduction to the noise control in highways\u201d, National Center for Asphalt Technology, Alabama, USA, Dic. 2001.<\/li>\n<\/ul>\n<p><strong>1999<\/strong><\/p>\n<ul>\n<li><strong>Taller (Jorge Arenas).\u00a0<\/strong> \u201cLocalization of sensors in aerospace structures using PVDF and PZT materials\u201d, Marshall Space Center, NASA, USA, Sept. 1999.<\/li>\n<\/ul>\n<p><strong>1997<\/strong><\/p>\n<ul>\n<li><strong> Conferencia invitada (Jorge Arenas).<\/strong> \u201cIntroducci\u00f3n al Control Activo de Ruido\u201d, Escuela T\u00e9cnica Superior de Ingenieros, Universidad de Valladolid, Valladolid, Espa\u00f1a, Mayo 1997.<\/li>\n<\/ul>\n<h2><strong>Conferencias\u00a0<\/strong><strong>Nacionales<\/strong><\/h2>\n<p><strong>2021<\/strong><\/p>\n<ul>\n<li><strong>Seminario Invitado (R. Venegas).<\/strong> \u201cPropagaci\u00f3n de ondas en materiales porosos con m\u00faltiples escalas y metamateriales\u201d Departamento de Sonido, Universidad de Chile, Santiago, Chile, Marzo 2021. Anfitri\u00f3n: Prof. G. Eisner.<\/li>\n<\/ul>\n<p><strong>2020<\/strong><\/p>\n<ul>\n<li><strong>Conferencia Invitada (Jorge Arenas).<\/strong> \u201cVibroacoustics in Space Rockets\u201d, Seminario Ac\u00fastica y vibraciones en los cohetes espaciales, Octubre 2020. (OnLine)<\/li>\n<li><strong>Conferencia Invitada (Enrique Su\u00e1rez).<\/strong> \u201cEl ruido ambiental y la planificaci\u00f3n de las ciudades\u201d. Enrique Su\u00e1rez. Facultad de Ciencias de la Ingenier\u00eda, Universidad. 30 de julio de 2020. (OnLine)<\/li>\n<li><strong>Panelista Invitado (Enrique Su\u00e1rez).<\/strong> \u201cImportancia de la Informaci\u00f3n en la Gesti\u00f3n del Ruido Ambiental\u201d. Enrique Su\u00e1rez. XX Seminario de Ruido Ambiental, Ministerio del Medio Ambiente y Sociedad Chilena de Ac\u00fastica SOCHA. 27 al 29 de abril de 2020. (OnLine)<\/li>\n<li><strong>Conferencia Invitada (Jorge Arenas)<\/strong>: \u201cVibroacoustics in Space Rockets\u201d, Seminario Ac\u00fastica y Vibraciones en los Cohetes Espaciales, Facultad de Cs. de la Ingenier\u00eda, Univ. Austral de Chile, Octubre 2020.<\/li>\n<\/ul>\n<p><strong>2017<\/strong><\/p>\n<ul>\n<li><strong>Panelista Invitado (Enrique Su\u00e1rez).<\/strong> \u201cDesaf\u00edos para una Norma de Calidad Primaria para Ruido Ambiental\u201d. Enrique Su\u00e1rez. XVII Seminario de Ruido Ambiental, Ministerio del Medio Ambiente y Sociedad Chilena de Ac\u00fastica SOCHA. 22 de noviembre de 2017. Facultad de Ciencias de la Ingenier\u00eda, Universidad Austral de Chile, Chile.<\/li>\n<li><strong>Conferencia Invitada (Jorge Arenas).<\/strong> <strong>Conferencia Plenaria<\/strong>: \u201cBiomec\u00e1nica del cuerpo humano: Efectos del ruido y la vibraci\u00f3n en el cuerpo humano\u201d, 3er Congreso Nacional de Estudiantes de Ingenier\u00eda Mec\u00e1nica, Universidad Austral de Chile, Valdivia, Noviembre 2017.<\/li>\n<li><strong>Conferencia Invitada (Enrique Su\u00e1rez).<\/strong> \u201cPlanes de Acci\u00f3n y Gesti\u00f3n Ambiental en Chile\u201d (en conjunto con el Dr. Guillermo De Arcas de la UPM). XVI Seminario de Ruido Ambiental, Ministerio del Medio Ambiente y Sociedad Chilena de Ac\u00fastica SOCHA. 28 de abril de 2017. Hotel Fundador, Santiago, Chile.<\/li>\n<\/ul>\n<p><strong>2016<\/strong><\/p>\n<ul>\n<li><strong>Conferencia Invitada (Jorge Arenas y Enrique Su\u00e1rez )<\/strong>. \u201cRuido Ambiental: Riesgo para la Salud y la Planificaci\u00f3n Urbana\u201d. Seminario TALLERSUR 2016. 24 de noviembre, Auditorio del Instituto de Arquitectura y Urbanismo, Universidad Austral de Chile, Valdivia, Chile.<\/li>\n<\/ul>\n<p><strong>2014<\/strong><\/p>\n<ul>\n<li><strong>Conferencia Invitada (Jorge Arenas).\u00a0<\/strong> \u201cControl del ruido en carreteras usando barreras ac\u00fasticas\u201d, II Seminario de Ac\u00fastica en la Edificaci\u00f3n y Medio Ambiente en Chile \u2013 Ruido Urbano: Planificaci\u00f3n y Edificaci\u00f3n, Escuela de Construcci\u00f3n Civil, Pontificia Universidad Cat\u00f3lica de Chile, Santiago, Chile, 2014.<\/li>\n<\/ul>\n<p><strong>2013<\/strong><\/p>\n<ul>\n<li><strong>Panelista Invitado (Enrique Su\u00e1rez).<\/strong> \u201cDesaf\u00edos para la estrategia de gesti\u00f3n en ac\u00fastica 2014 -2024\u201d. XIII Seminario de Ruido Ambiental, Ministerio del Medio Ambiente y Sociedad Chilena de Ac\u00fastica SOCHA. 29 de noviembre de 2013. Hotel Santiago Park Plaza, Santiago, Chile.<\/li>\n<li><strong>Conferencia Invitada (Enrique Su\u00e1rez).<\/strong> \u201cMapas de Ruido en Chile y su proyecci\u00f3n al futuro\u201d, I Seminario de Ac\u00fastica en la Edificaci\u00f3n y Medio Ambiente en Chile \u2013 Proyecciones para el a\u00f1o 2030. 21 de octubre de 2013, Escuela de Construcci\u00f3n Civil, Pontificia Universidad Cat\u00f3lica de Chile, Santiago, Chile.<\/li>\n<\/ul>\n<p><strong>2011<\/strong><\/p>\n<ul>\n<li><strong>Panelista Invitado (Enrique Su\u00e1rez).\u00a0<\/strong> \u201cEstrategia de Gesti\u00f3n del Control del Ruido Ambiental\u201d. XI Seminario Contaminaci\u00f3n Ac\u00fastica y Control de Ruido Ambiental, Ministerio del Medio Ambiente y Sociedad Chilena de Ac\u00fastica SOCHA. 09 de noviembre de 2011. Club de la Uni\u00f3n, Valdivia, Chile.<\/li>\n<\/ul>\n<p><strong>2006<\/strong><\/p>\n<ul>\n<li><strong>Conferencia Invitada (Enrique Su\u00e1rez).<\/strong> \u201cMapas de Ruido. Importancia y Metodolog\u00edas\u201d, VII Seminario de Ruido Ambiental, Ministerio del Medio Ambiente y Sociedad Chilena de Ac\u00fastica SOCHA. 25 de octubre de 2006. Hotel Regal Pacific, Santiago, Chile.<\/li>\n<\/ul>\n<p><strong>2004<\/strong><\/p>\n<ul>\n<li><strong>Conferencia invitada (Jorge Arenas).<\/strong>\u00a0 \u201cAvances en vibro-ac\u00fastica y proyecci\u00f3n al siglo XXI\u201d, VII Jornadas de Investigaci\u00f3n Cient\u00edfica, Univ. Austral de Chile, Diciembre 2004.<\/li>\n<\/ul>\n<p><strong>1996<\/strong><\/p>\n<ul>\n<li><strong>Conferencia invitada (Jorge Arenas).<\/strong>\u00a0 \u201cDise\u00f1o de barreras ac\u00fasticas: soluci\u00f3n al impacto del ruido generado por carreteras\u201d, Seminario Comisi\u00f3n Nacional del Medio Ambiente CONAMA, Universidad de Santiago, 1996.<\/li>\n<\/ul>\n<p><a href=\"https:\/\/www.acusticauach.cl\/?page_id=423\"><strong>Congresos y Seminarios<\/strong><\/a><\/p>\n","protected":false},"excerpt":{"rendered":"<p>Conferencias Internacionales 2026 Seminario (R. Venegas), \u201dWave propagation in multiscale poroelastic media\u201d, Matelys Research Lab, Vaulx-en-Velin, \u00a0France. January 2026. Hosts: Dr. F.-X. B\u00e9cot. 2025 Conferencia Magistral (Enrique Su\u00e1rez) \u00abPaisaje Sonoro y Tr\u00e1nsito Vehicular: Diagn\u00f3stico con Mapas de Ruido Urbanos con IA en el Proyecto FuSA Roads\u00bb Segundo Coloquio Internacional Paisaje Sonoro: Espacio P\u00fablico y Ciudadan\u00eda [&hellip;]<\/p>\n","protected":false},"author":2,"featured_media":16007,"parent":0,"menu_order":0,"comment_status":"closed","ping_status":"closed","template":"","meta":{"footnotes":""},"class_list":["post-14142","page","type-page","status-publish","has-post-thumbnail","hentry"],"_links":{"self":[{"href":"https:\/\/www.acusticauach.cl\/index.php?rest_route=\/wp\/v2\/pages\/14142","targetHints":{"allow":["GET"]}}],"collection":[{"href":"https:\/\/www.acusticauach.cl\/index.php?rest_route=\/wp\/v2\/pages"}],"about":[{"href":"https:\/\/www.acusticauach.cl\/index.php?rest_route=\/wp\/v2\/types\/page"}],"author":[{"embeddable":true,"href":"https:\/\/www.acusticauach.cl\/index.php?rest_route=\/wp\/v2\/users\/2"}],"replies":[{"embeddable":true,"href":"https:\/\/www.acusticauach.cl\/index.php?rest_route=%2Fwp%2Fv2%2Fcomments&post=14142"}],"version-history":[{"count":6,"href":"https:\/\/www.acusticauach.cl\/index.php?rest_route=\/wp\/v2\/pages\/14142\/revisions"}],"predecessor-version":[{"id":17393,"href":"https:\/\/www.acusticauach.cl\/index.php?rest_route=\/wp\/v2\/pages\/14142\/revisions\/17393"}],"wp:featuredmedia":[{"embeddable":true,"href":"https:\/\/www.acusticauach.cl\/index.php?rest_route=\/wp\/v2\/media\/16007"}],"wp:attachment":[{"href":"https:\/\/www.acusticauach.cl\/index.php?rest_route=%2Fwp%2Fv2%2Fmedia&parent=14142"}],"curies":[{"name":"wp","href":"https:\/\/api.w.org\/{rel}","templated":true}]}}