{"id":1404,"date":"2012-10-05T18:46:16","date_gmt":"2012-10-05T21:46:16","guid":{"rendered":"http:\/\/190.114.255.83\/~acustic1\/?page_id=1404"},"modified":"2019-11-08T20:12:53","modified_gmt":"2019-11-08T23:12:53","slug":"jesus-alba","status":"publish","type":"page","link":"https:\/\/www.acusticauach.cl\/?page_id=1404","title":{"rendered":"Jes\u00fas Alba"},"content":{"rendered":"<h2><strong>Profesor Universidad Polit\u00e9cnica de Valencia, Espa\u00f1a<\/strong><img decoding=\"async\" class=\"wp-image-9644 size-full alignright\" title=\"Jesus Alba\" src=\"https:\/\/www.acusticauach.cl\/wp-content\/uploads\/2012\/10\/JALBA_2018.jpg\" alt=\"\" width=\"200\" height=\"300\"><\/h2>\n<p>Jes\u00fas Alba Fern\u00e1ndez, es Ingeniero de Telecomunicaci\u00f3n y Doctor ingeniero de Telecomunicaci\u00f3n por la Universitat Polit\u00e8cnica de Val\u00e8ncia (UPV). Profesor de la UPV desde 1996, y desde hace varios a\u00f1os adscrito a la Escuela Polit\u00e9cnica Superior de Gandia (EPSG) desde hace 21 a\u00f1os. Su formaci\u00f3n investigadora empieza al grupo de Ac\u00fastica Arquitect\u00f3nica y del Medio ambiente (ACARMA) de la UPV. Posteriormente fue miembro fundador del grupo de Dispositivos y Sistemas Ac\u00fasticos y \u00d3pticos (DISAO) en la EPSG, y tambi\u00e9n del Instituto para la Gesti\u00f3n Integral de las Zonas Costeras (IGIC). Desde 2013, miembro del Centro de Tecnolog\u00edas F\u00edsicas de la UPV.<\/p>\n<p>Las l\u00edneas de investigaci\u00f3n se centran fundamentalmente en la ac\u00fastica, con a\u00f1os de experiencia en aislamiento ac\u00fastico, contaminaci\u00f3n ac\u00fastica, ac\u00fastica de la edificaci\u00f3n y de salas, nuevos materiales reciclados y naturales y transductores y recintos ac\u00fasticos. En su curr\u00edculum se pueden encontrar m\u00e1s 70 art\u00edculos de investigaci\u00f3n y docencia, 6 libros y cap\u00edtulos de libros, 274 ponencias de investigaci\u00f3n y docencia en congresos nacionales e internacionales, 8 tesis doctorales dirigidas, 136 proyectos fin de carrera y 29 tesinas de m\u00e1ster. Investigador en m\u00e1s de 100 proyectos de I+D+i. investigador principal en 2 proyectos europeos y en 6 proyectos espa\u00f1oles, colaborando como investigador en otro proyecto europeo y 7 proyectos espa\u00f1oles. Ha tenido la suerte de poder realizar varias estancias de investigaci\u00f3n en el Instituto de Ac\u00fastica de la Universidad Austral de Chile, en Valdivia (Chile) en los a\u00f1os 2009, 2010, 2012, 2014 y 2018.<\/p>\n<p>Respecto a cargos de gesti\u00f3n, ocup\u00f3 el cargo de subdirector del \u00e1rea de Telecomunicaciones (2004 \u2013 2008). En 2008, pasa a ser Secretario y jefe de \u00e1rea de Relaciones con Empresas hasta 2012. Desde hace a\u00f1os es Consejero Nacional de la Sociedad Espa\u00f1ola de Ac\u00fastica, socio de la Real Sociedad Espa\u00f1ola de F\u00edsica, socio de la Sociedad Espa\u00f1ola de M\u00e9todos Num\u00e9ricos a la Ingenier\u00eda y miembro del Colegio de Ingenieros de Telecomunicaci\u00f3n. Desde diciembre de 2016, es director de la Escuela Polit\u00e9cnica Superior de Gandia.<\/p>\n<p>Actualizado 19.04.2018.<\/p>\n<h2><strong><span style=\"font-size: inherit;\">Contacto<\/span><\/strong><\/h2>\n<ul>\n<li>Instituto de Ac\u00fastica<\/li>\n<li>Facultad de Ciencias de la Ingenier\u00eda<\/li>\n<li>Universidad Austral de Chile<\/li>\n<li>Edificio 6000, Campus Miraflores, Casilla 567, Valdivia, Chile<\/li>\n<\/ul>\n<p><a href=\"https:\/\/www.acusticauach.cl\/?page_id=139\">Profesores de Ac\u00fastica<\/a><\/p>\n","protected":false},"excerpt":{"rendered":"<p>Profesor Universidad Polit\u00e9cnica de Valencia, Espa\u00f1a Jes\u00fas Alba Fern\u00e1ndez, es Ingeniero de Telecomunicaci\u00f3n y Doctor ingeniero de Telecomunicaci\u00f3n por la Universitat Polit\u00e8cnica de Val\u00e8ncia (UPV). Profesor de la UPV desde 1996, y desde hace varios a\u00f1os adscrito a la Escuela Polit\u00e9cnica Superior de Gandia (EPSG) desde hace 21 a\u00f1os. Su formaci\u00f3n investigadora empieza al grupo [&hellip;]<\/p>\n","protected":false},"author":2,"featured_media":0,"parent":139,"menu_order":0,"comment_status":"closed","ping_status":"closed","template":"","meta":{"footnotes":""},"class_list":["post-1404","page","type-page","status-publish","hentry"],"_links":{"self":[{"href":"https:\/\/www.acusticauach.cl\/index.php?rest_route=\/wp\/v2\/pages\/1404","targetHints":{"allow":["GET"]}}],"collection":[{"href":"https:\/\/www.acusticauach.cl\/index.php?rest_route=\/wp\/v2\/pages"}],"about":[{"href":"https:\/\/www.acusticauach.cl\/index.php?rest_route=\/wp\/v2\/types\/page"}],"author":[{"embeddable":true,"href":"https:\/\/www.acusticauach.cl\/index.php?rest_route=\/wp\/v2\/users\/2"}],"replies":[{"embeddable":true,"href":"https:\/\/www.acusticauach.cl\/index.php?rest_route=%2Fwp%2Fv2%2Fcomments&post=1404"}],"version-history":[{"count":0,"href":"https:\/\/www.acusticauach.cl\/index.php?rest_route=\/wp\/v2\/pages\/1404\/revisions"}],"up":[{"embeddable":true,"href":"https:\/\/www.acusticauach.cl\/index.php?rest_route=\/wp\/v2\/pages\/139"}],"wp:attachment":[{"href":"https:\/\/www.acusticauach.cl\/index.php?rest_route=%2Fwp%2Fv2%2Fmedia&parent=1404"}],"curies":[{"name":"wp","href":"https:\/\/api.w.org\/{rel}","templated":true}]}}