{"id":1402,"date":"2012-10-05T18:45:01","date_gmt":"2012-10-05T21:45:01","guid":{"rendered":"http:\/\/190.114.255.83\/~acustic1\/?page_id=1402"},"modified":"2019-11-08T20:13:48","modified_gmt":"2019-11-08T23:13:48","slug":"jaime-ramis","status":"publish","type":"page","link":"https:\/\/www.acusticauach.cl\/?page_id=1402","title":{"rendered":"Jaime Ramis"},"content":{"rendered":"<h2><strong>Profesor Universidad de Alicante, Espa\u00f1a<\/strong><a href=\"https:\/\/www.acusticauach.cl\/wp-content\/uploads\/2012\/10\/foto-Jaime-Ramis-web.jpg\"><img decoding=\"async\" class=\"size-full wp-image-2558 alignright\" title=\"foto Jaime Ramis web\" src=\"https:\/\/www.acusticauach.cl\/wp-content\/uploads\/2012\/10\/foto-Jaime-Ramis-web.jpg\" alt=\"\" width=\"213\" height=\"300\"><\/a><\/h2>\n<p>Jaime Ramis obtiene en 1985 la Licenciatura en F\u00edsica por la Univ. de Valencia y el Doctorado en F\u00edsica en 1996 en la Univ. Polit\u00e9cnica de Valencia. El Dr. Ramis es Profesor Titular en la Universidad de Alicante desde el a\u00f1o 2007. Previamente imparti\u00f3 docencia en la Universidad Polit\u00e9cnica de Valencia durante 14 a\u00f1os. Toda su labor docente se ha desarrollado en el campo de la ingenier\u00eda ac\u00fastica donde ha impartido materias relacionadas con la ac\u00fastica arquitect\u00f3nica y la electroac\u00fastica. En cuanto a la vertiente investigadora, se ha dirigido hacia los mismos campos. En ambos ha participado y dirigido proyectos de investigaci\u00f3n con financiaci\u00f3n p\u00fablica y privada.<\/p>\n<p>Desde el a\u00f1o 2007 al 2010 dirigi\u00f3 un proyecto de investigaci\u00f3n coordinado entre la Universidad de Alicante y la Universidad Polit\u00e9cnica de Valencia titulado \u201cPredicci\u00f3n del aislamiento ac\u00fastico en la edificaci\u00f3n\u201d cuyo objetivo principal era cuantificar la transmisi\u00f3n por flancos en el aislamiento a ruido a\u00e9reo entre particiones.<\/p>\n<p>En el \u00e1mbito de la electroac\u00fastica, se puede destacar la colaboraci\u00f3n con diferentes empresas para el desarrollo y la mejora de prestaciones de altavoces. Una de las \u00faltimas colaboraciones est\u00e1 relacionada con el desarrollo de un modelo para el conjunto m\u00f3vil de un altavoz del tipo \u201cAir Motion Transformer\u201d. Colabora con nuestro Instituto mediante visitas peri\u00f3dicas, proyectos de investigaci\u00f3n conjuntos y ha realizado varias publicaciones con acad\u00e9micos de nuestra universidad, incluyendo un libro.<\/p>\n<h2><strong>Contacto<\/strong><\/h2>\n<ul>\n<li>Instituto de Ac\u00fastica<\/li>\n<li>Facultad de Ciencias de la Ingenier\u00eda<\/li>\n<li>Universidad Austral de Chile<\/li>\n<li>Edificio 6000, Campus Miraflores, Casilla 567, Valdivia, Chile<\/li>\n<\/ul>\n<p><a href=\"https:\/\/www.acusticauach.cl\/?page_id=139\">Profesores de Ac\u00fastica<\/a><\/p>\n","protected":false},"excerpt":{"rendered":"<p>Profesor Universidad de Alicante, Espa\u00f1a Jaime Ramis obtiene en 1985 la Licenciatura en F\u00edsica por la Univ. de Valencia y el Doctorado en F\u00edsica en 1996 en la Univ. Polit\u00e9cnica de Valencia. El Dr. Ramis es Profesor Titular en la Universidad de Alicante desde el a\u00f1o 2007. Previamente imparti\u00f3 docencia en la Universidad Polit\u00e9cnica de [&hellip;]<\/p>\n","protected":false},"author":2,"featured_media":0,"parent":139,"menu_order":0,"comment_status":"closed","ping_status":"closed","template":"","meta":{"footnotes":""},"class_list":["post-1402","page","type-page","status-publish","hentry"],"_links":{"self":[{"href":"https:\/\/www.acusticauach.cl\/index.php?rest_route=\/wp\/v2\/pages\/1402","targetHints":{"allow":["GET"]}}],"collection":[{"href":"https:\/\/www.acusticauach.cl\/index.php?rest_route=\/wp\/v2\/pages"}],"about":[{"href":"https:\/\/www.acusticauach.cl\/index.php?rest_route=\/wp\/v2\/types\/page"}],"author":[{"embeddable":true,"href":"https:\/\/www.acusticauach.cl\/index.php?rest_route=\/wp\/v2\/users\/2"}],"replies":[{"embeddable":true,"href":"https:\/\/www.acusticauach.cl\/index.php?rest_route=%2Fwp%2Fv2%2Fcomments&post=1402"}],"version-history":[{"count":0,"href":"https:\/\/www.acusticauach.cl\/index.php?rest_route=\/wp\/v2\/pages\/1402\/revisions"}],"up":[{"embeddable":true,"href":"https:\/\/www.acusticauach.cl\/index.php?rest_route=\/wp\/v2\/pages\/139"}],"wp:attachment":[{"href":"https:\/\/www.acusticauach.cl\/index.php?rest_route=%2Fwp%2Fv2%2Fmedia&parent=1402"}],"curies":[{"name":"wp","href":"https:\/\/api.w.org\/{rel}","templated":true}]}}