{"id":1400,"date":"2012-10-05T18:43:26","date_gmt":"2012-10-05T21:43:26","guid":{"rendered":"http:\/\/190.114.255.83\/~acustic1\/?page_id=1400"},"modified":"2019-11-08T20:12:07","modified_gmt":"2019-11-08T23:12:07","slug":"samir-n-y-gerges","status":"publish","type":"page","link":"https:\/\/www.acusticauach.cl\/?page_id=1400","title":{"rendered":"Samir N.Y. Gerges"},"content":{"rendered":"<h2><strong>Profesor Universidad Federal de Santa Catarina, Bras<\/strong>il<a href=\"https:\/\/www.acusticauach.cl\/wp-content\/uploads\/2012\/10\/Samir-Gerges.jpg\"><img decoding=\"async\" class=\"alignright size-full wp-image-1807\" title=\"Samir Gerges\" src=\"https:\/\/www.acusticauach.cl\/wp-content\/uploads\/2012\/10\/Samir-Gerges.jpg\" alt=\"\" width=\"200\" height=\"300\"><\/a><\/h2>\n<p>Samir Gerges obtiene el grado de Doctor en Ingenier\u00eda en el Institute of Sound and Vibration Research de la Universidad de Southampton, Inglaterra, en 1974. Becario de investigaci\u00f3n postdoctoral entre 1974 a 1978 en la Universidad de Southampton y la Universidad de Sussex en el Reino Unido. Cinco a\u00f1os de experiencia en la industria aeron\u00e1utica desde 1964 a 1969. Profesor de ruido y vibraci\u00f3n desde 1978 en la Universidad Federal de Santa Catarina (UFSC), Brasil, donde se ha dedicado a la ense\u00f1anza de cursos en fundamentos de la ac\u00fastica, control de ruido, procesado de se\u00f1al y ruido ambiental e instrumentaci\u00f3n, a estudiantes de pregrado y posgrado.<\/p>\n<p>Sus \u00e1reas de investigaci\u00f3n han sido el control de ruido industrial, ruido de construcci\u00f3n y vial, protectores auditivos, ruido de aviones y ruido ambiental. Autor del libro \u00abFundamentos y Control del Ruido y Vibraciones\u00bb publicado en portugu\u00e9s y en espa\u00f1ol. Miembro fundador de la sociedad ac\u00fastica brasile\u00f1a (SOBRAC) en 1983 y Presidente entre 1994 a 1997 y 2000-2002. Editor de la revista SOBRAC.<\/p>\n<p>El Dr. Gerges es miembro fundador y actualmente Vicepresidente de la Federaci\u00f3n Iberoamericana de Ac\u00fastica &#8211; FIA (una Federaci\u00f3n conjunta de 7 sociedades ac\u00fasticas de Argentina, Brasil, Chile, Per\u00fa, M\u00e9xico, Portugal y Espa\u00f1a). Miembro del Directorio del IIAV, del INCE-USA (reconocimiento profesional), miembro del Grupo de trabajo en Ginebra de la OMS el 2001 para elaborar un libro sobre \u00abEvaluaci\u00f3n y Control de ruido y exposici\u00f3n en el ambiente de trabajo\u00bb. Fellow de la ASA. Miembro de los comit\u00e9 editoriales del Journal Building Acoustics, Noise Control Engineering Journal y del International Journal of Acoustics and Vibration. Organizador del Internoise2005. Ex-Presidente de ICA, Vice Presidente-INCE para el desarrollo.<\/p>\n<p>El Dr. Gerges ha sido responsable de proyectos de investigaci\u00f3n y desarrollo para FORD, GM, EMBRAER, FIAT y otros proyectos de NVH y calidad de sonido. Ha publicado m\u00e1s de 320 art\u00edculos en revistas indexadas y congresos. Colabora con nuestro Instituto desde hace muchos a\u00f1os, mediante visitas, dictaci\u00f3n de seminarios, proyectos de investigaci\u00f3n y publicaciones conjuntas y la supervisi\u00f3n de nuestros estudiantes en la UFSC en Brasil.<\/p>\n<h2><strong>Contacto<\/strong><\/h2>\n<ul>\n<li>Instituto de Ac\u00fastica<\/li>\n<li>Facultad de Ciencias de la Ingenier\u00eda<\/li>\n<li>Universidad Austral de Chile<\/li>\n<li>Edificio 6000, Campus Miraflores, Casilla 567, Valdivia, Chile<\/li>\n<\/ul>\n<p><a href=\"https:\/\/www.acusticauach.cl\/?page_id=139\">Profesores de Ac\u00fastica<\/a><\/p>\n","protected":false},"excerpt":{"rendered":"<p>Profesor Universidad Federal de Santa Catarina, Brasil Samir Gerges obtiene el grado de Doctor en Ingenier\u00eda en el Institute of Sound and Vibration Research de la Universidad de Southampton, Inglaterra, en 1974. Becario de investigaci\u00f3n postdoctoral entre 1974 a 1978 en la Universidad de Southampton y la Universidad de Sussex en el Reino Unido. Cinco [&hellip;]<\/p>\n","protected":false},"author":2,"featured_media":0,"parent":139,"menu_order":0,"comment_status":"closed","ping_status":"closed","template":"","meta":{"footnotes":""},"class_list":["post-1400","page","type-page","status-publish","hentry"],"_links":{"self":[{"href":"https:\/\/www.acusticauach.cl\/index.php?rest_route=\/wp\/v2\/pages\/1400","targetHints":{"allow":["GET"]}}],"collection":[{"href":"https:\/\/www.acusticauach.cl\/index.php?rest_route=\/wp\/v2\/pages"}],"about":[{"href":"https:\/\/www.acusticauach.cl\/index.php?rest_route=\/wp\/v2\/types\/page"}],"author":[{"embeddable":true,"href":"https:\/\/www.acusticauach.cl\/index.php?rest_route=\/wp\/v2\/users\/2"}],"replies":[{"embeddable":true,"href":"https:\/\/www.acusticauach.cl\/index.php?rest_route=%2Fwp%2Fv2%2Fcomments&post=1400"}],"version-history":[{"count":0,"href":"https:\/\/www.acusticauach.cl\/index.php?rest_route=\/wp\/v2\/pages\/1400\/revisions"}],"up":[{"embeddable":true,"href":"https:\/\/www.acusticauach.cl\/index.php?rest_route=\/wp\/v2\/pages\/139"}],"wp:attachment":[{"href":"https:\/\/www.acusticauach.cl\/index.php?rest_route=%2Fwp%2Fv2%2Fmedia&parent=1400"}],"curies":[{"name":"wp","href":"https:\/\/api.w.org\/{rel}","templated":true}]}}