{"id":1397,"date":"2012-10-05T18:41:27","date_gmt":"2012-10-05T21:41:27","guid":{"rendered":"http:\/\/190.114.255.83\/~acustic1\/?page_id=1397"},"modified":"2019-11-08T20:11:44","modified_gmt":"2019-11-08T23:11:44","slug":"ricardo-burdisso","status":"publish","type":"page","link":"https:\/\/www.acusticauach.cl\/?page_id=1397","title":{"rendered":"Ricardo Burdisso"},"content":{"rendered":"<h2><strong>Profesor Universidad Virginia Tech, Estados Unidos<\/strong><a href=\"https:\/\/www.acusticauach.cl\/wp-content\/uploads\/2012\/10\/Ricardo-Burdisso.jpg\"><img decoding=\"async\" class=\"alignright size-full wp-image-1805\" title=\"Ricardo Burdisso\" src=\"https:\/\/www.acusticauach.cl\/wp-content\/uploads\/2012\/10\/Ricardo-Burdisso.jpg\" alt=\"\" width=\"200\" height=\"300\"><\/a><\/h2>\n<p>Ricardo Burdisso obtiene su grado de Ingeniero Mec\u00e1nico en la Universidad Nacional de C\u00f3rdoba, Argentina, para posteriormente obtener su maestr\u00eda y doctorado en Ingenier\u00eda Mec\u00e1nica en la Universidad Estatal de Virginia Tech, USA. Por m\u00e1s de quince a\u00f1os, Dr. Burdisso se ha concentrado en el estudio de la ac\u00fastica y las vibraciones realizando importantes aportes en el campo del control activo de ruido y vibraciones y el desarrollo de tecnolog\u00edas en el uso de arreglos de micr\u00f3fonos con aplicaciones en la aeroac\u00fastica. Actualmente el Dr. Burdisso es Profesor Titular del Departamento de Ingenier\u00eda Mec\u00e1nica de Virginia Tech en donde imparte los cursos \u201cDynamic Systems and Vibrations\u201d y \u201cAcoustics Structure Interaction\u201d.<\/p>\n<p>Por otra parte, dentro de sus actividades acad\u00e9micas Dr. Burdisso tambi\u00e9n forma parte del Laboratorio de Ac\u00fastica y Vibraciones de Virginia Tech, en donde lidera proyectos de investigaci\u00f3n y tutela a j\u00f3venes investigadores, quienes desarrollan sus trabajos para la obtenci\u00f3n de sus grados de Ph.D y M.Sc.<\/p>\n<p>Adem\u00e1s, el Dr. Burdisso es Presidente y fundador de la compa\u00f1\u00eda AVEC. Inc., la cual ha prestado servicios de consultor\u00eda en ingenier\u00eda, sistemas mec\u00e1nicos y control de ruido y vibraciones a compa\u00f1\u00edas como Michelin, Ford Company y la Fuerza A\u00e9rea Estadounidense. Colabora con nuestro Instituto a trav\u00e9s de una beca de la Fundaci\u00f3n Fulbright, dictando cursos en la UACh y supervisando estudiantes de nuestra carrera de Ingenier\u00eda Civil Ac\u00fastica en Estados Unidos.<\/p>\n<h2><strong>Contacto<\/strong><\/h2>\n<ul>\n<li>Instituto de Ac\u00fastica<\/li>\n<li>Facultad de Ciencias de la Ingenier\u00eda<\/li>\n<li>Universidad Austral de Chile<\/li>\n<li>Edificio 6000, Campus Miraflores, Casilla 567, Valdivia, Chile<\/li>\n<\/ul>\n<p><a href=\"https:\/\/www.acusticauach.cl\/?page_id=139\">Profesores de Ac\u00fastica<\/a><\/p>\n","protected":false},"excerpt":{"rendered":"<p>Profesor Universidad Virginia Tech, Estados Unidos Ricardo Burdisso obtiene su grado de Ingeniero Mec\u00e1nico en la Universidad Nacional de C\u00f3rdoba, Argentina, para posteriormente obtener su maestr\u00eda y doctorado en Ingenier\u00eda Mec\u00e1nica en la Universidad Estatal de Virginia Tech, USA. Por m\u00e1s de quince a\u00f1os, Dr. Burdisso se ha concentrado en el estudio de la ac\u00fastica [&hellip;]<\/p>\n","protected":false},"author":2,"featured_media":0,"parent":139,"menu_order":0,"comment_status":"closed","ping_status":"closed","template":"","meta":{"footnotes":""},"class_list":["post-1397","page","type-page","status-publish","hentry"],"_links":{"self":[{"href":"https:\/\/www.acusticauach.cl\/index.php?rest_route=\/wp\/v2\/pages\/1397","targetHints":{"allow":["GET"]}}],"collection":[{"href":"https:\/\/www.acusticauach.cl\/index.php?rest_route=\/wp\/v2\/pages"}],"about":[{"href":"https:\/\/www.acusticauach.cl\/index.php?rest_route=\/wp\/v2\/types\/page"}],"author":[{"embeddable":true,"href":"https:\/\/www.acusticauach.cl\/index.php?rest_route=\/wp\/v2\/users\/2"}],"replies":[{"embeddable":true,"href":"https:\/\/www.acusticauach.cl\/index.php?rest_route=%2Fwp%2Fv2%2Fcomments&post=1397"}],"version-history":[{"count":0,"href":"https:\/\/www.acusticauach.cl\/index.php?rest_route=\/wp\/v2\/pages\/1397\/revisions"}],"up":[{"embeddable":true,"href":"https:\/\/www.acusticauach.cl\/index.php?rest_route=\/wp\/v2\/pages\/139"}],"wp:attachment":[{"href":"https:\/\/www.acusticauach.cl\/index.php?rest_route=%2Fwp%2Fv2%2Fmedia&parent=1397"}],"curies":[{"name":"wp","href":"https:\/\/api.w.org\/{rel}","templated":true}]}}