{"id":1393,"date":"2012-10-05T18:36:44","date_gmt":"2012-10-05T21:36:44","guid":{"rendered":"http:\/\/190.114.255.83\/~acustic1\/?page_id=1393"},"modified":"2019-11-08T20:11:24","modified_gmt":"2019-11-08T23:11:24","slug":"1393-2","status":"publish","type":"page","link":"https:\/\/www.acusticauach.cl\/?page_id=1393","title":{"rendered":"Michael M\u00f6ser"},"content":{"rendered":"<h2>Profesor Universidad T\u00e9cnica de Berl\u00edn, Alemania<img decoding=\"async\" class=\"alignright wp-image-5748 size-medium\" title=\"Michael Moser\" src=\"https:\/\/www.acusticauach.cl\/wp-content\/uploads\/2012\/10\/ACUS-11-200x300.jpg\" alt=\"\" width=\"200\" height=\"300\" srcset=\"https:\/\/www.acusticauach.cl\/wp-content\/uploads\/2012\/10\/ACUS-11-200x300.jpg 200w, https:\/\/www.acusticauach.cl\/wp-content\/uploads\/2012\/10\/ACUS-11-500x750.jpg 500w, https:\/\/www.acusticauach.cl\/wp-content\/uploads\/2012\/10\/ACUS-11.jpg 667w\" sizes=\"(max-width: 200px) 100vw, 200px\" \/><\/h2>\n<p style=\"text-align: justify;\">El Prof. Dr.-Ing. Michael M\u00f6ser obtuvo el grado de Doctor en Ciencias de la Ingenier\u00eda en el a\u00f1o 1983, desarrollando su investigaci\u00f3n sobre teor\u00eda del aislamiento ac\u00fastico de paredes dobles. En 1988 se public\u00f3 su primer libro, \u00abAnalyse und Synthese akustischer Spektren\u00bb. Desde 1994 es director del Instituto de Ac\u00fastica (actualmente Instit\u00fct f\u00fcr Str\u00f6mungsmechanik und Technische Akustik) de la Universidad T\u00e9cnica de Berlin, continuando con la labor desarrollada anteriormente por los destacados L. Cremer y M. Heckl.<\/p>\n<p style=\"text-align: justify;\">La gran experiencia acad\u00e9mica y cient\u00edfica acumulada por el Dr. M\u00f6ser, as\u00ed como sus art\u00edculos y libros en varios idiomas, lo han llevado a ser reconocido internacionalmente como un destacado experto en el \u00e1rea de la ingenier\u00eda ac\u00fastica. Colabora desde hace muchos a\u00f1os con nuestro Instituto, realizando visitas peri\u00f3dicas, dictando seminarios, realizando proyectos conjuntos de investigaci\u00f3n y supervisando estudiantes doctorales de la UACh en Berl\u00edn.<\/p>\n<h2><strong>Contacto<\/strong><\/h2>\n<p>Instituto de Ac\u00fastica<\/p>\n<p>Facultad de Ciencias de la Ingenier\u00eda<\/p>\n<p>Universidad Austral de Chile<\/p>\n<p>Edificio 6000, Campus Miraflores, Casilla 567, Valdivia, Chile<\/p>\n<p><a href=\"https:\/\/www.acusticauach.cl\/?page_id=139\">Profesores de Ac\u00fastica<\/a><\/p>\n","protected":false},"excerpt":{"rendered":"<p>Profesor Universidad T\u00e9cnica de Berl\u00edn, Alemania El Prof. Dr.-Ing. Michael M\u00f6ser obtuvo el grado de Doctor en Ciencias de la Ingenier\u00eda en el a\u00f1o 1983, desarrollando su investigaci\u00f3n sobre teor\u00eda del aislamiento ac\u00fastico de paredes dobles. En 1988 se public\u00f3 su primer libro, \u00abAnalyse und Synthese akustischer Spektren\u00bb. Desde 1994 es director del Instituto de [&hellip;]<\/p>\n","protected":false},"author":2,"featured_media":0,"parent":139,"menu_order":0,"comment_status":"closed","ping_status":"closed","template":"","meta":{"footnotes":""},"class_list":["post-1393","page","type-page","status-publish","hentry"],"_links":{"self":[{"href":"https:\/\/www.acusticauach.cl\/index.php?rest_route=\/wp\/v2\/pages\/1393","targetHints":{"allow":["GET"]}}],"collection":[{"href":"https:\/\/www.acusticauach.cl\/index.php?rest_route=\/wp\/v2\/pages"}],"about":[{"href":"https:\/\/www.acusticauach.cl\/index.php?rest_route=\/wp\/v2\/types\/page"}],"author":[{"embeddable":true,"href":"https:\/\/www.acusticauach.cl\/index.php?rest_route=\/wp\/v2\/users\/2"}],"replies":[{"embeddable":true,"href":"https:\/\/www.acusticauach.cl\/index.php?rest_route=%2Fwp%2Fv2%2Fcomments&post=1393"}],"version-history":[{"count":0,"href":"https:\/\/www.acusticauach.cl\/index.php?rest_route=\/wp\/v2\/pages\/1393\/revisions"}],"up":[{"embeddable":true,"href":"https:\/\/www.acusticauach.cl\/index.php?rest_route=\/wp\/v2\/pages\/139"}],"wp:attachment":[{"href":"https:\/\/www.acusticauach.cl\/index.php?rest_route=%2Fwp%2Fv2%2Fmedia&parent=1393"}],"curies":[{"name":"wp","href":"https:\/\/api.w.org\/{rel}","templated":true}]}}