{"id":13767,"date":"2020-10-12T11:59:51","date_gmt":"2020-10-12T14:59:51","guid":{"rendered":"http:\/\/www.acusticauach.cl\/?page_id=13767"},"modified":"2020-10-27T10:22:57","modified_gmt":"2020-10-27T13:22:57","slug":"labacam-investigadores","status":"publish","type":"page","link":"https:\/\/www.acusticauach.cl\/?page_id=13767","title":{"rendered":"LABACAM Investigadores"},"content":{"rendered":"\n<h4 class=\"wp-block-heading\">Responsable del Laboratorio de Ac\u00fastica Ambiental &#8211; LABACAM<\/h4>\n\n\n<p>[show-testimonials alias=&#8217;LABACAM_Resp&#8217;]<\/p>\n\n\n\n<h4 class=\"wp-block-heading\">Colaboradores Permanentes del Instituto de Ac\u00fastica<\/h4>\n\n\n<p>[show-testimonials alias=&#8217;LABACAM_Prof&#8217;]<\/p>\n\n\n\n<h4 class=\"wp-block-heading\">Colaboradores otras Universidades y Centros<\/h4>\n\n\n\n<p>Dr. Guillermo Rey Gozalo.  Dpto. F\u00edsica Aplicada, Escuela Polit\u00e9cnica, Universidad de Extremadura, Espa\u00f1a<\/p>\n\n\n\n<p>Dr. Pierre Aumond. Researcher. UMRAE, Univ Gustave Eiffel, Nantes, France <\/p>\n\n\n\n<p><\/p>\n","protected":false},"excerpt":{"rendered":"<p>Responsable del Laboratorio de Ac\u00fastica Ambiental &#8211; LABACAM Colaboradores Permanentes del Instituto de Ac\u00fastica Colaboradores otras Universidades y Centros Dr. Guillermo Rey Gozalo. Dpto. F\u00edsica Aplicada, Escuela Polit\u00e9cnica, Universidad de Extremadura, Espa\u00f1a Dr. Pierre Aumond. Researcher. UMRAE, Univ Gustave Eiffel, Nantes, France<\/p>\n","protected":false},"author":2,"featured_media":13944,"parent":13666,"menu_order":0,"comment_status":"closed","ping_status":"closed","template":"","meta":{"footnotes":""},"class_list":["post-13767","page","type-page","status-publish","has-post-thumbnail","hentry"],"_links":{"self":[{"href":"https:\/\/www.acusticauach.cl\/index.php?rest_route=\/wp\/v2\/pages\/13767","targetHints":{"allow":["GET"]}}],"collection":[{"href":"https:\/\/www.acusticauach.cl\/index.php?rest_route=\/wp\/v2\/pages"}],"about":[{"href":"https:\/\/www.acusticauach.cl\/index.php?rest_route=\/wp\/v2\/types\/page"}],"author":[{"embeddable":true,"href":"https:\/\/www.acusticauach.cl\/index.php?rest_route=\/wp\/v2\/users\/2"}],"replies":[{"embeddable":true,"href":"https:\/\/www.acusticauach.cl\/index.php?rest_route=%2Fwp%2Fv2%2Fcomments&post=13767"}],"version-history":[{"count":0,"href":"https:\/\/www.acusticauach.cl\/index.php?rest_route=\/wp\/v2\/pages\/13767\/revisions"}],"up":[{"embeddable":true,"href":"https:\/\/www.acusticauach.cl\/index.php?rest_route=\/wp\/v2\/pages\/13666"}],"wp:featuredmedia":[{"embeddable":true,"href":"https:\/\/www.acusticauach.cl\/index.php?rest_route=\/wp\/v2\/media\/13944"}],"wp:attachment":[{"href":"https:\/\/www.acusticauach.cl\/index.php?rest_route=%2Fwp%2Fv2%2Fmedia&parent=13767"}],"curies":[{"name":"wp","href":"https:\/\/api.w.org\/{rel}","templated":true}]}}