{"id":13749,"date":"2020-10-12T11:26:48","date_gmt":"2020-10-12T14:26:48","guid":{"rendered":"http:\/\/www.acusticauach.cl\/?page_id=13749"},"modified":"2023-02-24T11:39:20","modified_gmt":"2023-02-24T14:39:20","slug":"labacam-presentacion-en-congresos","status":"publish","type":"page","link":"https:\/\/www.acusticauach.cl\/?page_id=13749","title":{"rendered":"LABACAM Publicaciones"},"content":{"rendered":"\n<h4 class=\"wp-block-heading\">Publicaciones WoS (Indexadas)<\/h4>\n\n\n\n<ol class=\"wp-block-list\"><li>  Carrasco, V.;\u00a0<strong>Arenas, J.P.<\/strong>; Huijse, P.; Espejo, D.; Vargas, V.; Viveros-Mu\u00f1oz, R.;\u00a0<strong>Poblete, V.<\/strong>; Vernier, M.;\u00a0<strong>Su\u00e1rez, E.<\/strong>\u00a0Application of Deep Learning to Enforce Environmental Noise Regulation in an Urban Setting. Sustainability 2023, 15, 3528.\u00a0<a rel=\"noreferrer noopener\" href=\"https:\/\/doi.org\/10.3390\/su15043528\" target=\"_blank\">https:\/\/doi.org\/10.3390\/su15043528<\/a> <\/li><li> Luis Bravo-Moncayo, Roberto Mosquera, Virginia Puyana-Romero, Michelle Romero, Jos\u00e9 Lucio-Naranjo &amp;\u00a0<strong>Enrique Su\u00e1rez<\/strong>\u00a0(2022) Traffic noise and property values: an instrumental variable strategy for hedonic valuation, Journal of Environmental Planning and Management, DOI:\u00a0<a href=\"https:\/\/doi.org\/10.1080\/09640568.2022.2079079\">10.1080\/09640568.2022.2079079<\/a> <\/li><li>Rey Gozalo, G.;\u00a0<strong>Su\u00e1rez, E.; Montenegro, A.L.; Arenas, J.P.<\/strong>; Barrig\u00f3n Morillas, J.M.; Montes Gonz\u00e1lez, D. \u00abNoise Estimation Using Road and Urban Features\u00bb. Sustainability 12, 9217 (2020). [<a rel=\"noreferrer noopener\" href=\"https:\/\/doi.org\/10.3390\/su12219217\" target=\"_blank\">https:\/\/doi.org\/10.3390\/su12219217<\/a>] <\/li><li>P. Aumond, A. Can, G. Rey Gozalo, N. Fortin, <strong>E. Su\u00e1rez.<\/strong> Method for in situ acoustic calibration of smartphone-based sound measurement applications. Applied Acoustics. Volume 166, September 2020, 107337. (2020) [ <a rel=\"noreferrer noopener\" href=\"https:\/\/doi.org\/10.1016\/j.apacoust.2020.107337\" target=\"_blank\">https:\/\/doi.org\/10.1016\/j.apacoust.2020.107337<\/a>]<\/li><li><strong>Nicol\u00e1s A. Basti\u00e1n-Monarca, Enrique Su\u00e1rez, Jorge P. Arenas<\/strong>. Assessment of methods for simplified traffic noise mapping of small cities: Casework of the city of Valdivia, Chile. SCIENCE OF THE TOTAL ENVIRONMENT. Volume 550, 15 April (2016), Pages 439\u2013448.<\/li><li><strong>Su\u00e1rez E, <\/strong>Barros JL, Traffic noise mapping of the city of Santiago de Chile, SCIENCE OF THE TOTAL ENVIRONMENT 466\u2013467(1): 539\u2013546. 2014.<\/li><li>Sommerhoff J., Recuero M., <strong>Su\u00e1rez E<\/strong>. (2006) Relationship between loudness perception and noise indices in Valdivia, Chile. Applied Acoustics Vol 67, issue 9, 2006. P\u00e1gs. 892-900.<\/li><\/ol>\n\n\n\n<h4 class=\"wp-block-heading\">Publicaciones en congresos<\/h4>\n\n\n\n<ol class=\"wp-block-list\"><li>Guillermo Rey Gozalo; Enrique Su\u00e1rez, Jorge P. Arenas; Juan Miguel\nBarrig\u00f3n Morillas; David Montes Gonz\u00e1lez; Camila Oyarz\u00fan Toledo, Diego Vergara\nElgueda, Leonel Molina Alvarado, Fausto Espinoza Herrera. \u201cStudy of the noise\nvariability recorded by monitoring stations in Chilean cities\u201d. INTERNOISE 2020\n49th International Congress and Exposition on Noise Control Engineering, Korea,\n23-26 August 2020.<\/li><li>Francesco Aletta; Tin Oberman; \u00d6sten Axelsson; Hui Xie; Yuan Zhang;\nSiu-Kit Lau; Shiu-Keung Tang; Kristian Jambro\u0161i\u0107; Bert De Coensel; Kirsten van\nden Bosch; Pierre Aumond; Catherine Guastavino; Catherine Lavandier; Andr\u00e9\nFiebig; Brigitte Schulte-Fortkamp; Joko Sarwono, Anugrah Sudarsono; Arianna\nAstolfi; Koji Nagahata; Jin-Yong Jeon; Hyun-In Jo; Julia Chieng; Woon- Seng Gan;\nJoo-Young Hong; Bhan Lam; Zhen-Ting Ong; Pablo Kogan; Enrique Su\u00e1rez Silva,\nJer\u00f3nimo Vida Manzano, Papatya Nur D\u00f6kmeci Y\u00f6r\u00fcko\u011flu; Thu Lan Nguyen; and Jian\nKang. \u201cSoundscape assessment: towards a validated\ntranslation of perceptual attributes in different languages\u201d. INTERNOISE\n2020 49th International Congress and Exposition on Noise Control Engineering,\nKorea, 23-26 August 2020.<\/li><li>Guillermo Rey-Gozalo; Enrique Su\u00e1rez; Jorge P. Arenas; Alexandra\nAstudillo-Montenegro. \u201cTemporal Evolution of the Noise Levels in the City of\nValdivia, Chile\u201d. ICSV26 \u2013 26th International Congress on Sound and Vibration,\nMontr\u00e9al 7\u201311 July 2019.<\/li><li>Rey-Gozalo, Guillermo; Barrig\u00f3n-Morillas, Juan-Miguel;\nMontes-Gonz\u00e1lez, David; Atanasio-Moraga, Pedro; Su\u00e1rez, Enrique; Arenas, Jorge\nP. \u201cUrban planning, road types and noise pollution\u201d (IP). INTER-NOISE 2019 The\n48th International Congress and Exhibition on Noise Control Engineering.\nMadrid, 16 \u2013 19, June 2019.<\/li><li>Pav\u00f3n, Ignacio; De Arcas, Guillermo; Sigcha, Luis; San\nMill\u00e1n-Castillo, Roberto; Su\u00e1rez, Enrique; Hermida, Luis Fernando. \u201cData\ncollection methodology evolution for Soundscape assessing: A case of study in\nMenorca Island (Spain)\u201d. INTER-NOISE 2019 The 48th International Congress and\nExhibition on Noise Control Engineering. Madrid, 16 \u2013 19, June 2019.<\/li><li>Pav\u00f3n, I.; de Arcas, G.; Asensio, C.; San Mill\u00e1n-Castillo, R.;\nSu\u00e1rez, E.; Hermida, L. \u201cUpdating methodology for soundscape assessing in\nMenorca Island\u201d. URBAN SOUND SYMPOSIUM. April 3-5, 2019 in Ghent, Belgium.<\/li><li>Rey Gozalo, G. ; Su\u00e1rez, E.; Arenas, J.P.; C\u00e1rdenas, J.; B\u00e1ez, A.\n\u00abRelaci\u00f3n entre el Tipo de V\u00eda Urbana y el Tr\u00e1nsito Rodado\u00bb. XI\nCongreso Iberoamericano de Ac\u00fastica; X Congreso Ib\u00e9rico de Ac\u00fastica; 49\u00ba\nCongreso Espa\u00f1ol de Ac\u00fastica \u2013TECNIACUSTICA . octubre 2018.<\/li><li>Su\u00e1rez, E.; Arenas, J.P.; Gozalo-Rey, G . \u00abEducational App for Traffic Noise Mapping\u00bb INTERNOISE 2018. 47th\nInternational Congress and Exposition on Noise Control Engineering. Chicago,\nIllinois, EEUU. 26-29 August 2018.<\/li><li>Parra, J.; Darr, C.; Su\u00e1rez, E.; Arenas, J.P.; Burdisso, R.;\nMcBride, S.; Valdebenito, I. \u00abWind Turbine Noise Measurements in\nChile\u00bb INTERNOISE 2018. 47th International Congress and Exposition on\nNoise Control Engineering. Chicago, Illinois, EEUU. 26-29 August 2018.<\/li><li>Basti\u00e1n-Monarca, N. ; \u00c1lvarez, J.P.; Darr, C.; Parra, J.; Arenas,\nJ.P.; Su\u00e1rez, E. \u00abAcoustic Characterization of Wind Farms in Chile: Wind\nTurbine Noise Measurements throughout the Country\u00bb INTERNOISE 2018. 47th\nInternational Congress and Exposition on Noise Control Engineering. Chicago,\nIllinois, EEUU. 26-29 August 2018.<\/li><li>Arenas, J.P., Su\u00e1rez, E., C\u00e1rdenas, J. Estimating the Contribution\nof Public Transport Buses to the Total Traffic Noise in Santiago de Chile. 24th\nInternational Congress on Sound and Vibration. London 23\/27 July 2017.<\/li><li>Su\u00e1rez, E., Torres, R., Arenas, J.P., C\u00e1rdenas, J., Cursos de\nProyectos Aplicados en Ingenier\u00eda Civil Ac\u00fastica y Su Aporte a Competencias\nProfesionales. XXIX Congreso Chileno de Educaci\u00f3n en Ingenier\u00eda 2016, Chile.<\/li><li>Arenas J.P., Su\u00e1rez E., Burdisso R. A. \u201cEnvironmental Noise Impact\nAssessment for Wind farms: The Case of Chile\u201d. WESPAC Western Pacific Acoustics\nConference 2015. Singapure, 06-09 diciembre 2015.<\/li><li>Su\u00e1rez E., C\u00e1rdenas J. Estudio de Paisaje Sonoro en Valdivia,\nChile. 46\u00ba Congreso Espa\u00f1ol de Ac\u00fastica, Encuentro Ib\u00e9rico de Ac\u00fastica. Octubre\nde 2015, Valencia Espa\u00f1a.<\/li><li>Su\u00e1rez E., Barbosa O. Valorizaci\u00f3n Ac\u00fastica de Espacios Verdes en\nValdivia, Chile. 46\u00ba Congreso Espa\u00f1ol de Ac\u00fastica, Encuentro Ib\u00e9rico de\nAc\u00fastica. Octubre de 2015, Valencia Espa\u00f1a.<\/li><li>Basti\u00e1n N., Su\u00e1rez E. M\u00e9todos de Simplificaci\u00f3n para la\nElaboraci\u00f3n de Mapas de Ruido De Ciudades. 46\u00ba Congreso Espa\u00f1ol de Ac\u00fastica,\nEncuentro Ib\u00e9rico de Ac\u00fastica. Octubre de 2015, Valencia Espa\u00f1a.<\/li><li>Basti\u00e1n N., \u00c1lvarez Juan P., Su\u00e1rez E., B\u00e1ez A. Elecci\u00f3n de un\nModelo de Ruido de Tr\u00e1nsito Vehicular Para Chile. 46\u00ba Congreso Espa\u00f1ol de\nAc\u00fastica, Encuentro Ib\u00e9rico de Ac\u00fastica. 2015, Valencia Espa\u00f1a.<\/li><li>Su\u00e1rez E., Barros J. L., \u00c1lvarez J. P., Romero R., Gonz\u00e1lez C.,\nB\u00e1ez L., Saavedra C. Mapa de Ruido del Gran Santiago Mediante Modelaci\u00f3n. IX\nCongreso Iberoamericano de Ac\u00fastica, Valdivia, Chile, 2014.<\/li><li>Su\u00e1rez E., Marzzano A. Estudios subjetivos sobre ruido ambiental\nen Chile. 45\u00ba Congreso TECNIACUSTICA 8\u00ba Congreso Ib\u00e9rico de Ac\u00fastica, 29-31 de\noctubre, Murcia, Espa\u00f1a. 2014.<\/li><li>Su\u00e1rez E., Marzzano A. Estudios Subjetivos Sobre Ruido Ambiental\nEn Chile. 45\u00b0 Congreso TECNIACUSTICA 2014, 8\u00ba Congreso Ib\u00e9rico de Ac\u00fastica y el\nSimposio Europeo sobre Ciudades Inteligentes y Ac\u00fastica Ambiental. Murcia,\nEspa\u00f1a. 29 \/ 31 octubre 2014.<\/li><li>Su\u00e1rez E., Quezada R. Avances en Mapas de Ruido en Chile. 44\u00b0\nCongreso TECNIACUSTICA 2013, Valladolid, Espa\u00f1a. 2 \u2013 4 octubre 2013.<\/li><li>Su\u00e1rez E., Torres R., Arenas J.P., C\u00e1rdenas J., Poo C., Flores R.,\nYori A., Barros J.&nbsp; Experiencia de\nmetodolog\u00edas activas de aprendizaje en base a desarrollo de proyectos aplicados\nen Ingenier\u00eda Civil Ac\u00fastica. XXVI Congreso Chileno de Educaci\u00f3n en Ingenier\u00eda,\nPUCV. Valpara\u00edso, Chile. 23 \u2013 25 de octubre de 2013.<\/li><li>Rey G., Su\u00e1rez E., Barrig\u00f3n J.M.; G\u00f3mez V. (2011) Estudio del\nRuido Urbano de Valdivia (Chile) a Trav\u00e9s de Diferentes M\u00e9todos de Muestreo:\nCuadr\u00edcula y Categorizaci\u00f3n. 42\u00ba Congreso Espa\u00f1ol de Ac\u00fastica, Encuentro\nIb\u00e9rico de Ac\u00fastica, European Symposium On Environmental Acoustics And On\nBuildings Acoustically Sustainable. C\u00e1ceres, Espa\u00f1a.<\/li><li>Su\u00e1rez E., Barros J., B\u00e1ez L., Stevens J., Romero R, \u00c1lvarez J.,\nGonz\u00e1lez C., Rey G. (2011). Estudio de percepci\u00f3n de ruido ambiental en la\nComuna de Santiago de Chile. Congreso Internacional de Ac\u00fastica y Audio\nProfesional INGEACUS 2011, Valdivia, Chile.<\/li><li>Su\u00e1rez E., Barros J., B\u00e1ez L., Stevens J., Romero R, \u00c1lvarez J.,\nGonz\u00e1lez C., Rey G. (2011). Mapa de Ruido de la Comuna de Santiago de Chile\nMediante Modelaci\u00f3n. Congreso Internacional de Ac\u00fastica y Audio Profesional\nINGEACUS 2011, Valdivia, Chile<\/li><li>Rey G., Su\u00e1rez E., Barrig\u00f3n J.M., G\u00f3mez V. (2011). Aplicaci\u00f3n del\nm\u00e9todo de categorizaci\u00f3n en el estudio de ruido urbano de la ciudad de\nValdivia. Congreso Internacional de Ac\u00fastica y Audio INGEACUS 2011, Chile.<\/li><li>Su\u00e1rez E., (2010) A successful undergraduate program in Acoustical\nEngineering, 2nd Pan American\/Iberian Meeting on Acoustics, M\u00e9xico.<\/li><li>Su\u00e1rez E., Arenas J.P. (2010) Main features of the materials used\nin and the type of sound barriers built in Chile, 2nd Pan American\/Iberian\nMeeting on Acoustics, M\u00e9xico.<\/li><li>Su\u00e1rez E., Arenas J.P., Valdebenito I. (2010). Advances in\nEnvironmental Noise Control Management In Chile. INTER-NOISE 2010, 39th Inter.\nCongress and Exposition on Noise Control Engineering, Lisboa.<\/li><li>\u00c1lvarez Juan P., Su\u00e1rez E. (2008). Estudio Comparativo de Modelos\nde Predicci\u00f3n de Ruido de Tr\u00e1fico Rodado, Utilizando Mediciones en la Ciudad de\nOsorno. VI Congreso Iberoamericano de Ac\u00fastica &#8211; FIA BsAs.<\/li><li>Lobos V., Su\u00e1rez E. (2008). Estudio Subjetivo de la Percepci\u00f3n del\nRuido Ambiental en la Ciudad de Puerto Montt. VI Congreso Iberoamericano de\nAc\u00fastica &#8211; FIA 2008, Buenos Aires.<\/li><li>Lobos V., Su\u00e1rez E. (2008). Evaluaci\u00f3n del Ruido Ambiental de la\nCiudad de Puerto Montt. VI Congreso Iberoamericano de Ac\u00fastica &#8211; FIA 2008,\nBuenos Aires.<\/li><li>Su\u00e1rez E., Antillanca P. (2005). Influence of Tourists on\nEnvironmental Noise of a Small City (Castro, Chile). INTERNOISE 2005,\nEnvironmental Noise Control, Rio de Janeiro, Brasil.<\/li><li>Su\u00e1rez E., Recuero M. (2002). Study of Annoyance by Environmental\nNoise in Menorca Island\u2019s Population. Forum Acusticum 2002, Sevilla, Espa\u00f1a.<\/li><li>Su\u00e1rez E., Recuero M. (2002). Study of Perception on the Acoustic\nEnvironmental of Students of School in the Menorca Island. Forum Acusticum\n2002, Sevilla, Espa\u00f1a.<\/li><li>Su\u00e1rez E., Recuero M. (2000). An\u00e1lisis Comparativo Sobre Programas\nComputacionales Predicci\u00f3n de Ruido en Exteriores. II Congreso Iberoamericano\nde Ac\u00fastica, Madrid, Espa\u00f1a.<\/li><li>P\u00e9rez A., Su\u00e1rez E. (1998). Desarrollo y Aplicaci\u00f3n de una\nMetodolog\u00eda Simple Para Determinar \u00cdndices de Contaminaci\u00f3n Ac\u00fastica en una\nZona Urbana (Caso Comuna Talcahuano). I Congreso Iberoamericano de Ac\u00fastica,\nBrasil.<\/li><li>Collados E. Su\u00e1rez E. (1998). Simplified Test for in Situ Sound\nInsulation Measurement In Buildings. I Congreso Iberoamericano de Ac\u00fastica,\nBrasil.<\/li><\/ol>\n\n\n\n<h4 class=\"wp-block-heading\">Libros y cap\u00edtulos de libros<\/h4>\n\n\n\n<ol class=\"wp-block-list\"><li>Enrique Su\u00e1rez S., Jorge C\u00e1rdenas M. Mapa Sonoro de la Zona Centro del Gran Santiago. Impresi\u00f3n: Imprenta America Ltda. Valdivia, Chile. 63 P\u00e1ginas. 2018. ISBN: 9978-956-390-067-5 \/ ISBN DISCO: 978-956-390-068-2. Versi\u00f3n web: www.mapa.acusticauach.cl <\/li><li>Enrique Su\u00e1rez S., Jorge C\u00e1rdenas M. Mapa Sonoro de Valdivia. Impresi\u00f3n: Imprenta Maval Ltda. Santiago. 61 P\u00e1ginas. 2015. ISBN: 978-956-9412-29-5 \/ ISBN DISCO: 978-956-9412-30-1. Versi\u00f3n web: www.mapa.acusticauach.cl&nbsp;&nbsp; <\/li><li>Jorge P. Arenas, Jes\u00fas Alba, Romina del Rey, Jaime Ramis &amp; Enrique Su\u00e1rez Materiales Absorbentes Ecol\u00f3gicos para Pantallas Ac\u00fasticas, 2da Ed., Publicaciones Universidad de Alicante, Espa\u00f1a, 184 p., 2013. ISBN 978-84-9717-274-5.<\/li><li>Jorge P. Arenas, Jes\u00fas Alba, Romina del Rey, Jaime Ramis &amp; Enrique Su\u00e1rez. (2011) Materiales Absorbentes Ecol\u00f3gicos para Pantallas Ac\u00fasticas. Ed. Univ. Austral de Chile<\/li><\/ol>\n","protected":false},"excerpt":{"rendered":"<p>Publicaciones WoS (Indexadas) Carrasco, V.;\u00a0Arenas, J.P.; Huijse, P.; Espejo, D.; Vargas, V.; Viveros-Mu\u00f1oz, R.;\u00a0Poblete, V.; Vernier, M.;\u00a0Su\u00e1rez, E.\u00a0Application of Deep Learning to Enforce Environmental Noise Regulation in an Urban Setting. Sustainability 2023, 15, 3528.\u00a0https:\/\/doi.org\/10.3390\/su15043528 Luis Bravo-Moncayo, Roberto Mosquera, Virginia Puyana-Romero, Michelle Romero, Jos\u00e9 Lucio-Naranjo &amp;\u00a0Enrique Su\u00e1rez\u00a0(2022) Traffic noise and property values: an instrumental variable strategy [&hellip;]<\/p>\n","protected":false},"author":2,"featured_media":13813,"parent":13666,"menu_order":0,"comment_status":"closed","ping_status":"closed","template":"","meta":{"footnotes":""},"class_list":["post-13749","page","type-page","status-publish","has-post-thumbnail","hentry"],"_links":{"self":[{"href":"https:\/\/www.acusticauach.cl\/index.php?rest_route=\/wp\/v2\/pages\/13749","targetHints":{"allow":["GET"]}}],"collection":[{"href":"https:\/\/www.acusticauach.cl\/index.php?rest_route=\/wp\/v2\/pages"}],"about":[{"href":"https:\/\/www.acusticauach.cl\/index.php?rest_route=\/wp\/v2\/types\/page"}],"author":[{"embeddable":true,"href":"https:\/\/www.acusticauach.cl\/index.php?rest_route=\/wp\/v2\/users\/2"}],"replies":[{"embeddable":true,"href":"https:\/\/www.acusticauach.cl\/index.php?rest_route=%2Fwp%2Fv2%2Fcomments&post=13749"}],"version-history":[{"count":0,"href":"https:\/\/www.acusticauach.cl\/index.php?rest_route=\/wp\/v2\/pages\/13749\/revisions"}],"up":[{"embeddable":true,"href":"https:\/\/www.acusticauach.cl\/index.php?rest_route=\/wp\/v2\/pages\/13666"}],"wp:featuredmedia":[{"embeddable":true,"href":"https:\/\/www.acusticauach.cl\/index.php?rest_route=\/wp\/v2\/media\/13813"}],"wp:attachment":[{"href":"https:\/\/www.acusticauach.cl\/index.php?rest_route=%2Fwp%2Fv2%2Fmedia&parent=13749"}],"curies":[{"name":"wp","href":"https:\/\/api.w.org\/{rel}","templated":true}]}}