{"id":13426,"date":"2020-06-07T20:02:46","date_gmt":"2020-06-08T00:02:46","guid":{"rendered":"http:\/\/www.acusticauach.cl\/?page_id=13426"},"modified":"2023-10-28T21:59:22","modified_gmt":"2023-10-29T00:59:22","slug":"soundlapse","status":"publish","type":"page","link":"https:\/\/www.acusticauach.cl\/?page_id=13426","title":{"rendered":"SoundLapse"},"content":{"rendered":"\n<h2 class=\"wp-block-heading\">Proyecto de investigaci\u00f3n SoundLapse<\/h2>\n\n\n\n<p><em>Soundlapse<\/em>&nbsp;es una iniciativa transdisciplinario vinculada al proyecto de investigaci\u00f3n \u201cM\u00e9todo de time-lapse sonoro para la puesta en valor del patrimonio sonoro de humedales urbanos\u201d No. 1190722 financiado por el programa FONDECYT regular 2019 de la Agencia Nacional de Investigaci\u00f3n y Desarrollo de Chile. <\/p>\n\n\n\n<figure class=\"wp-block-embed is-type-video is-provider-youtube wp-block-embed-youtube wp-embed-aspect-16-9 wp-has-aspect-ratio\"><div class=\"wp-block-embed__wrapper\">\n<iframe title=\"Grabaciones Paisaje Sonoro, Rodrigo Torres  - Proyecto Soundlapse\" width=\"1200\" height=\"675\" src=\"https:\/\/www.youtube.com\/embed\/JtWe2kUwR7E?feature=oembed\" frameborder=\"0\" allow=\"accelerometer; autoplay; clipboard-write; encrypted-media; gyroscope; picture-in-picture; web-share\" allowfullscreen><\/iframe>\n<\/div><\/figure>\n\n\n\n<p>El proyecto agrupa diversas l\u00edneas de investigaci\u00f3n vinculadas al estudio del paisaje sonoro de humedales urbanos de Valdivia y tiene como objetivo principal caracterizar y resaltar el valor patrimonial de este tipo de entornos naturales a trav\u00e9s de la implementaci\u00f3n de un novedoso m\u00e9todo de montaje sonoro tipo time-lapse.&nbsp;Este m\u00e9todo se basa en la toma de breves muestras de audio de cada hora, registradas durante 24 horas en distintos humedales urbanos de Valdivia. Dichas muestras de audio son luego combinadas usando un proceso de montaje sonoro concebido para generar transiciones entre muestras graduales e imperceptibles auditivamente. <\/p>\n\n\n<div class=\"wp-block-image\">\n<figure class=\"aligncenter\"><img decoding=\"async\" width=\"1000\" height=\"200\" src=\"https:\/\/www.acusticauach.cl\/wp-content\/uploads\/2019\/11\/banner_soundlapse_01_1000x200.jpg\" alt=\"\" class=\"wp-image-12690\" srcset=\"https:\/\/www.acusticauach.cl\/wp-content\/uploads\/2019\/11\/banner_soundlapse_01_1000x200.jpg 1000w, https:\/\/www.acusticauach.cl\/wp-content\/uploads\/2019\/11\/banner_soundlapse_01_1000x200-300x60.jpg 300w, https:\/\/www.acusticauach.cl\/wp-content\/uploads\/2019\/11\/banner_soundlapse_01_1000x200-768x154.jpg 768w, https:\/\/www.acusticauach.cl\/wp-content\/uploads\/2019\/11\/banner_soundlapse_01_1000x200-125x25.jpg 125w, https:\/\/www.acusticauach.cl\/wp-content\/uploads\/2019\/11\/banner_soundlapse_01_1000x200-75x15.jpg 75w\" sizes=\"(max-width: 1000px) 100vw, 1000px\" \/><figcaption class=\"wp-element-caption\">  M\u00e1s informaci\u00f3n en&nbsp;<a href=\"http:\/\/www.soundlapse.net\/\">www.soundlapse.net<\/a> <\/figcaption><\/figure>\n<\/div>\n\n\n<figure class=\"wp-block-embed is-type-video is-provider-youtube wp-block-embed-youtube wp-embed-aspect-16-9 wp-has-aspect-ratio\"><div class=\"wp-block-embed__wrapper\">\n<iframe title=\"Algoritmo de time lapse sonoro, Victor Poblete   Proyecto Soundlapse\" width=\"1200\" height=\"675\" src=\"https:\/\/www.youtube.com\/embed\/HZjoq7g9wyc?feature=oembed\" frameborder=\"0\" allow=\"accelerometer; autoplay; clipboard-write; encrypted-media; gyroscope; picture-in-picture; web-share\" allowfullscreen><\/iframe>\n<\/div><\/figure>\n\n\n\n<h5 class=\"wp-block-heading\"><strong>Ir a la web <a href=\"https:\/\/soundlapse.net\/\" target=\"_blank\" rel=\"noreferrer noopener\" aria-label=\"SoundLapse (abre en una nueva pesta\u00f1a)\">SoundLapse<\/a><\/strong><\/h5>\n\n\n\n<figure class=\"wp-block-embed is-type-video is-provider-youtube wp-block-embed-youtube wp-embed-aspect-16-9 wp-has-aspect-ratio\"><div class=\"wp-block-embed__wrapper\">\n<iframe title=\"Investigaci\u00f3n en Paisaje Sonoro\" width=\"1200\" height=\"675\" src=\"https:\/\/www.youtube.com\/embed\/54mvVNZurCg?feature=oembed\" frameborder=\"0\" allow=\"accelerometer; autoplay; clipboard-write; encrypted-media; gyroscope; picture-in-picture; web-share\" allowfullscreen><\/iframe>\n<\/div><\/figure>\n","protected":false},"excerpt":{"rendered":"<p>Proyecto de investigaci\u00f3n SoundLapse Soundlapse&nbsp;es una iniciativa transdisciplinario vinculada al proyecto de investigaci\u00f3n \u201cM\u00e9todo de time-lapse sonoro para la puesta en valor del patrimonio sonoro de humedales urbanos\u201d No. 1190722 financiado por el programa FONDECYT regular 2019 de la Agencia Nacional de Investigaci\u00f3n y Desarrollo de Chile. El proyecto agrupa diversas l\u00edneas de investigaci\u00f3n vinculadas [&hellip;]<\/p>\n","protected":false},"author":2,"featured_media":13428,"parent":0,"menu_order":0,"comment_status":"closed","ping_status":"closed","template":"","meta":{"footnotes":""},"class_list":["post-13426","page","type-page","status-publish","has-post-thumbnail","hentry"],"_links":{"self":[{"href":"https:\/\/www.acusticauach.cl\/index.php?rest_route=\/wp\/v2\/pages\/13426","targetHints":{"allow":["GET"]}}],"collection":[{"href":"https:\/\/www.acusticauach.cl\/index.php?rest_route=\/wp\/v2\/pages"}],"about":[{"href":"https:\/\/www.acusticauach.cl\/index.php?rest_route=\/wp\/v2\/types\/page"}],"author":[{"embeddable":true,"href":"https:\/\/www.acusticauach.cl\/index.php?rest_route=\/wp\/v2\/users\/2"}],"replies":[{"embeddable":true,"href":"https:\/\/www.acusticauach.cl\/index.php?rest_route=%2Fwp%2Fv2%2Fcomments&post=13426"}],"version-history":[{"count":0,"href":"https:\/\/www.acusticauach.cl\/index.php?rest_route=\/wp\/v2\/pages\/13426\/revisions"}],"wp:featuredmedia":[{"embeddable":true,"href":"https:\/\/www.acusticauach.cl\/index.php?rest_route=\/wp\/v2\/media\/13428"}],"wp:attachment":[{"href":"https:\/\/www.acusticauach.cl\/index.php?rest_route=%2Fwp%2Fv2%2Fmedia&parent=13426"}],"curies":[{"name":"wp","href":"https:\/\/api.w.org\/{rel}","templated":true}]}}