{"id":124,"date":"2012-09-01T12:50:13","date_gmt":"2012-09-01T16:50:13","guid":{"rendered":"http:\/\/190.114.255.83\/~acustic1\/?page_id=124"},"modified":"2012-10-23T18:12:09","modified_gmt":"2012-10-23T21:12:09","slug":"plan-de-estudios","status":"publish","type":"page","link":"https:\/\/www.acusticauach.cl\/?page_id=124","title":{"rendered":"Plan de Estudios"},"content":{"rendered":"<p style=\"text-align: left;\"><a href=\"http:\/\/190.114.255.83\/~acustic1\/wp-content\/uploads\/2012\/09\/Grabando-Paisajes.jpg\"><img decoding=\"async\" class=\"size-full wp-image-1634 alignnone\" title=\"Grabando Paisajes\" src=\"http:\/\/190.114.255.83\/~acustic1\/wp-content\/uploads\/2012\/09\/Grabando-Paisajes.jpg\" alt=\"\" width=\"700\" height=\"350\" srcset=\"https:\/\/www.acusticauach.cl\/wp-content\/uploads\/2012\/09\/Grabando-Paisajes.jpg 700w, https:\/\/www.acusticauach.cl\/wp-content\/uploads\/2012\/09\/Grabando-Paisajes-300x150.jpg 300w, https:\/\/www.acusticauach.cl\/wp-content\/uploads\/2012\/09\/Grabando-Paisajes-500x250.jpg 500w\" sizes=\"(max-width: 700px) 100vw, 700px\" \/><\/a>Estos son los cursos por cada semestre. Las asignaturas con (*) son comunes con las otras ingenier\u00edas de la Facultad de Ciencias de la\u00a0Ingenier\u00eda\u00a0de la UACh. <a href=\"http:\/\/190.114.255.83\/~acustic1\/wp-content\/uploads\/2012\/09\/01_Plan_ICA_2010.pdf\" target=\"_blank\">Tambi\u00e9n puedes descargar en formato de malla.<\/a><\/p>\n<p style=\"text-align: left;\">[table color=\u00bbgrey\u00bb]<\/p>\n<table width=\"100%\" border=\"0\" cellpadding=\"0\" align=\"left\">\n<tbody>\n<tr>\n<td width=\"288\">\n<h2><strong>SEMESTRE I<\/strong><\/h2>\n<\/td>\n<td width=\"303\">\n<h2><strong>SEMESTRE II<\/strong><\/h2>\n<\/td>\n<\/tr>\n<tr>\n<td>TALLER DE INGENIERIA I<\/td>\n<td width=\"303\">TALLER DE INGENIERIA II<\/td>\n<\/tr>\n<tr>\n<td>GEOMETRIA PARA INGENIERIA (*)<\/td>\n<td width=\"303\">CALCULO I PARA INGENIERIA (*)<\/td>\n<\/tr>\n<tr>\n<td>ALGEBRA PARA INGENIERIA (*)<\/td>\n<td width=\"303\">ALGEBRA LINEAL PARA INGENIERIA (*)<\/td>\n<\/tr>\n<tr>\n<td>QUIMICA PARA INGENIERIA (*)<\/td>\n<td width=\"303\">FISICA I PARA INGENIERIA (*)<\/td>\n<\/tr>\n<tr>\n<td>OPTATIVO DE FORMACI\u00d3N GENERAL<\/td>\n<td width=\"303\">PROGRAMACION (*)<\/td>\n<\/tr>\n<tr>\n<td>COMUNICACION IDIOMA: ESPA\u00d1OL (*)<\/td>\n<td width=\"303\">COMUNICACION: IDIOMA INGLES (*)<\/td>\n<\/tr>\n<tr>\n<td>\n<h2><strong>SEMESTRE III<\/strong><\/h2>\n<\/td>\n<td width=\"303\">\n<h2><strong>SEMESTRE IV<\/strong><\/h2>\n<\/td>\n<\/tr>\n<tr>\n<td>TALLER DE INGENIERIA III<\/td>\n<td width=\"303\">TALLER DE DISE\u00d1O DE INGENIERIA<\/td>\n<\/tr>\n<tr>\n<td>CALCULO II PARA INGENIERIA (*)<\/td>\n<td width=\"303\">\u00a0METODOS NUMERICOS PARA INGENIERIA (*)<\/td>\n<\/tr>\n<tr>\n<td>\u00a0ECUACIONES DIFERENCIALES P. INGENIERIA (*)<\/td>\n<td width=\"303\">ESTADISTICA PROBABILIDADES P. INGENIERIA (*)<\/td>\n<\/tr>\n<tr>\n<td>FISICA II PARA INGENIERIA (*)<\/td>\n<td width=\"303\">FISICA III PARA INGENIERIA (*)<\/td>\n<\/tr>\n<tr>\n<td>PROGRAMACION II (*)<\/td>\n<td width=\"303\">\u00a0SISTEMAS DE INGENIERIA<\/td>\n<\/tr>\n<tr>\n<td>LECTURA MUSICAL A<\/td>\n<td width=\"303\">LECTURA MUSICAL B<\/td>\n<\/tr>\n<tr>\n<td>\n<h2><strong>SEMESTRE V (**)<\/strong><\/h2>\n<\/td>\n<td width=\"303\">\n<h2><strong>SEMESTRE VI (**)<\/strong><\/h2>\n<\/td>\n<\/tr>\n<tr>\n<td>\u00a0FUNDAMENTOS DE LA ACUSTICA<\/td>\n<td width=\"303\">\u00a0CONTROL DE RUIDO<\/td>\n<\/tr>\n<tr>\n<td>\u00a0ACUSTICA\u00a0 ARQUITECTONICA<\/td>\n<td width=\"303\">ELECTROACUSTICA<\/td>\n<\/tr>\n<tr>\n<td>REFUERZO SONORO<\/td>\n<td width=\"303\">\u00a0PROCESAMIENTO DIGITAL DE SE\u00d1ALES<\/td>\n<\/tr>\n<tr>\n<td>ELECTRICIDAD ELECTRONICA FUNCIONAL I<\/td>\n<td width=\"303\">ELECTRICIDAD ELECTRONICA FUNCIONAL II<\/td>\n<\/tr>\n<tr>\n<td>\u00a0REPRESENTACION GRAFICA DE SIST. ACUSTICOS<\/td>\n<td width=\"303\">\u00a0ECONOMIA GENERAL<\/td>\n<\/tr>\n<tr>\n<td>MATEMATICA AVANZADA PARA INGENIERIA<\/td>\n<td width=\"303\"><\/td>\n<\/tr>\n<tr>\n<td>\n<h2><strong>SEMESTRE VII (**)<\/strong><\/h2>\n<\/td>\n<td width=\"303\">\n<h2><strong>SEMESTRE VIII (**)<\/strong><\/h2>\n<\/td>\n<\/tr>\n<tr>\n<td>\u00a0IMAGEN E ILUMINACION<\/td>\n<td width=\"303\">\u00a0ACUSTICA AMBIENTAL<\/td>\n<\/tr>\n<tr>\n<td>\u00a0\u00a0TECNICAS DE GRABACION I<\/td>\n<td width=\"303\">\u00a0TECNICAS DE GRABACION II<\/td>\n<\/tr>\n<tr>\n<td>INTRODUCCION A\u00a0 LAS CIENCIAS AMBIENTALES<\/td>\n<td width=\"303\">PROYECTO DE ACUSTICA ARQUITECTONICA<\/td>\n<\/tr>\n<tr>\n<td>\u00a0CONTABILIDAD Y COSTOS<\/td>\n<td width=\"303\">AISLAMIENTO Y ANALISIS DE VIBRACIONES<\/td>\n<\/tr>\n<tr>\n<td>\u00a0ADMINISTRACION DE EMPRESAS<\/td>\n<td width=\"303\">EVALUACION DE PROYECTOS<\/td>\n<\/tr>\n<tr>\n<td>APRECIACION MUSICAL I<\/td>\n<td width=\"303\">APRECIACION MUSICAL II<\/td>\n<\/tr>\n<tr>\n<td>\n<h2><strong>SEMESTRE IX (**)<\/strong><\/h2>\n<\/td>\n<td width=\"303\">\n<h2><strong>SEMESTRE X (**)<\/strong><\/h2>\n<\/td>\n<\/tr>\n<tr>\n<td>PROYECTO DE CONTROL DE RUIDO<\/td>\n<td width=\"303\">PROYECTO INTEGRADO DE ING. CIVIL ACUSTICA<\/td>\n<\/tr>\n<tr>\n<td>PROYECTO DE ACUSTICA AMBIENTAL<\/td>\n<td width=\"303\">\u00a0CONTROL CLIMATICO EN LA CONSTRUCCION<\/td>\n<\/tr>\n<tr>\n<td>ULTRASONIDO<\/td>\n<td width=\"303\">MATERIALES DE INGENIERIA<\/td>\n<\/tr>\n<tr>\n<td>METODO DE ELEMENTOS FINITOS<\/td>\n<td width=\"303\">\u00a0ESTRATEGIA DE EMPRESAS<\/td>\n<\/tr>\n<tr>\n<td>\u00a0GESTION Y POLITICA DE PERSONAL<\/td>\n<td width=\"303\">\u00a0OPTATIVO II<\/td>\n<\/tr>\n<tr>\n<td>PREVENCION DE RIESGOS<\/td>\n<td width=\"303\">OPTATIVO III<\/td>\n<\/tr>\n<tr>\n<td>\n<h2><strong>SEMESTRE XI (**)<\/strong><\/h2>\n<\/td>\n<td width=\"303\"><\/td>\n<\/tr>\n<tr>\n<td>PRACTICA PROFESIONAL<\/td>\n<td width=\"303\"><\/td>\n<\/tr>\n<tr>\n<td>TESIS<\/td>\n<td width=\"303\"><\/td>\n<\/tr>\n<tr>\n<td><\/td>\n<td width=\"303\"><\/td>\n<\/tr>\n<\/tbody>\n<\/table>\n<p>[\/table]<br \/>\nAl t\u00e9rmino del primer a\u00f1o el estudiante debe aprobar DYRE060 Educaci\u00f3n F\u00edsica y Salud.<br \/>\nNOTAS<\/p>\n<p>(*) Asignatura com\u00fan de bachillerato.<\/p>\n<p>(**) A partir del V Semestre el estudiante tiene la posibilidad de estructurar su plan de estudios de acuerdo a sus intereses de formaci\u00f3n profesional, y de acuerdo a la oferta acad\u00e9mica del semestre respectivo. Adem\u00e1s, debe cumplir con los requisitos de Licenciatura y Titulaci\u00f3n (Cuadros 1 y 2) y cursar las asignaturas de Especialidad que sean obligatorias. El Plan de Estudio presentado es un Plan Sugerido y un ejemplo.<\/p>\n<p>(***) El estudiante podr\u00e1 optar al t\u00e9rmino del X Semestre a realizar una Tesis, un Trabajo de Fin de Carrera o rendir un Examen Final sobre tres temas de la especialidad.<\/p>\n<p><strong>[arrow]<a href=\"http:\/\/190.114.255.83\/~acustic1\/wp-content\/uploads\/2012\/09\/01_Plan_ICA_2010.pdf\" target=\"_blank\">Descargar Plan de Estudios en formato PDF<\/a>[\/arrow]<\/strong><\/p>\n","protected":false},"excerpt":{"rendered":"<p>Estos son los cursos por cada semestre. Las asignaturas con (*) son comunes con las otras ingenier\u00edas de la Facultad de Ciencias de la\u00a0Ingenier\u00eda\u00a0de la UACh. Tambi\u00e9n puedes descargar en formato de malla. [table color=\u00bbgrey\u00bb] SEMESTRE I SEMESTRE II TALLER DE INGENIERIA I TALLER DE INGENIERIA II GEOMETRIA PARA INGENIERIA (*) CALCULO I PARA INGENIERIA [&hellip;]<\/p>\n","protected":false},"author":1,"featured_media":0,"parent":63,"menu_order":0,"comment_status":"closed","ping_status":"closed","template":"","meta":{"footnotes":""},"class_list":["post-124","page","type-page","status-publish","hentry"],"_links":{"self":[{"href":"https:\/\/www.acusticauach.cl\/index.php?rest_route=\/wp\/v2\/pages\/124","targetHints":{"allow":["GET"]}}],"collection":[{"href":"https:\/\/www.acusticauach.cl\/index.php?rest_route=\/wp\/v2\/pages"}],"about":[{"href":"https:\/\/www.acusticauach.cl\/index.php?rest_route=\/wp\/v2\/types\/page"}],"author":[{"embeddable":true,"href":"https:\/\/www.acusticauach.cl\/index.php?rest_route=\/wp\/v2\/users\/1"}],"replies":[{"embeddable":true,"href":"https:\/\/www.acusticauach.cl\/index.php?rest_route=%2Fwp%2Fv2%2Fcomments&post=124"}],"version-history":[{"count":0,"href":"https:\/\/www.acusticauach.cl\/index.php?rest_route=\/wp\/v2\/pages\/124\/revisions"}],"up":[{"embeddable":true,"href":"https:\/\/www.acusticauach.cl\/index.php?rest_route=\/wp\/v2\/pages\/63"}],"wp:attachment":[{"href":"https:\/\/www.acusticauach.cl\/index.php?rest_route=%2Fwp%2Fv2%2Fmedia&parent=124"}],"curies":[{"name":"wp","href":"https:\/\/api.w.org\/{rel}","templated":true}]}}