{"id":120,"date":"2012-09-01T12:43:45","date_gmt":"2012-09-01T16:43:45","guid":{"rendered":"http:\/\/190.114.255.83\/~acustic1\/?page_id=120"},"modified":"2023-09-25T01:47:14","modified_gmt":"2023-09-25T04:47:14","slug":"panoramica-valdivia","status":"publish","type":"page","link":"https:\/\/www.acusticauach.cl\/?page_id=120","title":{"rendered":"Ciudad de Valdivia"},"content":{"rendered":"<h5><strong>Nuestra historia&#8230;<\/strong><\/h5>\r\n<p style=\"text-align: right;\"><a href=\"https:\/\/www.efectovisual.cl\/panodemo3\/?fbclid=IwAR2DybajACvuk-AOUnxUPfdzckT9FStxkmY2Ign9Dvv2qcBnBhs_BV6fz-U\" target=\"_blank\" rel=\"noopener noreferrer\">Foto a\u00e9rea de www.efectovisual.cl\/<\/a><\/p>\r\n<p>Valdivia es una mixtura de cr\u00f3nicas hist\u00f3ricas que han forjado su rostro desde su fundaci\u00f3n, en 1552. Sus primeros habitantes, los Huilliches, llamaban a la ciudad \u201cAinilebu\u201d (Tierra de Ainil, r\u00edo que la rodea y que hoy es famoso en todo Chile como r\u00edo Calle Calle). Los nativos dan paso a las huestes espa\u00f1olas, encabezadas por el gran conquistador Pedro de Valdivia que funda la ciudad en 1552, bautiz\u00e1ndola como \u201cSanta Mar\u00eda la Blanca\u201d. La cruzada hisp\u00e1nica conquista el territorio, no sin antes librar una dura batalla con los abor\u00edgenes que resistieron por m\u00e1s de un siglo la incursi\u00f3n europea, transformando a este pueblo originario en uno de los m\u00e1s gallardos del continente, \u00e9pica que queda plasmada en la l\u00edrica de Alonso de Ercilla y Z\u00fa\u00f1iga en \u201cLa Araucana\u201d, obra cumbre del \u201csiglo de oro espa\u00f1ol\u201d.<\/p>\r\n<p>En 1643 Valdivia es acosada por corsarios que tratan de tomar la zona para la Corona Holandesa, que si bien no prospera, es la semilla de formidables fortificaciones que sobreviven hasta hoy y de la fama de la ciudad conocida en el mundo como el \u201cGibraltar de Am\u00e9rica\u201d, dada su localizaci\u00f3n estrat\u00e9gica en las costas indianas del Pac\u00edfico sur. Valdivia queda bajo dominaci\u00f3n espa\u00f1ola hasta 1820, a\u00f1o en que el proceso de Independencia nacional la incorpora a la naciente rep\u00fablica. Tres d\u00e9cadas m\u00e1s tarde se produce una intensa ola de inmigrantes alemanes impulsados por Carlos Anwandter, quienes abren las puertas de la modernidad de la antigua provincia, convirti\u00e9ndola r\u00e1pidamente en un importante centro industrial y cultural que siembra en el esp\u00edritu de los valdivianos la idea de forjar una universidad propia.<\/p>\r\n<h5><strong>Nuestra cultura&#8230;<\/strong><\/h5>\r\n<p>Ciudad de encantos, de historia y de pueblos que se encuentran. Valdivia, es un mosaico cultural donde nace y se proyecta nuestra Universidad. La ciudad se encuentra ubicada a 841 kms de la capital de Chile, Santiago. Desde el 16 de marzo de 2007 la ciudad es la capital de la Regi\u00f3n de Los R\u00edos, que\u00a0comprende un territorio de m\u00e1s de 18 mil kil\u00f3metros cuadrados y de 370 mil habitantes, caracterizado por la riqueza de su tierra y de su gente, cuyo origen proviene tanto del pueblo mapuche como de sus inmigrantes. Sus valles en la depresi\u00f3n intermedia permiten un amplio desarrollo de la agricultura y la ganader\u00eda, sus lagos, r\u00edos, bosques y costa marina, la convierten en un para\u00edso visual. Adem\u00e1s, sus condiciones para el crecimiento industrial y urbano, hacen de esta regi\u00f3n un atractivo polo de desarrollo econ\u00f3mico, tur\u00edstico y cultural.<\/p>\r\n<p>Su paisaje se entreteje como una acuarela geogr\u00e1fica de lagos, termas y volcanes, formando un relieve \u00fanico. De hecho, posee la red de r\u00edos navegables m\u00e1s extensa del pa\u00eds con m\u00e1s de 280 kms de hermosos afluentes y un bosque nativo milenario conocido como \u201cselva valdiviana\u201d. Esta riqueza medioambiental le ha permitido desarrollar una floreciente industria tur\u00edstica.\u00a0Una de las importantes contribuciones que realiza la ciudad a nivel mundial es la preservaci\u00f3n de su Santuario de la Naturaleza , declarado as\u00ed por la UNESCO gracias al gran valor ecol\u00f3gico de sus humedales y a la abundante poblaci\u00f3n de aves y mam\u00edferos que all\u00ed se albergan.<\/p>\r\n<h5><strong>Nuestra naturaleza&#8230;<\/strong><\/h5>\r\n<p>Arquitectura, m\u00fasica, pl\u00e1stica, cine y fotograf\u00eda han sido testimonios de un pr\u00f3spero desarrollo cultural y art\u00edstico enriquecido con la contribuci\u00f3n de los distintos pueblos avecindados en su territorio. Una diversidad de matices que hacen de Valdivia una de las ciudades m\u00e1s interesantes de Chile.<\/p>\r\n<p>Desde 1954 la Universidad Austral de Chile ha contribuido a ello con un alto nivel de excelencia. Museos como el Hist\u00f3rico y Antropol\u00f3gico Mauricio Van De Maele, Museo de la Exploraci\u00f3n Rudolph Amandus Phillippi y Museo de Arte Contempor\u00e1neo, MAC, son parte de su tarea de recuperaci\u00f3n, patrimonio, y difusi\u00f3n. Estos espacios, junto a la Escuela de Artes Visuales, dan vida al denominado Campus Cultural de la UACh, que hoy se proyecta con un impulso nuevo a trav\u00e9s de la \u201cCostanera Cultural\u201d que se emplaza en la ribera del R\u00edo Valdivia. La obra es parte de las celebraciones del Bicentenario del pa\u00eds proyectando su uso como un escenario para el arte del mundo.<\/p>\r\n<p>Valdivia bulle con su vida cultural, valorando el pasado, viviendo el presente y mirando el futuro con sus \u201cLluvias de Teatro\u201d, su \u201cFestival Internacional de Cine\u201d, su \u201cConcurso Internacional de Pintura Valdivia y su R\u00edo\u201d, sus artistas consagrados como el pintor de acuarelas Ricardo Anwandter y la pianista Mahani Teave, sus salas de exposici\u00f3n, sus calles, sus sabores t\u00edpicos: chocolates, mazapanes, cervezas, pescados y mariscos, sus \u201ccrudos\u201d y sus \u201cstrudel de manzana\u201d, sus casas, su lluvia, sus remeros, sus 130 mil habitantes y sus nuevas generaciones de talentos que se mezclan con maestr\u00eda. Un concierto m\u00e1gico junto al r\u00edo Calle Calle.<\/p>\r\n<p><a href=\"http:\/\/international.uach.cl\/\" target=\"_blank\" rel=\"noopener noreferrer\"><strong>\u00bfC\u00f3mo es vivir en Valdivia (web UACh Internacional)?<\/strong><\/a><\/p>\r\n<h5><strong>Valdivia, Capital de la Regi\u00f3n de Los R\u00edos<\/strong><\/h5>\r\n<p><iframe src=\"\/\/www.youtube.com\/embed\/wItyKVV85i0\" width=\"640\" height=\"360\" frameborder=\"0\" allowfullscreen=\"allowfullscreen\"><\/iframe><\/p>\r\n\r\n<h2 class=\"wp-block-heading\"><strong>Estudiar en Chile<\/strong><\/h2>\r\n\r\n\r\n\r\n<p>Visita la web LearnChile ( <a href=\"https:\/\/www.learnchile.cl\/\">https:\/\/www.learnchile.cl\/<\/a> ) para conocer los pasos para estudiar en Chile.<\/p>\r\n\r\n\r\n\r\n<div class=\"wp-block-image\">\r\n<figure class=\"aligncenter\"><img decoding=\"async\" width=\"800\" height=\"450\" class=\"wp-image-13292\" src=\"https:\/\/www.acusticauach.cl\/wp-content\/uploads\/2020\/03\/LearnChile2.jpg\" alt=\"\" srcset=\"https:\/\/www.acusticauach.cl\/wp-content\/uploads\/2020\/03\/LearnChile2.jpg 800w, https:\/\/www.acusticauach.cl\/wp-content\/uploads\/2020\/03\/LearnChile2-300x169.jpg 300w, https:\/\/www.acusticauach.cl\/wp-content\/uploads\/2020\/03\/LearnChile2-768x432.jpg 768w, https:\/\/www.acusticauach.cl\/wp-content\/uploads\/2020\/03\/LearnChile2-125x70.jpg 125w, https:\/\/www.acusticauach.cl\/wp-content\/uploads\/2020\/03\/LearnChile2-75x42.jpg 75w\" sizes=\"(max-width: 800px) 100vw, 800px\" \/>\r\n<figcaption><a href=\"https:\/\/www.learnchile.cl\/\" target=\"_blank\" rel=\"noreferrer noopener\" aria-label=\" (abre en una nueva pesta\u00f1a)\">https:\/\/www.learnchile.cl\/<\/a><\/figcaption>\r\n<\/figure>\r\n<\/div>\r\n","protected":false},"excerpt":{"rendered":"<p>Nuestra historia&#8230; Foto a\u00e9rea de www.efectovisual.cl\/ Valdivia es una mixtura de cr\u00f3nicas hist\u00f3ricas que han forjado su rostro desde su fundaci\u00f3n, en 1552. Sus primeros habitantes, los Huilliches, llamaban a la ciudad \u201cAinilebu\u201d (Tierra de Ainil, r\u00edo que la rodea y que hoy es famoso en todo Chile como r\u00edo Calle Calle). Los nativos dan [&hellip;]<\/p>\n","protected":false},"author":1,"featured_media":12034,"parent":0,"menu_order":0,"comment_status":"closed","ping_status":"closed","template":"","meta":{"footnotes":""},"class_list":["post-120","page","type-page","status-publish","has-post-thumbnail","hentry"],"_links":{"self":[{"href":"https:\/\/www.acusticauach.cl\/index.php?rest_route=\/wp\/v2\/pages\/120","targetHints":{"allow":["GET"]}}],"collection":[{"href":"https:\/\/www.acusticauach.cl\/index.php?rest_route=\/wp\/v2\/pages"}],"about":[{"href":"https:\/\/www.acusticauach.cl\/index.php?rest_route=\/wp\/v2\/types\/page"}],"author":[{"embeddable":true,"href":"https:\/\/www.acusticauach.cl\/index.php?rest_route=\/wp\/v2\/users\/1"}],"replies":[{"embeddable":true,"href":"https:\/\/www.acusticauach.cl\/index.php?rest_route=%2Fwp%2Fv2%2Fcomments&post=120"}],"version-history":[{"count":0,"href":"https:\/\/www.acusticauach.cl\/index.php?rest_route=\/wp\/v2\/pages\/120\/revisions"}],"wp:featuredmedia":[{"embeddable":true,"href":"https:\/\/www.acusticauach.cl\/index.php?rest_route=\/wp\/v2\/media\/12034"}],"wp:attachment":[{"href":"https:\/\/www.acusticauach.cl\/index.php?rest_route=%2Fwp%2Fv2%2Fmedia&parent=120"}],"curies":[{"name":"wp","href":"https:\/\/api.w.org\/{rel}","templated":true}]}}