{"id":1196,"date":"2012-10-01T16:42:59","date_gmt":"2012-10-01T19:42:59","guid":{"rendered":"http:\/\/190.114.255.83\/~acustic1\/?page_id=1196"},"modified":"2025-04-14T11:15:04","modified_gmt":"2025-04-14T15:15:04","slug":"creditos-del-sitio","status":"publish","type":"page","link":"https:\/\/www.acusticauach.cl\/?page_id=1196","title":{"rendered":"Cr\u00e9ditos del Sitio"},"content":{"rendered":"<p><strong>Conceptualizaci\u00f3n<\/strong><\/p>\n<ul>\n<li>Enrique Su\u00e1rez<\/li>\n<\/ul>\n<p><strong>Contenidos<\/strong><\/p>\n<ul>\n<li>Enrique Su\u00e1rez<\/li>\n<\/ul>\n<p><strong>Noticias <\/strong><\/p>\n<ul>\n<li>Viviana Paredes, periodista colaboradora de AcusticaUACh (hasta 2019).<\/li>\n<li>Maritza Uribe, periodista colaboradora Fac. de Cs. de la Ingenier\u00eda, UACh (\u00ab<em>Escrito por PrensaFCI<\/em>\u00ab)<\/li>\n<li>Enrique Su\u00e1rez<\/li>\n<\/ul>\n<p><strong>Desarrollo Web<\/strong><\/p>\n<ul>\n<li>Alejandro Sotomayor \/ <a href=\"https:\/\/www.planetweb.ie\/\" target=\"_blank\" rel=\"noopener\">www.planetweb.ie<\/a><\/li>\n<\/ul>\n<p><strong>Mantenci\u00f3n<\/strong><\/p>\n<ul>\n<li>Enrique Su\u00e1rez<\/li>\n<\/ul>\n<p><strong>Fotograf\u00eda<\/strong><\/p>\n<ul>\n<li>Archivo Ingenier\u00eda Ac\u00fastica<\/li>\n<li>Alejandro Sotomayor \/ <a href=\"https:\/\/www.fotografias.cl\/\" target=\"_blank\" rel=\"noopener\">www.fotografias.cl<\/a><\/li>\n<li>Natan Ide \/<a href=\"https:\/\/www.facebook.com\/IIsanat\" target=\"_blank\" rel=\"noopener noreferrer\">https:\/\/www.facebook.com\/IIsanat<\/a><\/li>\n<\/ul>\n<p>_______________<\/p>\n<p><strong>Copyright\u00a0\u00a9<\/strong><\/p>\n<p><em><strong>Queda terminantemente prohibida la reproducci\u00f3n total o parcial de los contenidos ofrecidos a trav\u00e9s de este medio, salvo autorizaci\u00f3n expresa de Ac\u00fasticaUACh. As\u00ed mismo, queda prohibida toda reproducci\u00f3n a los efectos del art\u00edculo 32.1, p\u00e1rrafo segundo, Ley 23\/2006 de la Propiedad intelectual.<\/strong><\/em><\/p>\n","protected":false},"excerpt":{"rendered":"<p>Conceptualizaci\u00f3n Enrique Su\u00e1rez Contenidos Enrique Su\u00e1rez Noticias Viviana Paredes, periodista colaboradora de AcusticaUACh (hasta 2019). Maritza Uribe, periodista colaboradora Fac. de Cs. de la Ingenier\u00eda, UACh (\u00abEscrito por PrensaFCI\u00ab) Enrique Su\u00e1rez Desarrollo Web Alejandro Sotomayor \/ www.planetweb.ie Mantenci\u00f3n Enrique Su\u00e1rez Fotograf\u00eda Archivo Ingenier\u00eda Ac\u00fastica Alejandro Sotomayor \/ www.fotografias.cl Natan Ide \/https:\/\/www.facebook.com\/IIsanat _______________ Copyright\u00a0\u00a9 Queda terminantemente [&hellip;]<\/p>\n","protected":false},"author":1,"featured_media":16245,"parent":0,"menu_order":0,"comment_status":"closed","ping_status":"closed","template":"","meta":{"footnotes":""},"class_list":["post-1196","page","type-page","status-publish","has-post-thumbnail","hentry"],"_links":{"self":[{"href":"https:\/\/www.acusticauach.cl\/index.php?rest_route=\/wp\/v2\/pages\/1196","targetHints":{"allow":["GET"]}}],"collection":[{"href":"https:\/\/www.acusticauach.cl\/index.php?rest_route=\/wp\/v2\/pages"}],"about":[{"href":"https:\/\/www.acusticauach.cl\/index.php?rest_route=\/wp\/v2\/types\/page"}],"author":[{"embeddable":true,"href":"https:\/\/www.acusticauach.cl\/index.php?rest_route=\/wp\/v2\/users\/1"}],"replies":[{"embeddable":true,"href":"https:\/\/www.acusticauach.cl\/index.php?rest_route=%2Fwp%2Fv2%2Fcomments&post=1196"}],"version-history":[{"count":2,"href":"https:\/\/www.acusticauach.cl\/index.php?rest_route=\/wp\/v2\/pages\/1196\/revisions"}],"predecessor-version":[{"id":16981,"href":"https:\/\/www.acusticauach.cl\/index.php?rest_route=\/wp\/v2\/pages\/1196\/revisions\/16981"}],"wp:featuredmedia":[{"embeddable":true,"href":"https:\/\/www.acusticauach.cl\/index.php?rest_route=\/wp\/v2\/media\/16245"}],"wp:attachment":[{"href":"https:\/\/www.acusticauach.cl\/index.php?rest_route=%2Fwp%2Fv2%2Fmedia&parent=1196"}],"curies":[{"name":"wp","href":"https:\/\/api.w.org\/{rel}","templated":true}]}}