{"id":1192,"date":"2012-10-01T16:27:29","date_gmt":"2012-10-01T19:27:29","guid":{"rendered":"http:\/\/190.114.255.83\/~acustic1\/?page_id=1192"},"modified":"2023-11-21T13:52:23","modified_gmt":"2023-11-21T16:52:23","slug":"mapa-web","status":"publish","type":"page","link":"https:\/\/www.acusticauach.cl\/?page_id=1192","title":{"rendered":"Mapa del Sitio"},"content":{"rendered":"<h5><strong>TOP<\/strong><\/h5>\n<ul>\n<li><a href=\"http:\/\/www.uach.cl\/\" target=\"_blank\" rel=\"noopener noreferrer\">UACh<\/a><\/li>\n<li><a href=\"http:\/\/www.ingenieria.uach.cl\/\" target=\"_blank\" rel=\"noopener noreferrer\">Facultad<\/a><\/li>\n<li><a href=\"https:\/\/www.acusticauach.cl\/?page_id=112\">Campus<\/a><\/li>\n<li><a href=\"https:\/\/www.acusticauach.cl\/?page_id=120\">Valdivia<\/a><\/li>\n<li><a href=\"https:\/\/www.acusticauach.cl\/?page_id=1192\">Mapa<\/a><\/li>\n<li><a href=\"https:\/\/www.acusticauach.cl\/?page_id=19\">Contacto<\/a><\/li>\n<li><a href=\"https:\/\/www.acusticauach.cl\/?page_id=1196\">Copyright<\/a><\/li>\n<li><a href=\"https:\/\/www.acusticauach.cl\/?page_id=14488\">Translate<\/a><\/li>\n<\/ul>\n<p>&nbsp;<\/p>\n<hr \/>\n<h5><strong><a href=\"https:\/\/www.acusticauach.cl\/\">INICIO<\/a><\/strong><\/h5>\n<hr \/>\n<h5><strong><a href=\"https:\/\/www.acusticauach.cl\/?page_id=5906\">CARRERA<\/a><\/strong><\/h5>\n<ul>\n<li><a href=\"https:\/\/www.acusticauach.cl\/?page_id=789\">Admisi\u00f3n<\/a><\/li>\n<li><a href=\"https:\/\/www.acusticauach.cl\/?page_id=63\">Ingenier\u00eda Civil Ac\u00fastica<\/a><\/li>\n<li><a href=\"https:\/\/www.acusticauach.cl\/?page_id=8259\">Plan de Estudios<\/a><\/li>\n<li><a href=\"https:\/\/www.acusticauach.cl\/?page_id=7843\">Titulaci\u00f3n<\/a><\/li>\n<li><a href=\"https:\/\/www.acusticauach.cl\/?page_id=131\">Asignaturas de Ac\u00fastica<\/a><\/li>\n<li><a href=\"https:\/\/www.acusticauach.cl\/?page_id=139\">Profesores de Ac\u00fastica<\/a><\/li>\n<li><a href=\"https:\/\/www.acusticauach.cl\/?page_id=2932\">Escuela de Ingenier\u00eda Civil Ac\u00fastica<\/a><\/li>\n<li><a href=\"https:\/\/www.acusticauach.cl\/?page_id=5989\">Alumnos<\/a>\n<ul>\n<li><a href=\"https:\/\/www.acusticauach.cl\/?page_id=3436\">Centro de Alumnos<\/a><\/li>\n<li><a href=\"https:\/\/www.acusticauach.cl\/?page_id=4835\">Bienvenida a Estudiantes<\/a><\/li>\n<li><a href=\"https:\/\/www.acusticauach.cl\/?page_id=3087\">Generaciones<\/a><\/li>\n<li><a href=\"https:\/\/www.acusticauach.cl\/?tag=gira-de-estudio\">Giras de Estudio<\/a><\/li>\n<li><a href=\"https:\/\/www.acusticauach.cl\/?page_id=4852\">Expo-Proyectos<\/a><\/li>\n<li><a href=\"https:\/\/www.acusticauach.cl\/?tag=estudiantes\">Noticias Estudiantes<\/a><\/li>\n<\/ul>\n<\/li>\n<li><a href=\"https:\/\/www.acusticauach.cl\/?page_id=5993\">Exalumnos<\/a>\n<ul>\n<li><a href=\"https:\/\/www.acusticauach.cl\/?page_id=691\">Titulados AcusticaUACh<\/a><\/li>\n<li><a href=\"https:\/\/www.acusticauach.cl\/?page_id=10\">Testimonio de Titulados<\/a><\/li>\n<li><a href=\"https:\/\/www.acusticauach.cl\/?page_id=5370\">Encuentros Sonoacusticos<\/a><\/li>\n<\/ul>\n<\/li>\n<li><a href=\"https:\/\/www.acusticauach.cl\/?cat=906\">Noticias<\/a><\/li>\n<\/ul>\n<hr \/>\n<h5><strong><a href=\"https:\/\/www.acusticauach.cl\/?page_id=5913\">MAGISTER<\/a><\/strong><\/h5>\n<ul>\n<li id=\"menu-item-8811\" class=\"menu-item menu-item-type-post_type menu-item-object-page menu-item-8811\"><a href=\"https:\/\/www.acusticauach.cl\/?page_id=8808\">Postulaci\u00f3n Mag\u00edster<\/a><\/li>\n<li id=\"menu-item-5422\" class=\"menu-item menu-item-type-post_type menu-item-object-page menu-item-5422\"><a href=\"https:\/\/www.acusticauach.cl\/?page_id=164\">Mag\u00edster en Ac\u00fastica y Vibraciones<\/a><\/li>\n<li><a href=\"https:\/\/www.acusticauach.cl\/?page_id=11284\">Matr\u00edcula, Arancel, Becas y Beneficios<\/a><\/li>\n<li id=\"menu-item-5423\" class=\"menu-item menu-item-type-post_type menu-item-object-page menu-item-5423\"><a href=\"https:\/\/www.acusticauach.cl\/?page_id=166\">Plan de Estudios<\/a><\/li>\n<li id=\"menu-item-6766\" class=\"menu-item menu-item-type-post_type menu-item-object-page menu-item-6766\"><a href=\"https:\/\/www.acusticauach.cl\/?page_id=6758\">Vinculaci\u00f3n Pregrado<\/a><\/li>\n<li id=\"menu-item-11091\" class=\"menu-item menu-item-type-post_type menu-item-object-page menu-item-11091\"><a href=\"https:\/\/www.acusticauach.cl\/?page_id=11074\">Doble Titulaci\u00f3n Internacional<\/a><\/li>\n<li id=\"menu-item-9473\" class=\"menu-item menu-item-type-post_type menu-item-object-page menu-item-9473\"><a href=\"https:\/\/www.acusticauach.cl\/?page_id=9468\">Continuaci\u00f3n de Estudios<\/a><\/li>\n<li id=\"menu-item-6252\" class=\"menu-item menu-item-type-post_type menu-item-object-page menu-item-6252\"><a href=\"https:\/\/www.acusticauach.cl\/?page_id=6248\">Docentes del Programa<\/a><\/li>\n<li id=\"menu-item-6212\" class=\"menu-item menu-item-type-post_type menu-item-object-page menu-item-6212\"><a href=\"https:\/\/www.acusticauach.cl\/?page_id=6185\">Graduados del Magister<\/a><\/li>\n<li id=\"menu-item-11065\" class=\"menu-item menu-item-type-post_type menu-item-object-page menu-item-11065\"><a href=\"https:\/\/www.acusticauach.cl\/?page_id=11053\">Recursos Bibliogr\u00e1ficos<\/a><\/li>\n<li id=\"menu-item-11585\" class=\"menu-item menu-item-type-taxonomy menu-item-object-category menu-item-11585 is-category-907\"><a href=\"https:\/\/www.acusticauach.cl\/?cat=907\">Noticias<\/a><\/li>\n<\/ul>\n<hr \/>\n<h5><a href=\"https:\/\/www.acusticauach.cl\/?page_id=15169\"><strong>DIPLOMADO<\/strong><\/a><\/h5>\n<ul>\n<li id=\"menu-item-10311\" class=\"menu-item menu-item-type-post_type menu-item-object-page menu-item-10311\"><a href=\"https:\/\/www.acusticauach.cl\/?page_id=15087\">Diplomado en Ac\u00fastica Ambiental<\/a><\/li>\n<li><a href=\"https:\/\/www.acusticauach.cl\/?page_id=15174\">Postulaciones<\/a><\/li>\n<li><a href=\"https:\/\/www.acusticauach.cl\/?page_id=15113\">Estructura<\/a><\/li>\n<li><a href=\"https:\/\/www.acusticauach.cl\/?page_id=15120\">Docentes<\/a><\/li>\n<\/ul>\n<hr \/>\n<h5><strong><a href=\"https:\/\/www.acusticauach.cl\/?page_id=2038\">INSTITUTO<\/a><\/strong><\/h5>\n<ul>\n<li id=\"menu-item-10311\" class=\"menu-item menu-item-type-post_type menu-item-object-page menu-item-10311\"><a href=\"https:\/\/www.acusticauach.cl\/?page_id=139\">Profesores de Ac\u00fastica<\/a><\/li>\n<li id=\"menu-item-5425\" class=\"menu-item menu-item-type-post_type menu-item-object-page menu-item-5425\"><a href=\"https:\/\/www.acusticauach.cl\/?page_id=185\">Estudio de Grabaci\u00f3n<\/a><\/li>\n<li id=\"menu-item-5684\" class=\"menu-item menu-item-type-post_type menu-item-object-page menu-item-5684\"><a href=\"https:\/\/www.acusticauach.cl\/?page_id=189\">Salas Anecoicas<\/a><\/li>\n<li id=\"menu-item-5426\" class=\"menu-item menu-item-type-post_type menu-item-object-page menu-item-5426\"><a href=\"https:\/\/www.acusticauach.cl\/?page_id=187\">C\u00e1maras Reverberantes<\/a><\/li>\n<li id=\"menu-item-5427\" class=\"menu-item menu-item-type-post_type menu-item-object-page menu-item-5427\"><a href=\"https:\/\/www.acusticauach.cl\/?page_id=191\">Lab. de Audio y Video<\/a><\/li>\n<li><a href=\"https:\/\/www.acusticauach.cl\/?page_id=13666\">Laboratorio de Ac\u00fastica Ambiental<\/a><\/li>\n<li><a href=\"https:\/\/www.acusticauach.cl\/?page_id=14170\">Laboratorio de Arte y Tecnolog\u00eda (LATE)<\/a><\/li>\n<li id=\"menu-item-5429\" class=\"menu-item menu-item-type-post_type menu-item-object-page menu-item-5429\"><a href=\"https:\/\/www.acusticauach.cl\/?page_id=193\">Lab. de Modelaciones<\/a><\/li>\n<li id=\"menu-item-5428\" class=\"menu-item menu-item-type-post_type menu-item-object-page menu-item-5428\"><a href=\"https:\/\/www.acusticauach.cl\/?page_id=197\">Lab. Absorci\u00f3n y Flujo<\/a><\/li>\n<li id=\"menu-item-5431\" class=\"menu-item menu-item-type-post_type menu-item-object-page menu-item-5431\"><a href=\"https:\/\/www.acusticauach.cl\/?page_id=199\">Lab. Integrados de FCI<\/a><\/li>\n<li id=\"menu-item-5430\" class=\"menu-item menu-item-type-post_type menu-item-object-page menu-item-5430\"><a href=\"https:\/\/www.acusticauach.cl\/?page_id=195\">Lab. de computaci\u00f3n<\/a><\/li>\n<li id=\"menu-item-8876\" class=\"menu-item menu-item-type-post_type menu-item-object-page menu-item-8876\"><a href=\"https:\/\/www.acusticauach.cl\/?page_id=8870\">Laboratorio FONDEQUIP<\/a><\/li>\n<\/ul>\n<hr \/>\n<h5><strong><a href=\"https:\/\/www.acusticauach.cl\/?page_id=5997\">INVESTIGACI\u00d3N<\/a><\/strong><\/h5>\n<ul>\n<li id=\"menu-item-5433\" class=\"menu-item menu-item-type-post_type menu-item-object-page menu-item-5433\"><a href=\"https:\/\/www.acusticauach.cl\/?page_id=394\">Proyectos<\/a><\/li>\n<li id=\"menu-item-5434\" class=\"menu-item menu-item-type-post_type menu-item-object-page menu-item-5434\"><a href=\"https:\/\/www.acusticauach.cl\/?page_id=438\">Publicaciones WOS<\/a><\/li>\n<li id=\"menu-item-5435\" class=\"menu-item menu-item-type-post_type menu-item-object-page menu-item-5435\"><a href=\"https:\/\/www.acusticauach.cl\/?page_id=421\">Publicaciones no WoS\u00a0<\/a><\/li>\n<li id=\"menu-item-5438\" class=\"menu-item menu-item-type-post_type menu-item-object-page menu-item-5438\"><a href=\"https:\/\/www.acusticauach.cl\/?page_id=423\">Congresos y Seminarios<\/a><\/li>\n<li><a href=\"https:\/\/www.acusticauach.cl\/?page_id=14142\">Conferencias Invitadas<\/a><\/li>\n<li id=\"menu-item-5436\" class=\"menu-item menu-item-type-post_type menu-item-object-page menu-item-5436\"><a href=\"https:\/\/www.acusticauach.cl\/?page_id=426\">Libros<\/a><\/li>\n<li id=\"menu-item-5437\" class=\"menu-item menu-item-type-post_type menu-item-object-page menu-item-5437\"><a href=\"https:\/\/www.acusticauach.cl\/?page_id=2998\">Asistencias T\u00e9cnicas<\/a><\/li>\n<li id=\"menu-item-11584\" class=\"menu-item menu-item-type-taxonomy menu-item-object-category menu-item-11584 is-category-908\"><a href=\"https:\/\/www.acusticauach.cl\/?cat=908\">Noticias<\/a><\/li>\n<\/ul>\n<hr \/>\n<h5><strong><a href=\"https:\/\/www.acusticauach.cl\/?page_id=6010\">VINCULACI\u00d3N<\/a><\/strong><\/h5>\n<ul>\n<li id=\"menu-item-4614\" class=\"menu-item menu-item-type-post_type menu-item-object-page menu-item-4614\"><a href=\"https:\/\/www.acusticauach.cl\/?page_id=4253\">Eventos en Video<\/a><\/li>\n<li id=\"menu-item-4683\" class=\"menu-item menu-item-type-post_type menu-item-object-page menu-item-4683\"><a href=\"https:\/\/www.acusticauach.cl\/?page_id=4495\">Congresos y Seminarios<\/a><\/li>\n<li id=\"menu-item-4612\" class=\"menu-item menu-item-type-post_type menu-item-object-page menu-item-4612\"><a href=\"https:\/\/www.acusticauach.cl\/?page_id=4506\">INGEACUS<\/a><\/li>\n<li id=\"menu-item-4690\" class=\"menu-item menu-item-type-post_type menu-item-object-page menu-item-4690\"><a href=\"https:\/\/www.acusticauach.cl\/?page_id=4686\">D\u00eda Contra el Ruido<\/a><\/li>\n<li id=\"menu-item-4652\" class=\"menu-item menu-item-type-post_type menu-item-object-page menu-item-4652\"><a href=\"https:\/\/www.acusticauach.cl\/?page_id=4642\">Concurso de Bandas<\/a><\/li>\n<li id=\"menu-item-8766\" class=\"menu-item menu-item-type-post_type menu-item-object-page menu-item-8766\"><a href=\"https:\/\/www.acusticauach.cl\/?page_id=8759\">Festival Yankeelandia<\/a><\/li>\n<li id=\"menu-item-4762\" class=\"menu-item menu-item-type-post_type menu-item-object-page menu-item-4762\"><a href=\"https:\/\/www.acusticauach.cl\/?page_id=4753\">Conciertos &amp; Clinicas<\/a><\/li>\n<li id=\"menu-item-11587\" class=\"menu-item menu-item-type-taxonomy menu-item-object-category menu-item-11587 is-category-102\"><a href=\"https:\/\/www.acusticauach.cl\/?cat=102\">En los Medios<\/a><\/li>\n<li id=\"menu-item-11586\" class=\"menu-item menu-item-type-taxonomy menu-item-object-category menu-item-11586 is-category-909\"><a href=\"https:\/\/www.acusticauach.cl\/?cat=909\">Noticias<\/a><\/li>\n<li><a href=\"https:\/\/www.acusticauach.cl\/?cat=2\">Reportajes<\/a><\/li>\n<\/ul>\n<hr \/>\n<h5><strong><a href=\"https:\/\/www.acusticauach.cl\/?page_id=6013\">RECURSOS<\/a><\/strong><\/h5>\n<ul>\n<li id=\"menu-item-9522\" class=\"menu-item menu-item-type-post_type menu-item-object-page menu-item-9522\"><a href=\"https:\/\/www.acusticauach.cl\/?page_id=9517\">Universo del Sonido<\/a><\/li>\n<li id=\"menu-item-8077\" class=\"menu-item menu-item-type-post_type menu-item-object-page menu-item-8077\"><a href=\"https:\/\/www.acusticauach.cl\/?page_id=8074\">Mapa Sonoro<\/a><\/li>\n<li><a href=\"https:\/\/www.acusticauach.cl\/?page_id=13426\">SoundLapse<\/a><\/li>\n<li id=\"menu-item-8081\" class=\"menu-item menu-item-type-post_type menu-item-object-page menu-item-8081\"><a href=\"https:\/\/www.acusticauach.cl\/?page_id=2246\">Calculadora de Ruido<\/a><\/li>\n<li><a href=\"https:\/\/www.acusticauach.cl\/?page_id=14624\">Soundscape Evaluator<\/a><\/li>\n<li id=\"menu-item-10109\" class=\"menu-item menu-item-type-post_type menu-item-object-page menu-item-10109\"><a href=\"https:\/\/www.acusticauach.cl\/?page_id=9795\">Paisaje Sonoro VR<\/a><\/li>\n<li id=\"menu-item-9016\" class=\"menu-item menu-item-type-custom menu-item-object-custom menu-item-9016\"><a href=\"https:\/\/www.acusticauach.cl\/?page_id=8507\">Red Monitoreo de Ruido<\/a><\/li>\n<li id=\"menu-item-1001\" class=\"menu-item menu-item-type-post_type menu-item-object-page menu-item-1001\"><a href=\"https:\/\/www.acusticauach.cl\/?page_id=989\">Multimedia<\/a><\/li>\n<li><a href=\"https:\/\/www.acusticauach.cl\/?page_id=12780\">Videos<\/a><\/li>\n<li id=\"menu-item-12273\" class=\"menu-item menu-item-type-post_type menu-item-object-page menu-item-12273\"><a href=\"https:\/\/www.acusticauach.cl\/?page_id=12265\">Todas las Noticias<\/a><\/li>\n<\/ul>\n<hr \/>\n<h5><strong>PIE<\/strong><\/h5>\n<ul>\n<li><a href=\"http:\/\/www.uach.cl\/\">Universidad Austral de Chile<\/a><\/li>\n<li><a href=\"http:\/\/www.ingenieria.uach.cl\/\">Facultad de Ciencias de la Ingenier\u00eda<\/a><\/li>\n<li><a href=\"https:\/\/www.acusticauach.cl\/?page_id=2038\">Instituto de Ac\u00fastica<\/a><\/li>\n<li><a href=\"https:\/\/www.acusticauach.cl\/?page_id=112\">Edificio 6000 Campus Miraflores<\/a><\/li>\n<li><a href=\"https:\/\/www.acusticauach.cl\/?page_id=120\">Valdivia, Chile<\/a><\/li>\n<li><a href=\"tel:632221339\">Fono:(+5663)2221339<\/a><\/li>\n<li><a href=\"mailto:acustica@uach.cl\">Email:acustica@uach.cl<\/a><\/li>\n<\/ul>\n<hr \/>\n","protected":false},"excerpt":{"rendered":"<p>TOP UACh Facultad Campus Valdivia Mapa Contacto Copyright Translate &nbsp; INICIO CARRERA Admisi\u00f3n Ingenier\u00eda Civil Ac\u00fastica Plan de Estudios Titulaci\u00f3n Asignaturas de Ac\u00fastica Profesores de Ac\u00fastica Escuela de Ingenier\u00eda Civil Ac\u00fastica Alumnos Centro de Alumnos Bienvenida a Estudiantes Generaciones Giras de Estudio Expo-Proyectos Noticias Estudiantes Exalumnos Titulados AcusticaUACh Testimonio de Titulados Encuentros Sonoacusticos Noticias MAGISTER [&hellip;]<\/p>\n","protected":false},"author":1,"featured_media":16243,"parent":0,"menu_order":0,"comment_status":"closed","ping_status":"closed","template":"","meta":{"footnotes":""},"class_list":["post-1192","page","type-page","status-publish","has-post-thumbnail","hentry"],"_links":{"self":[{"href":"https:\/\/www.acusticauach.cl\/index.php?rest_route=\/wp\/v2\/pages\/1192","targetHints":{"allow":["GET"]}}],"collection":[{"href":"https:\/\/www.acusticauach.cl\/index.php?rest_route=\/wp\/v2\/pages"}],"about":[{"href":"https:\/\/www.acusticauach.cl\/index.php?rest_route=\/wp\/v2\/types\/page"}],"author":[{"embeddable":true,"href":"https:\/\/www.acusticauach.cl\/index.php?rest_route=\/wp\/v2\/users\/1"}],"replies":[{"embeddable":true,"href":"https:\/\/www.acusticauach.cl\/index.php?rest_route=%2Fwp%2Fv2%2Fcomments&post=1192"}],"version-history":[{"count":0,"href":"https:\/\/www.acusticauach.cl\/index.php?rest_route=\/wp\/v2\/pages\/1192\/revisions"}],"wp:featuredmedia":[{"embeddable":true,"href":"https:\/\/www.acusticauach.cl\/index.php?rest_route=\/wp\/v2\/media\/16243"}],"wp:attachment":[{"href":"https:\/\/www.acusticauach.cl\/index.php?rest_route=%2Fwp%2Fv2%2Fmedia&parent=1192"}],"curies":[{"name":"wp","href":"https:\/\/api.w.org\/{rel}","templated":true}]}}