{"id":112,"date":"2012-09-01T09:21:04","date_gmt":"2012-09-01T13:21:04","guid":{"rendered":"http:\/\/190.114.255.83\/~acustic1\/?page_id=112"},"modified":"2023-11-04T23:59:05","modified_gmt":"2023-11-05T02:59:05","slug":"panoramica-del-campus","status":"publish","type":"page","link":"https:\/\/www.acusticauach.cl\/?page_id=112","title":{"rendered":"Campus Miraflores"},"content":{"rendered":"<h2><strong>Facultad de Ciencias de la Ingenier\u00eda<\/strong><\/h2>\n<p>La Facultad de Ciencias de la Ingenier\u00eda de la Universidad Austral de Chile se encuentra en un privilegiado lugar rodeado de naturaleza y con una hermosa vista hacia los r\u00edos de Valdivia. Ubicada en calle General Lagos 2086 se localiza el Campus Miraflores uno de los 2 campus y 2 sedes que conforman la gran Universidad de la zona sur Austral de Chile.<\/p>\n<p>El Campus cuenta con dos accesos: uno por la calle Coronel Santiago Bueras (sector Hisoital Regional) y otro, su entrada principal por calle General Lagos.\u00a0 Por esta tradicional arteria se encuentran las Caba\u00f1as Pumant\u00fa, la Casa Haverbeck (Edificio 5000), en la cual funcionan actualmente la oficina del Organismo de Certificaci\u00f3n e Investigaci\u00f3n de la Vivienda Austral (CIVA), la oficina de Explora y las oficinas de Allware. El frontis y entrada principal del Campus Miraflores est\u00e1 al entrar por avenida Rector Aravena para tener acceso al Edificio de Decanatura (Edif. 1000), el\u00a0Laboratorio de Ensayo de Materiales de Construcci\u00f3n (LEMCO, Edif. 500), el tradicional Edificio In\u00e9s Bischoff Stilfried (Edif. 2000) donde est\u00e1 el Instituto de Dise\u00f1o y M\u00e9todos Industriales (IDMI),\u00a0el Instituto de Ciencias Navales y Mar\u00edtimas junto con su respectiva escuela y el Centro de alumnos de la Facultad de Ciencias de la Ingenier\u00eda (CAF). Cruzando la calle est\u00e1 el edificio Luis Christen Adams (Edif. 3000), con algunos institutos y el Sal\u00f3n\u00a0 Auditorium especialmente dise\u00f1ado para recibir a 250 personas.<\/p>\n<p>Siguiendo la frondosa alameda (con vista a humedales que rodean a la Facultad), se encuentra el nuevo Pabell\u00f3n Docente Carlos Hunt Sharpe (Edif. 9000) y el\u00a0Edificio Eduardo Gonz\u00e1lez Villa (Edif. 8000). Ambos edificaciones incluyen salas de clases, laboratorios, auditorium y espacios para trabajo en equipo.\u00a0Luego se encuentra \u00a0el Edif. 10.000, que alberga al Instituto de Inform\u00e1tica y a la Escuela de Ingenier\u00eda Civil en Inform\u00e1tica. Cerca est\u00e1 el Edifico de Ciencias B\u00e1sicas (Edif. 6000), donde se ubica el Instituto de Electricidad y Electr\u00f3nica, el<strong> Instituto de Ac\u00fastica, la Escuela de Ingenier\u00eda Civil Ac\u00fastica\u00a0<\/strong>y el Centro de Docencia de Ciencias B\u00e1sicas para Ingenier\u00eda.<\/p>\n<h5><strong>Campus Miraflores &#8211; Facultad de Ciencias de la Ingenier\u00eda<\/strong><\/h5>\n<p><iframe src=\"https:\/\/maps.google.com\/maps\/ms?msid=215369224586216224257.0004d255a7bb45f6c8c6c&amp;msa=0&amp;ie=UTF8&amp;t=h&amp;ll=-39.831444,-73.247352&amp;spn=0.007415,0.01502&amp;z=16&amp;iwloc=lyrftr:msid:215369224586216224257.0004d255a7bb45f6c8c6c,0004de6d45b63b1ab9559,-39.832293,-73.244165,0,-32&amp;output=embed\" width=\"700\" height=\"450\" frameborder=\"0\" marginwidth=\"0\" marginheight=\"0\" scrolling=\"no\"><\/iframe><br \/>\n<small>Ver <a style=\"color: #0000ff; text-align: left;\" href=\"https:\/\/maps.google.com\/maps\/ms?msid=215369224586216224257.0004d255a7bb45f6c8c6c&amp;msa=0&amp;ie=UTF8&amp;t=h&amp;ll=-39.831444,-73.247352&amp;spn=0.007415,0.01502&amp;z=16&amp;iwloc=lyrftr:msid:215369224586216224257.0004d255a7bb45f6c8c6c,0004de6d45b63b1ab9559,-39.832293,-73.244165,0,-32&amp;source=embed\">Sedes y Campus UACh<\/a> en un mapa ampliado<\/small><br \/>\nEl Campus se extiende hasta llegar a la ribera del r\u00edo con un Gimnasio que se ubica a la entrada del Campus por\u00a0calle\u00a0 General Lagos mirando hacia la derecha (al r\u00edo).\u00a0Justo al frente de \u00e9l se levantan otras dependencias, como el Edificio Multimedial (Edif. 7000) que cuenta con salas de clases totalmente equipadas, especialmente para eventos y reuniones multimediales, el Canal de Pruebas Marcos Carlos Hitzler S\u00f6rensen, \u00a0junto al r\u00edo el Edificio Walter Heitmann Cords (Edif. 4000), con el astillero. Frente al r\u00edo est\u00e1\u00a0el Edificio Casino Campus Miraflores, y la Direcci\u00f3n de\u00a0Asuntos Estudiantiles, DAE Campus Miraflores, en donde podr\u00e1s despejar todas tus dudas respecto a bienestar estudiantil, becas, apoyo psicol\u00f3gico, entre otros.<\/p>\n<p><strong><a title=\"FCI\" href=\"http:\/\/ingenieria.uach.cl\/\" target=\"_blank\" rel=\"noopener noreferrer\">Ir a la Facultad de Ciencias de la Ingenier\u00eda<\/a><\/strong><\/p>\n<p><a href=\"http:\/\/www.uach.cl\/sedes-y-campus\/informacion-general\" target=\"_blank\" rel=\"noopener noreferrer\"><strong>Campus y sedes de la Universidad Austral de Chile<\/strong><\/a><\/p>\n<p><a href=\"http:\/\/www.uach.cl\/sedes-y-campus\/informacion-general\/campus-isla-teja\" target=\"_blank\" rel=\"noopener noreferrer\"><img decoding=\"async\" class=\"aligncenter size-full wp-image-12533\" src=\"https:\/\/www.acusticauach.cl\/wp-content\/uploads\/2019\/11\/campus-teja-aerea.jpg\" alt=\"\" width=\"800\" height=\"450\" srcset=\"https:\/\/www.acusticauach.cl\/wp-content\/uploads\/2019\/11\/campus-teja-aerea.jpg 800w, https:\/\/www.acusticauach.cl\/wp-content\/uploads\/2019\/11\/campus-teja-aerea-300x169.jpg 300w, https:\/\/www.acusticauach.cl\/wp-content\/uploads\/2019\/11\/campus-teja-aerea-768x432.jpg 768w, https:\/\/www.acusticauach.cl\/wp-content\/uploads\/2019\/11\/campus-teja-aerea-125x70.jpg 125w, https:\/\/www.acusticauach.cl\/wp-content\/uploads\/2019\/11\/campus-teja-aerea-75x42.jpg 75w\" sizes=\"(max-width: 800px) 100vw, 800px\" \/><\/a><\/p>\n","protected":false},"excerpt":{"rendered":"<p>Facultad de Ciencias de la Ingenier\u00eda La Facultad de Ciencias de la Ingenier\u00eda de la Universidad Austral de Chile se encuentra en un privilegiado lugar rodeado de naturaleza y con una hermosa vista hacia los r\u00edos de Valdivia. Ubicada en calle General Lagos 2086 se localiza el Campus Miraflores uno de los 2 campus y [&hellip;]<\/p>\n","protected":false},"author":1,"featured_media":16182,"parent":0,"menu_order":0,"comment_status":"closed","ping_status":"closed","template":"","meta":{"footnotes":""},"class_list":["post-112","page","type-page","status-publish","has-post-thumbnail","hentry"],"_links":{"self":[{"href":"https:\/\/www.acusticauach.cl\/index.php?rest_route=\/wp\/v2\/pages\/112","targetHints":{"allow":["GET"]}}],"collection":[{"href":"https:\/\/www.acusticauach.cl\/index.php?rest_route=\/wp\/v2\/pages"}],"about":[{"href":"https:\/\/www.acusticauach.cl\/index.php?rest_route=\/wp\/v2\/types\/page"}],"author":[{"embeddable":true,"href":"https:\/\/www.acusticauach.cl\/index.php?rest_route=\/wp\/v2\/users\/1"}],"replies":[{"embeddable":true,"href":"https:\/\/www.acusticauach.cl\/index.php?rest_route=%2Fwp%2Fv2%2Fcomments&post=112"}],"version-history":[{"count":0,"href":"https:\/\/www.acusticauach.cl\/index.php?rest_route=\/wp\/v2\/pages\/112\/revisions"}],"wp:featuredmedia":[{"embeddable":true,"href":"https:\/\/www.acusticauach.cl\/index.php?rest_route=\/wp\/v2\/media\/16182"}],"wp:attachment":[{"href":"https:\/\/www.acusticauach.cl\/index.php?rest_route=%2Fwp%2Fv2%2Fmedia&parent=112"}],"curies":[{"name":"wp","href":"https:\/\/api.w.org\/{rel}","templated":true}]}}