{"id":11127,"date":"2019-04-16T14:08:31","date_gmt":"2019-04-16T18:08:31","guid":{"rendered":"http:\/\/www.acusticauach.cl\/?page_id=11127"},"modified":"2019-11-06T13:15:30","modified_gmt":"2019-11-06T16:15:30","slug":"estacion-5-reten-carabineros-de-chile-2","status":"publish","type":"page","link":"https:\/\/www.acusticauach.cl\/?page_id=11127","title":{"rendered":"Red Monitoreo Estaci\u00f3n 1"},"content":{"rendered":"<h5 align=\"left\"><strong>Ubicaci\u00f3n de estaciones de monitoreo en la ciudad de Valdivia.<\/strong><\/h5>\n<div align=\"left\"><img decoding=\"async\" class=\"aligncenter size-full wp-image-10634\" src=\"https:\/\/www.acusticauach.cl\/wp-content\/uploads\/2017\/04\/MAPA_ESTACIONES_ANUALES_VALDIVIA_01.jpg\" alt=\"\" width=\"1402\" height=\"789\" srcset=\"https:\/\/www.acusticauach.cl\/wp-content\/uploads\/2017\/04\/MAPA_ESTACIONES_ANUALES_VALDIVIA_01.jpg 1402w, https:\/\/www.acusticauach.cl\/wp-content\/uploads\/2017\/04\/MAPA_ESTACIONES_ANUALES_VALDIVIA_01-300x169.jpg 300w, https:\/\/www.acusticauach.cl\/wp-content\/uploads\/2017\/04\/MAPA_ESTACIONES_ANUALES_VALDIVIA_01-768x432.jpg 768w, https:\/\/www.acusticauach.cl\/wp-content\/uploads\/2017\/04\/MAPA_ESTACIONES_ANUALES_VALDIVIA_01-1024x576.jpg 1024w, https:\/\/www.acusticauach.cl\/wp-content\/uploads\/2017\/04\/MAPA_ESTACIONES_ANUALES_VALDIVIA_01-700x394.jpg 700w, https:\/\/www.acusticauach.cl\/wp-content\/uploads\/2017\/04\/MAPA_ESTACIONES_ANUALES_VALDIVIA_01-500x281.jpg 500w\" sizes=\"(max-width: 1402px) 100vw, 1402px\" \/><\/div>\n<div align=\"left\"><\/div>\n<div style=\"text-align: center;\" align=\"left\">&nbsp;<strong><a href=\"https:\/\/www.acusticauach.cl\/?page_id=8507\">Estaciones de Monitoreo en Valdivia<\/a><\/strong><\/div>\n<div style=\"text-align: center;\" align=\"left\"><strong><a href=\"https:\/\/www.acusticauach.cl\/?page_id=11127\">Estaci\u00f3n 1<\/a>&nbsp;&nbsp;|&nbsp;<a href=\"https:\/\/www.acusticauach.cl\/?page_id=11130\">Estaci\u00f3n 2&nbsp;<\/a>&nbsp;|&nbsp;<a href=\"https:\/\/www.acusticauach.cl\/?page_id=11133\">Estaci\u00f3n 3<\/a>&nbsp;&nbsp;|&nbsp;<a href=\"https:\/\/www.acusticauach.cl\/?page_id=11136\">Estaci\u00f3n 4<\/a>&nbsp;&nbsp;|&nbsp;<a href=\"https:\/\/www.acusticauach.cl\/?page_id=11110\">Estaci\u00f3n 5<\/a><\/strong><\/div>\n<hr>\n<h5><b>Datos en tiempo real de la Estaci\u00f3n 1 \u00abCampus Miraflores\u00bb<\/b><\/h5>\n<p>Nota: Debe habilitar la ejecuci\u00f3n de \u00abscripts\u00bb para esta p\u00e1gina.&nbsp; (o <a href=\"http:\/\/acusticauach.absentia.cl:8888\/embed\/b827eba3c2c1\" target=\"_blank\" rel=\"noopener noreferrer\">&nbsp;Ver directamente aqu\u00ed<\/a>)<\/p>\n<div align=\"left\"><iframe id=\"miIframe\" src=\"http:\/\/acusticauach.absentia.cl:8888\/embed\/b827eba3c2c1\" width=\"700;\" height=\"400;\" frameborder=\"no\" scrolling=\"no\" align=\"middle\"><\/iframe><br \/>\n<!--END IFRAME--><\/div>\n<div align=\"left\"><\/div>\n<p><a href=\"https:\/\/www.acusticauach.cl\/?p=10267\">Proyecto FONDECYT Regular 2018 &#8211; 2021 (N\u00b01180547) Development of low-cost models for urban noise assessment<\/a><\/p>\n<div style=\"text-align: center;\" align=\"left\">\n<hr>\n<\/div>\n","protected":false},"excerpt":{"rendered":"<p>Ubicaci\u00f3n de estaciones de monitoreo en la ciudad de Valdivia. &nbsp;Estaciones de Monitoreo en Valdivia Estaci\u00f3n 1&nbsp;&nbsp;|&nbsp;Estaci\u00f3n 2&nbsp;&nbsp;|&nbsp;Estaci\u00f3n 3&nbsp;&nbsp;|&nbsp;Estaci\u00f3n 4&nbsp;&nbsp;|&nbsp;Estaci\u00f3n 5 Datos en tiempo real de la Estaci\u00f3n 1 \u00abCampus Miraflores\u00bb Nota: Debe habilitar la ejecuci\u00f3n de \u00abscripts\u00bb para esta p\u00e1gina.&nbsp; (o &nbsp;Ver directamente aqu\u00ed) Proyecto FONDECYT Regular 2018 &#8211; 2021 (N\u00b01180547) Development of low-cost [&hellip;]<\/p>\n","protected":false},"author":2,"featured_media":0,"parent":0,"menu_order":0,"comment_status":"closed","ping_status":"closed","template":"","meta":{"footnotes":""},"class_list":["post-11127","page","type-page","status-publish","hentry"],"_links":{"self":[{"href":"https:\/\/www.acusticauach.cl\/index.php?rest_route=\/wp\/v2\/pages\/11127","targetHints":{"allow":["GET"]}}],"collection":[{"href":"https:\/\/www.acusticauach.cl\/index.php?rest_route=\/wp\/v2\/pages"}],"about":[{"href":"https:\/\/www.acusticauach.cl\/index.php?rest_route=\/wp\/v2\/types\/page"}],"author":[{"embeddable":true,"href":"https:\/\/www.acusticauach.cl\/index.php?rest_route=\/wp\/v2\/users\/2"}],"replies":[{"embeddable":true,"href":"https:\/\/www.acusticauach.cl\/index.php?rest_route=%2Fwp%2Fv2%2Fcomments&post=11127"}],"version-history":[{"count":0,"href":"https:\/\/www.acusticauach.cl\/index.php?rest_route=\/wp\/v2\/pages\/11127\/revisions"}],"wp:attachment":[{"href":"https:\/\/www.acusticauach.cl\/index.php?rest_route=%2Fwp%2Fv2%2Fmedia&parent=11127"}],"curies":[{"name":"wp","href":"https:\/\/api.w.org\/{rel}","templated":true}]}}