{"id":11030,"date":"2019-04-09T14:17:18","date_gmt":"2019-04-09T18:17:18","guid":{"rendered":"http:\/\/www.acusticauach.cl\/?page_id=11030"},"modified":"2019-11-11T08:58:18","modified_gmt":"2019-11-11T11:58:18","slug":"7-concurso-de-bandas-2017-2","status":"publish","type":"page","link":"https:\/\/www.acusticauach.cl\/?page_id=11030","title":{"rendered":"8\u00b0 Concurso de Bandas 2018"},"content":{"rendered":"<p>Por octavo a\u00f1o consecutivo la carrera de Ingenier\u00eda Civil Ac\u00fastica de la Universidad Austral de Chile invit\u00f3 a todos los estudiantes secundarios del pa\u00eds a participar en una nueva versi\u00f3n del Concurso de Bandas Escolares 2018. El concurso est\u00e1 dirigido a bandas de todo Chile, que sean estudiantes regulares de ense\u00f1anza media y que posean alg\u00fan demo o canci\u00f3n in\u00e9dita de su propia autor\u00eda.<\/p>\n<h5><strong>Ganadores<\/strong><\/h5>\n<p><strong>Histeria en el Metro<\/strong> con el tema <strong>\u201cCuando volar\u201d<\/strong> son los ganadores de la octava versi\u00f3n del Concurso de Bandas Escolares Ac\u00fasticaUACh.&nbsp;Los estudiantes del Santiago College de Santiago viajaron hasta Valdivia para grabar profesionalmente dos de sus temas originales, en el Estudio del Instituto de Ac\u00fastica UACh. Este premio incluy\u00f3 la grabaci\u00f3n, mezcla y masterizaci\u00f3n de los temas, adem\u00e1s del traslado y estad\u00eda de toda la banda y su profesor o profesora a cargo.<\/p>\n<p>El Segundo Lugar fue para <strong>Cuarteto Inscoval<\/strong> del&nbsp; Instituto Comercial&nbsp; de Valdivia. El premio para el segundo lugar consiste en un Pack de grabaci\u00f3n Presonus (Presonus Audiobox Studio), que incluye interfaz Audiobox, fonos HD7, micr\u00f3fono M7 y software de grabaci\u00f3n Studio One Artist (Marcas y modelos de referencia).<\/p>\n<p>El Tercer Lugar lo recibi\u00f3 el tercer lugar para<strong>&nbsp;L\u00e1grimas de Tarom<\/strong> del Liceo Vicente P\u00e9rez Rosales de R\u00edo Bueno, quienes reciben como premio una Interfaz Audiobox de Presonus (Marcas y modelos de referencia).<\/p>\n<p><iframe title=\"Histeria en el Metro \/ Ganadores Concurso Bandas Escolares 2018\" width=\"1200\" height=\"675\" src=\"https:\/\/www.youtube.com\/embed\/142L0LkUUGI?feature=oembed\" frameborder=\"0\" allow=\"accelerometer; autoplay; encrypted-media; gyroscope; picture-in-picture\" allowfullscreen><\/iframe><\/p>\n<p><a href=\"https:\/\/www.acusticauach.cl\/wp-content\/uploads\/2018\/10\/8vo-Concurso-bandas-Acustica-1000x340.png\"><img decoding=\"async\" class=\"aligncenter wp-image-10485 size-full\" src=\"https:\/\/www.acusticauach.cl\/wp-content\/uploads\/2018\/10\/8vo-Concurso-bandas-Acustica-1000x340.png\" alt=\"\" width=\"1000\" height=\"340\" srcset=\"https:\/\/www.acusticauach.cl\/wp-content\/uploads\/2018\/10\/8vo-Concurso-bandas-Acustica-1000x340.png 1000w, https:\/\/www.acusticauach.cl\/wp-content\/uploads\/2018\/10\/8vo-Concurso-bandas-Acustica-1000x340-300x102.png 300w, https:\/\/www.acusticauach.cl\/wp-content\/uploads\/2018\/10\/8vo-Concurso-bandas-Acustica-1000x340-768x261.png 768w, https:\/\/www.acusticauach.cl\/wp-content\/uploads\/2018\/10\/8vo-Concurso-bandas-Acustica-1000x340-700x238.png 700w, https:\/\/www.acusticauach.cl\/wp-content\/uploads\/2018\/10\/8vo-Concurso-bandas-Acustica-1000x340-500x170.png 500w\" sizes=\"(max-width: 1000px) 100vw, 1000px\" \/><\/a><\/p>\n<p><a href=\"https:\/\/www.acusticauach.cl\/wp-content\/uploads\/2018\/10\/8vo-Concurso-bandas-Acustica-1000x340.png\" target=\"_blank\" rel=\"noopener noreferrer\">Descargar Afiche.<\/a><\/p>\n<h5><strong>Histeria en el Metro (Ganadora)<\/strong><\/h5>\n<p><a href=\"https:\/\/www.acusticauach.cl\/wp-content\/uploads\/2019\/01\/Histeria_en_el_Metro_04.jpg\"><img decoding=\"async\" class=\"aligncenter wp-image-10925 size-full\" src=\"https:\/\/www.acusticauach.cl\/wp-content\/uploads\/2019\/01\/Histeria_en_el_Metro_04.jpg\" alt=\"\" width=\"1000\" height=\"563\" srcset=\"https:\/\/www.acusticauach.cl\/wp-content\/uploads\/2019\/01\/Histeria_en_el_Metro_04.jpg 1000w, https:\/\/www.acusticauach.cl\/wp-content\/uploads\/2019\/01\/Histeria_en_el_Metro_04-300x169.jpg 300w, https:\/\/www.acusticauach.cl\/wp-content\/uploads\/2019\/01\/Histeria_en_el_Metro_04-768x432.jpg 768w, https:\/\/www.acusticauach.cl\/wp-content\/uploads\/2019\/01\/Histeria_en_el_Metro_04-700x394.jpg 700w, https:\/\/www.acusticauach.cl\/wp-content\/uploads\/2019\/01\/Histeria_en_el_Metro_04-500x282.jpg 500w\" sizes=\"(max-width: 1000px) 100vw, 1000px\" \/><\/a><\/p>\n<p><a href=\"https:\/\/www.acusticauach.cl\/wp-content\/uploads\/2018\/12\/Histeria-en-el-Metro-16x9.jpeg\"><img decoding=\"async\" class=\"aligncenter wp-image-10728 size-full\" src=\"https:\/\/www.acusticauach.cl\/wp-content\/uploads\/2018\/12\/Histeria-en-el-Metro-16x9.jpeg\" alt=\"\" width=\"1024\" height=\"576\" srcset=\"https:\/\/www.acusticauach.cl\/wp-content\/uploads\/2018\/12\/Histeria-en-el-Metro-16x9.jpeg 1024w, https:\/\/www.acusticauach.cl\/wp-content\/uploads\/2018\/12\/Histeria-en-el-Metro-16x9-300x169.jpeg 300w, https:\/\/www.acusticauach.cl\/wp-content\/uploads\/2018\/12\/Histeria-en-el-Metro-16x9-768x432.jpeg 768w, https:\/\/www.acusticauach.cl\/wp-content\/uploads\/2018\/12\/Histeria-en-el-Metro-16x9-700x394.jpeg 700w, https:\/\/www.acusticauach.cl\/wp-content\/uploads\/2018\/12\/Histeria-en-el-Metro-16x9-500x281.jpeg 500w\" sizes=\"(max-width: 1024px) 100vw, 1024px\" \/><\/a><\/p>\n<p><a href=\"https:\/\/flic.kr\/s\/aHsmHxCZcM\" target=\"_blank\" rel=\"noopener noreferrer\"><img decoding=\"async\" class=\"aligncenter wp-image-9353 size-full\" src=\"https:\/\/www.acusticauach.cl\/wp-content\/uploads\/2017\/11\/flickr-app-fotografia.jpg\" alt=\"\" width=\"421\" height=\"171\" srcset=\"https:\/\/www.acusticauach.cl\/wp-content\/uploads\/2017\/11\/flickr-app-fotografia.jpg 421w, https:\/\/www.acusticauach.cl\/wp-content\/uploads\/2017\/11\/flickr-app-fotografia-300x122.jpg 300w\" sizes=\"(max-width: 421px) 100vw, 421px\" \/><\/a><\/p>\n<p><a title=\"8\u00b0 Concurso de Bandas 2018\" href=\"https:\/\/www.flickr.com\/photos\/acusticauach\/albums\/72157711238105567\" data-flickr-embed=\"true\"><img decoding=\"async\" class=\"aligncenter\" src=\"https:\/\/live.staticflickr.com\/65535\/48860889508_d6d6712862_z.jpg\" alt=\"8\u00b0 Concurso de Bandas 2018\" width=\"640\" height=\"640\"><\/a><script async=\"\" src=\"\/\/embedr.flickr.com\/assets\/client-code.js\" charset=\"utf-8\"><\/script><\/p>\n<p><a href=\"https:\/\/www.acusticauach.cl\/wp-content\/uploads\/2019\/01\/Histeria_en_el_Metro_01.jpg\"><img decoding=\"async\" class=\"aligncenter wp-image-10922 size-full\" src=\"https:\/\/www.acusticauach.cl\/wp-content\/uploads\/2019\/01\/Histeria_en_el_Metro_01.jpg\" alt=\"\" width=\"1000\" height=\"563\" srcset=\"https:\/\/www.acusticauach.cl\/wp-content\/uploads\/2019\/01\/Histeria_en_el_Metro_01.jpg 1000w, https:\/\/www.acusticauach.cl\/wp-content\/uploads\/2019\/01\/Histeria_en_el_Metro_01-300x169.jpg 300w, https:\/\/www.acusticauach.cl\/wp-content\/uploads\/2019\/01\/Histeria_en_el_Metro_01-768x432.jpg 768w, https:\/\/www.acusticauach.cl\/wp-content\/uploads\/2019\/01\/Histeria_en_el_Metro_01-700x394.jpg 700w, https:\/\/www.acusticauach.cl\/wp-content\/uploads\/2019\/01\/Histeria_en_el_Metro_01-500x282.jpg 500w\" sizes=\"(max-width: 1000px) 100vw, 1000px\" \/><\/a><\/p>\n<h5><strong>Audios<\/strong><\/h5>\n<p>Grabaci\u00f3n de Histeria en el Metro, las canciones grabadas en el Estudio de Grabaci\u00f3n de AcusticaUACh:<\/p>\n<h5><strong>Tema \u00abCuando Volar\u00bb, de Banda Histeria en el Metro (2018)<\/strong><\/h5>\n<audio class=\"wp-audio-shortcode\" id=\"audio-11030-1\" preload=\"none\" style=\"width: 100%;\" controls=\"controls\"><source type=\"audio\/mpeg\" src=\"https:\/\/www.acusticauach.cl\/wp-content\/uploads\/2019\/04\/MTCuandovolar.mp3?_=1\" \/><a href=\"https:\/\/www.acusticauach.cl\/wp-content\/uploads\/2019\/04\/MTCuandovolar.mp3\">https:\/\/www.acusticauach.cl\/wp-content\/uploads\/2019\/04\/MTCuandovolar.mp3<\/a><\/audio>\n<h5><strong>Tema \u00abPrisionero Sonriente\u00bb, de Banda Histeria en el Metro (2018)<\/strong><\/h5>\n<audio class=\"wp-audio-shortcode\" id=\"audio-11030-2\" preload=\"none\" style=\"width: 100%;\" controls=\"controls\"><source type=\"audio\/mpeg\" src=\"https:\/\/www.acusticauach.cl\/wp-content\/uploads\/2019\/04\/MTPrisionerosonriente.mp3?_=2\" \/><a href=\"https:\/\/www.acusticauach.cl\/wp-content\/uploads\/2019\/04\/MTPrisionerosonriente.mp3\">https:\/\/www.acusticauach.cl\/wp-content\/uploads\/2019\/04\/MTPrisionerosonriente.mp3<\/a><\/audio>\n<h5><strong>Prensa<\/strong><\/h5>\n<p><strong>Lanzan concurso de bandas 2018.<\/strong><\/p>\n<ul>\n<li><a href=\"https:\/\/www.acusticauach.cl\/?p=10482\">Ac\u00fastica UACh abri\u00f3 la convocatoria para el 8\u00b0 Concurso de Bandas Escolares 2018.<\/a><\/li>\n<\/ul>\n<p>M\u00e1s Noticias:<\/p>\n<ul>\n<li><a href=\"https:\/\/www.acusticauach.cl\/?p=10679\">Conoce a los seleccionados del 8\u00b0 Concurso de Bandas Escolares 2018.<\/a><\/li>\n<li><a href=\"https:\/\/www.acusticauach.cl\/?p=10722\">Destacados m\u00fasicos nacionales eligieron a la mejor banda escolar 2018.<\/a><\/li>\n<li>\n<p class=\"post-title\"><a href=\"https:\/\/www.acusticauach.cl\/?p=10921\">\u201cHisteria en el Metro\u201d: la banda ganadora del 8vo concurso de bandas Escolares proyecta este a\u00f1o su primer disco.<\/a><\/p>\n<\/li>\n<\/ul>\n<h5><strong>Jurado<\/strong><\/h5>\n<p>En esta oportunidad el jurado invitado estuvo compuesto por:<\/p>\n<ul>\n<li><strong>Carlos Cabezas<\/strong>.&nbsp;El trabajo de este cantante, guitarrista, compositor y productor ha trascendido la historia de la banda en la que se inici\u00f3 como m\u00fasico, Electrodom\u00e9sticos, y a la cual sigue vinculado hasta hoy, entre muchos trabajos paralelos. Carlos Cabezas ha sido un m\u00fasico arriesgado, gu\u00eda de una carrera marcada por giros sorpresivos. Sus creaciones profundas y atemporales son dif\u00edciles de clasificar, aunque caben siempre dentro de una corriente popular y acotada a los c\u00f3digos de un rock amplio y adulto, que hasta ahora se ha canalizado tanto en discos propios, como en proyectos colectivos y por encargo. (www.musicapopular.cl)<\/li>\n<li><strong>Felipe Ilabaca<\/strong>.&nbsp;Tambi\u00e9n llamado \u201cFelo Ilabaca\u201d o \u201cKvcita\u201d, es el bajista, voz y corista de la banda de funk-rock chilena Chancho en Piedra. Ha compuesto muchas canciones en el grupo como Guachperry, Historias de Amor y Cond\u00f3n, entre otras.<\/li>\n<li><strong>Christian Rebolledo<\/strong>. Productor e Ingeniero, ha trabajado con artistas como Javiera Parra, Nicole, Denver, entre otros. En el \u00e1mbito empresarial se destaca por su participaci\u00f3n en importantes eventos de la industria del entretenimiento tales como el Festival Lolapalooza. Adem\u00e1s, es acad\u00e9mico de la carrera de Sonido de la Universidad de Chile.<\/li>\n<li><strong>Jorge C\u00e1rdenas<\/strong>: es Ingeniero Ac\u00fastico y docente del Instituto de Ac\u00fastica UACh. Su trabajo se ha concentrado principalmente en la grabaci\u00f3n y el refuerzo sonoro, siendo responsable de la grabaci\u00f3n de numerosas producciones musicales de car\u00e1cter regional y nacional.<\/li>\n<\/ul>\n<p>Los aspectos que evalu\u00f3 el jurado fueron originalidad, musicalidad, cohesi\u00f3n de la banda, afinaci\u00f3n y r\u00edtmica.<\/p>\n<h5><strong>Concursos Anteriores<\/strong><\/h5>\n<p><strong><a href=\"https:\/\/www.acusticauach.cl\/?page_id=4642\">Concurso de Bandas Escolares (Principal)<\/a><\/strong><\/p>\n<ul id=\"menu-concursobandas\" class=\"menu\">\n<li class=\"menu-item menu-item-type-post_type menu-item-object-page menu-item-6559\"><a href=\"https:\/\/www.acusticauach.cl\/?page_id=11030\">8\u00b0 Concurso de Bandas 2018<\/a><\/li>\n<li class=\"menu-item menu-item-type-post_type menu-item-object-page menu-item-6559\"><a href=\"https:\/\/www.acusticauach.cl\/?page_id=9482\">7\u00b0 Concurso de Bandas 2017<\/a><\/li>\n<li class=\"menu-item menu-item-type-post_type menu-item-object-page menu-item-6559\"><a href=\"https:\/\/www.acusticauach.cl\/?page_id=9175\">6\u00b0 Concurso de Bandas 2016<\/a><\/li>\n<li id=\"menu-item-6559\" class=\"menu-item menu-item-type-post_type menu-item-object-page menu-item-6559\"><a href=\"https:\/\/www.acusticauach.cl\/?page_id=6548\">5\u00b0 Concurso de Bandas 2015<\/a><\/li>\n<li id=\"menu-item-4637\" class=\"menu-item menu-item-type-post_type menu-item-object-page menu-item-4637\"><a href=\"https:\/\/www.acusticauach.cl\/?page_id=4144\">4o Concurso de Bandas 2014<\/a><\/li>\n<li id=\"menu-item-4640\" class=\"menu-item menu-item-type-post_type menu-item-object-page menu-item-4640\"><a href=\"https:\/\/www.acusticauach.cl\/?page_id=3162\">3er Concurso de Bandas 2013<\/a><\/li>\n<li id=\"menu-item-4639\" class=\"menu-item menu-item-type-post_type menu-item-object-page menu-item-4639\"><a href=\"https:\/\/www.acusticauach.cl\/?page_id=3173\">2o Concurso de Bandas 2012<\/a><\/li>\n<li id=\"menu-item-4638\" class=\"menu-item menu-item-type-post_type menu-item-object-page menu-item-4638\"><a href=\"https:\/\/www.acusticauach.cl\/?page_id=3242\">1er Concurso de Bandas 2011<\/a><\/li>\n<\/ul>\n","protected":false},"excerpt":{"rendered":"<p>Por octavo a\u00f1o consecutivo la carrera de Ingenier\u00eda Civil Ac\u00fastica de la Universidad Austral de Chile invit\u00f3 a todos los estudiantes secundarios del pa\u00eds a participar en una nueva versi\u00f3n del Concurso de Bandas Escolares 2018. El concurso est\u00e1 dirigido a bandas de todo Chile, que sean estudiantes regulares de ense\u00f1anza media y que posean [&hellip;]<\/p>\n","protected":false},"author":2,"featured_media":10622,"parent":4642,"menu_order":1,"comment_status":"closed","ping_status":"closed","template":"","meta":{"footnotes":""},"class_list":["post-11030","page","type-page","status-publish","has-post-thumbnail","hentry"],"_links":{"self":[{"href":"https:\/\/www.acusticauach.cl\/index.php?rest_route=\/wp\/v2\/pages\/11030","targetHints":{"allow":["GET"]}}],"collection":[{"href":"https:\/\/www.acusticauach.cl\/index.php?rest_route=\/wp\/v2\/pages"}],"about":[{"href":"https:\/\/www.acusticauach.cl\/index.php?rest_route=\/wp\/v2\/types\/page"}],"author":[{"embeddable":true,"href":"https:\/\/www.acusticauach.cl\/index.php?rest_route=\/wp\/v2\/users\/2"}],"replies":[{"embeddable":true,"href":"https:\/\/www.acusticauach.cl\/index.php?rest_route=%2Fwp%2Fv2%2Fcomments&post=11030"}],"version-history":[{"count":0,"href":"https:\/\/www.acusticauach.cl\/index.php?rest_route=\/wp\/v2\/pages\/11030\/revisions"}],"up":[{"embeddable":true,"href":"https:\/\/www.acusticauach.cl\/index.php?rest_route=\/wp\/v2\/pages\/4642"}],"wp:featuredmedia":[{"embeddable":true,"href":"https:\/\/www.acusticauach.cl\/index.php?rest_route=\/wp\/v2\/media\/10622"}],"wp:attachment":[{"href":"https:\/\/www.acusticauach.cl\/index.php?rest_route=%2Fwp%2Fv2%2Fmedia&parent=11030"}],"curies":[{"name":"wp","href":"https:\/\/api.w.org\/{rel}","templated":true}]}}