{"id":10301,"date":"2018-08-01T16:52:29","date_gmt":"2018-08-01T20:52:29","guid":{"rendered":"http:\/\/www.acusticauach.cl\/?page_id=10301"},"modified":"2019-11-08T20:14:33","modified_gmt":"2019-11-08T23:14:33","slug":"jesus-alba-3-2-2","status":"publish","type":"page","link":"https:\/\/www.acusticauach.cl\/?page_id=10301","title":{"rendered":"Sergio Floody"},"content":{"rendered":"<h2><strong>Profesor de la Facultad de Artes de la Universidad de Chile.<\/strong><img decoding=\"async\" class=\"wp-image-10302 size-full alignright\" title=\"Guillermo Rey Gozalo\" src=\"https:\/\/www.acusticauach.cl\/wp-content\/uploads\/2018\/08\/Sergio_Floody_200x300.jpeg\" alt=\"\" width=\"200\" height=\"300\"><\/h2>\n<p>Sergio Floody obtuvo el grado de Licenciado en Ac\u00fastica y el t\u00edtulo de Ingeniero Ac\u00fastico en la Universidad Austral de Chile en 1990.<\/p>\n<p>En 1994, el profesor Floody obtiene una beca CNPq del gobierno brasilero para realizar sus estudios doctorales enla Universidade Federal de Santa Catarina, Brasil. Defiende de manera exitosa su tesis doctoral la vibraci\u00f3n de estructuras compuestas metal elast\u00f3mero en el a\u00f1o 2001. A partir de ese a\u00f1o desarrolla docencia e investigaci\u00f3n en la Universidad Tecnol\u00f3gica de Chile INACAP hasta el a\u00f1o 2009 donde comienza a trabajar en la Universidad de Chile, desempe\u00f1\u00e1ndose desde el 2013 al 2015 como Jefe de Carrera de Ingenier\u00eda en Sonido, programa acad\u00e9mico que junto a un equipo de destacados profesores ayud\u00f3 a desarrollar. As\u00ed mismo fue parte del equipo que form\u00f3 el Departamento de Sonido de la Facultad de Artes de la Universidad de Chile.<\/p>\n<p>Durante su carrera acad\u00e9mica, el Dr. Floody ha realizado investigaciones en diversas \u00e1reas de la ac\u00fastica tales como ac\u00fastica arquitect\u00f3nica, ac\u00fastica de edificios, sonido espacial, psicoac\u00fastica, procesamiento de se\u00f1ales, ac\u00fastica musical y optimizaci\u00f3n de forma usando elementos finitos. El trabajo cient\u00edfico realizado por el Dr. Floody en colaboraci\u00f3n con colegas de diferentes partes del mundo, ha resultado en variados art\u00edculos y en la presentaciones en congresos.<\/p>\n<p><strong>Actualizado 31.07.2018.<\/strong><\/p>\n<h2><strong>Contacto<\/strong><\/h2>\n<ul>\n<li>Instituto de Ac\u00fastica<\/li>\n<li>Facultad de Ciencias de la Ingenier\u00eda<\/li>\n<li>Universidad Austral de Chile<\/li>\n<li>Edificio 6000, Campus Miraflores, Casilla 567, Valdivia, Chile<\/li>\n<\/ul>\n<p><a href=\"https:\/\/www.acusticauach.cl\/?page_id=139\">Profesores de Ac\u00fastica<\/a><\/p>\n","protected":false},"excerpt":{"rendered":"<p>Profesor de la Facultad de Artes de la Universidad de Chile. Sergio Floody obtuvo el grado de Licenciado en Ac\u00fastica y el t\u00edtulo de Ingeniero Ac\u00fastico en la Universidad Austral de Chile en 1990. En 1994, el profesor Floody obtiene una beca CNPq del gobierno brasilero para realizar sus estudios doctorales enla Universidade Federal de [&hellip;]<\/p>\n","protected":false},"author":2,"featured_media":0,"parent":139,"menu_order":0,"comment_status":"closed","ping_status":"closed","template":"","meta":{"footnotes":""},"class_list":["post-10301","page","type-page","status-publish","hentry"],"_links":{"self":[{"href":"https:\/\/www.acusticauach.cl\/index.php?rest_route=\/wp\/v2\/pages\/10301","targetHints":{"allow":["GET"]}}],"collection":[{"href":"https:\/\/www.acusticauach.cl\/index.php?rest_route=\/wp\/v2\/pages"}],"about":[{"href":"https:\/\/www.acusticauach.cl\/index.php?rest_route=\/wp\/v2\/types\/page"}],"author":[{"embeddable":true,"href":"https:\/\/www.acusticauach.cl\/index.php?rest_route=\/wp\/v2\/users\/2"}],"replies":[{"embeddable":true,"href":"https:\/\/www.acusticauach.cl\/index.php?rest_route=%2Fwp%2Fv2%2Fcomments&post=10301"}],"version-history":[{"count":0,"href":"https:\/\/www.acusticauach.cl\/index.php?rest_route=\/wp\/v2\/pages\/10301\/revisions"}],"up":[{"embeddable":true,"href":"https:\/\/www.acusticauach.cl\/index.php?rest_route=\/wp\/v2\/pages\/139"}],"wp:attachment":[{"href":"https:\/\/www.acusticauach.cl\/index.php?rest_route=%2Fwp%2Fv2%2Fmedia&parent=10301"}],"curies":[{"name":"wp","href":"https:\/\/api.w.org\/{rel}","templated":true}]}}