{"id":103,"date":"2012-08-31T19:28:42","date_gmt":"2012-08-31T23:28:42","guid":{"rendered":"http:\/\/190.114.255.83\/~acustic1\/?page_id=103"},"modified":"2018-12-28T09:12:13","modified_gmt":"2018-12-28T12:12:13","slug":"perfil-de-egreso","status":"publish","type":"page","link":"https:\/\/www.acusticauach.cl\/?page_id=103","title":{"rendered":"Perfil de Egreso"},"content":{"rendered":"<p><img decoding=\"async\" class=\"aligncenter wp-image-10802 size-full\" src=\"https:\/\/www.acusticauach.cl\/wp-content\/uploads\/2012\/08\/banner_adm2019.jpg\" alt=\"\" width=\"1000\" height=\"340\" srcset=\"https:\/\/www.acusticauach.cl\/wp-content\/uploads\/2012\/08\/banner_adm2019.jpg 1000w, https:\/\/www.acusticauach.cl\/wp-content\/uploads\/2012\/08\/banner_adm2019-300x102.jpg 300w, https:\/\/www.acusticauach.cl\/wp-content\/uploads\/2012\/08\/banner_adm2019-768x261.jpg 768w, https:\/\/www.acusticauach.cl\/wp-content\/uploads\/2012\/08\/banner_adm2019-700x238.jpg 700w, https:\/\/www.acusticauach.cl\/wp-content\/uploads\/2012\/08\/banner_adm2019-500x170.jpg 500w\" sizes=\"(max-width: 1000px) 100vw, 1000px\" \/><\/p>\n<h2><strong>S\u00edntesis del Perfil de Egreso<\/strong><\/h2>\n<p>El Ingeniero(a) Civil Ac\u00fastico(a) de la Universidad Austral de Chile ser\u00e1 capaz\u00a0de dise\u00f1ar soluciones eficaces para el control y disminuci\u00f3n de los niveles de ruido,\u00a0vibraciones y acondicionamiento ac\u00fastico desde una perspectiva multidisciplinar y\u00a0considerando la normativa nacional e internacional vigente en el contexto de la\u00a0construcci\u00f3n, industria y medio ambiente.<\/p>\n<p>Adem\u00e1s, dise\u00f1a, optimiza y opera sistemas\u00a0de refuerzo sonoro, de grabaci\u00f3n y postproducci\u00f3n de sonido, sonido creativo,\u00a0tecnolog\u00eda musical, siendo participe de equipo de trabajos \u00a0transdisciplinarios en el\u00a0\u00e1mbito de la industria musical, audiovisual y del entretenimiento. Sumado a ello,\u00a0gestiona proyectos profesionales de sonido y de ruido y vibraciones con un enfoque<br \/>\ninnovador, evaluando aspectos t\u00e9cnicos, tecnol\u00f3gicos, econ\u00f3micos y de impacto\u00a0ambiental.<\/p>\n<p><a href=\"https:\/\/www.acusticauach.cl\/?page_id=131\"><strong>[info]Asignaturas de\u00a0Ac\u00fastica[\/info]<\/strong><\/a><\/p>\n","protected":false},"excerpt":{"rendered":"<p>S\u00edntesis del Perfil de Egreso El Ingeniero(a) Civil Ac\u00fastico(a) de la Universidad Austral de Chile ser\u00e1 capaz\u00a0de dise\u00f1ar soluciones eficaces para el control y disminuci\u00f3n de los niveles de ruido,\u00a0vibraciones y acondicionamiento ac\u00fastico desde una perspectiva multidisciplinar y\u00a0considerando la normativa nacional e internacional vigente en el contexto de la\u00a0construcci\u00f3n, industria y medio ambiente. Adem\u00e1s, dise\u00f1a, [&hellip;]<\/p>\n","protected":false},"author":1,"featured_media":0,"parent":63,"menu_order":0,"comment_status":"closed","ping_status":"closed","template":"","meta":{"footnotes":""},"class_list":["post-103","page","type-page","status-publish","hentry"],"_links":{"self":[{"href":"https:\/\/www.acusticauach.cl\/index.php?rest_route=\/wp\/v2\/pages\/103","targetHints":{"allow":["GET"]}}],"collection":[{"href":"https:\/\/www.acusticauach.cl\/index.php?rest_route=\/wp\/v2\/pages"}],"about":[{"href":"https:\/\/www.acusticauach.cl\/index.php?rest_route=\/wp\/v2\/types\/page"}],"author":[{"embeddable":true,"href":"https:\/\/www.acusticauach.cl\/index.php?rest_route=\/wp\/v2\/users\/1"}],"replies":[{"embeddable":true,"href":"https:\/\/www.acusticauach.cl\/index.php?rest_route=%2Fwp%2Fv2%2Fcomments&post=103"}],"version-history":[{"count":0,"href":"https:\/\/www.acusticauach.cl\/index.php?rest_route=\/wp\/v2\/pages\/103\/revisions"}],"up":[{"embeddable":true,"href":"https:\/\/www.acusticauach.cl\/index.php?rest_route=\/wp\/v2\/pages\/63"}],"wp:attachment":[{"href":"https:\/\/www.acusticauach.cl\/index.php?rest_route=%2Fwp%2Fv2%2Fmedia&parent=103"}],"curies":[{"name":"wp","href":"https:\/\/api.w.org\/{rel}","templated":true}]}}