{"id":3925,"date":"2022-11-10T12:33:10","date_gmt":"2022-11-10T15:33:10","guid":{"rendered":"https:\/\/www.acusticauach.cl\/fusa\/?page_id=3925"},"modified":"2023-06-15T11:04:14","modified_gmt":"2023-06-15T14:04:14","slug":"entidades-asociadas","status":"publish","type":"page","link":"https:\/\/www.acusticauach.cl\/fusa\/entidades-asociadas\/","title":{"rendered":"Entidades Asociadas"},"content":{"rendered":"\t\t<div data-elementor-type=\"wp-page\" data-elementor-id=\"3925\" class=\"elementor elementor-3925\">\n\t\t\t\t        <section class=\"elementor-section elementor-top-section elementor-element elementor-element-6c5729f0 elementor-section-boxed elementor-section-height-default elementor-section-height-default\" data-id=\"6c5729f0\" data-element_type=\"section\">\n            \n                        <div class=\"elementor-container elementor-column-gap-default \">\n                            <div class=\"elementor-row\">\n                    <div class=\"elementor-column elementor-col-100 elementor-top-column elementor-element elementor-element-65cf2796\" data-id=\"65cf2796\" data-element_type=\"column\">\n            <div class=\"elementor-column-wrap elementor-element-populated\">\n                            <div class=\"elementor-widget-wrap\">\n                \t\t<div class=\"elementor-element elementor-element-723f83dd elementor-widget elementor-widget-text-editor\" data-id=\"723f83dd\" data-element_type=\"widget\" data-widget_type=\"text-editor.default\">\n\t\t\t\t<div class=\"elementor-widget-container\">\n\t\t\t\t\t\t\t\t\t<p><\/p>\n<h2>Alianzas estrat\u00e9gicas acordes con un desafiante desarrollo tecnol\u00f3gico<\/h2>\n<p>Las entidades asociadas han participado en la definici\u00f3n de par\u00e1metros t\u00e9cnicos, protocolos de entrega de datos, sistema de despliegue de informaci\u00f3n, interfaz para distintos usuarios, estructura de mediciones, procesado de audios y mediciones, sugerencias de despliegue de informaci\u00f3n y aplicaciones en la evaluaci\u00f3n ambiental de proyectos (SEIA), monitoreo y seguimiento ambiental para el proyecto. En particular, han aportado en aspectos como:<\/p>\n<p><\/p>\n<p><\/p>\n<ul class=\"wp-block-list\">\n<li style=\"list-style-type: none;\">\n<ul><\/ul>\n<\/li>\n<\/ul>\n<p>\u00a0<\/p>\n<ul>\n<li style=\"list-style-type: none;\">\n<ul>\n<li>Aporte en horas profesionales de contraparte, definici\u00f3n de requerimientos de uso y protocolos.<\/li>\n<\/ul>\n<\/li>\n<\/ul>\n<p><\/p>\n<p><\/p>\n<ul>\n<li style=\"list-style-type: none;\">\n<ul>\n<li>Servicio de estaciones certificadas de medici\u00f3n de ruido por 1 a\u00f1o.<\/li>\n<\/ul>\n<\/li>\n<\/ul>\n<p><\/p>\n<p><\/p>\n<ul>\n<li style=\"list-style-type: none;\">\n<ul>\n<li>Base de datos de mediciones y audios normalizados.<\/li>\n<\/ul>\n<\/li>\n<\/ul>\n<p><\/p>\n<p><\/p>\n<ul>\n<li style=\"list-style-type: none;\">\n<ul>\n<li>Software de son\u00f3metros y estaciones para uso de investigaci\u00f3n.<\/li>\n<\/ul>\n<\/li>\n<\/ul>\n<p><\/p>\n<p><\/p>\n<ul>\n<li style=\"list-style-type: none;\">\n<ul>\n<li>Aporte en horas de profesionales, para el desarrollo del proyecto.<\/li>\n<\/ul>\n<\/li>\n<\/ul>\n<p><\/p>\n<p><\/p>\n<p><\/p>\n<p>Las entidades asociadas declaran inter\u00e9s en ser usuario del sistema, promover su uso, e implementar soluciones tecnol\u00f3gicas para ampliar los servicios profesionales y de investigaci\u00f3n en el \u00e1rea de la ac\u00fastica ambiental y fuentes sonoras.<\/p>\n<p><\/p>\n<p><\/p>\n<h3 class=\"wp-block-heading\">Ministerio del Medio Ambiente<\/h3>\n<p><\/p>\n<p><div class=\"wp-block-image\"><\/p>\n<figure class=\"aligncenter size-full\"><img decoding=\"async\" width=\"300\" height=\"150\" class=\"wp-image-4045\" src=\"https:\/\/www.acusticauach.cl\/fusa\/wp-content\/uploads\/2023\/05\/mma_300x150-1.jpg\" alt=\"\" \/><\/figure>\n<p><\/div><\/p>\n<p><\/p>\n<p><a href=\"https:\/\/ruido.mma.gob.cl\/\" target=\"_blank\" rel=\"noreferrer noopener\">https:\/\/ruido.mma.gob.cl\/ <\/a><\/p>\n<p><\/p>\n<p><\/p>\n<p>\u00d3rgano del Estado encargado de colaborar con el presidente de la Rep\u00fablica en el dise\u00f1o y aplicaci\u00f3n de pol\u00edticas, planes y programas en materia ambiental, as\u00ed como en la protecci\u00f3n y conservaci\u00f3n de la diversidad biol\u00f3gica y de los recursos naturales renovables e h\u00eddricos, promoviendo el desarrollo sustentable, la integridad de la pol\u00edtica ambiental y su regulaci\u00f3n normativa.<\/p>\n<p><\/p>\n<p><\/p>\n<h3 class=\"wp-block-heading\">VitGlobal<\/h3>\n<p><\/p>\n<p><div class=\"wp-block-image\"><\/p>\n<figure class=\"aligncenter size-full\"><img decoding=\"async\" width=\"300\" height=\"150\" class=\"wp-image-3759\" src=\"https:\/\/www.acusticauach.cl\/fusa\/wp-content\/uploads\/2022\/09\/socios04.jpg\" alt=\"\" \/><\/figure>\n<p><\/div><\/p>\n<p><\/p>\n<p><a href=\"http:\/\/www.vitglobal.com\">www.vitglobal.com<\/a><\/p>\n<p><\/p>\n<p><\/p>\n<p>Empresa proveedora de equipamiento especializado, consultor\u00eda y servicios en la nube. Por m\u00e1s de 20 a\u00f1os ha desarrollado soluciones tecnol\u00f3gicas que combinan programaci\u00f3n de software, metrolog\u00eda ac\u00fastica, desarrollo electr\u00f3nico, integraci\u00f3n de hardware, software y telecomunicaciones, adaptadas a las necesidades de cada cliente. Ha desarrollado la l\u00ednea de monitores de Ruido eRuido, y proveen diversos servicios de ingenier\u00eda de datos.<\/p>\n<p><\/p>\n<p><\/p>\n<h3 class=\"wp-block-heading\">Control Ac\u00fastico (Gerard Ingenier\u00eda SpA)<\/h3>\n<p><\/p>\n<p><div class=\"wp-block-image\"><\/p>\n<figure class=\"aligncenter size-full\"><img decoding=\"async\" width=\"300\" height=\"150\" class=\"wp-image-3762\" src=\"https:\/\/www.acusticauach.cl\/fusa\/wp-content\/uploads\/2022\/09\/socios01.jpg\" alt=\"\" \/><\/figure>\n<p><\/div><\/p>\n<p><\/p>\n<p><a href=\"https:\/\/www.controlacustico.cl\">https:\/\/www.controlacustico.cl<\/a><\/p>\n<p><\/p>\n<p><\/p>\n<p>Empresa dedicada a realizar asesor\u00edas en el \u00e1mbito de la ingenier\u00eda ac\u00fastica y control de vibraciones. Con m\u00e1s de 20 a\u00f1os de experiencia, ofrece una completa variedad de herramientas de dise\u00f1o para brindar asesor\u00edas especializadas a problemas de Ruido y Vibraciones. Los procesos de la empresa est\u00e1n certificados por ISO 9001, ISO 14001 y OHSAS 18001, con un equipo de m\u00e1s de 20 profesionales especializados en Estudios de Impacto Ac\u00fastico Ambiental &#8211; Laboral y el Control de Ruido y Vibraciones.<\/p>\n<p><\/p>\n<p><\/p>\n<h3 class=\"wp-block-heading\">\u00a0\u00a0\u00a0 \u2022 CAPTA<\/h3>\n<p><\/p>\n<p><div class=\"wp-block-image\"><\/p>\n<figure class=\"aligncenter size-full\"><img loading=\"lazy\" decoding=\"async\" width=\"300\" height=\"150\" class=\"wp-image-3760\" src=\"https:\/\/www.acusticauach.cl\/fusa\/wp-content\/uploads\/2022\/09\/socios03.jpg\" alt=\"\" \/><\/figure>\n<p><\/div><\/p>\n<p><\/p>\n<p><a href=\"http:\/\/www.absentia.cl\/Medio.html\">http:\/\/www.absentia.cl\/Medio.html<\/a><\/p>\n<p><\/p>\n<p><\/p>\n<p>Empresa dedicada a servicios de ac\u00fastica, medici\u00f3n y desarrollo tecnol\u00f3gico, asociada a un estudio de tecnolog\u00eda ac\u00fastica que opera desde la ciudad de Valdivia en la regi\u00f3n de Los R\u00edos. Ha puesto el foco desde hace m\u00e1s de una d\u00e9cada en la investigaci\u00f3n y desarrollo de servicios y productos tecnol\u00f3gicos para la mejora en todo el amplio rango en que la ingenier\u00eda de la ac\u00fastica y el sonido se desenvuelven.<\/p>\n<p><\/p>\n<p><\/p>\n<h3 class=\"wp-block-heading\">\u00a0\u00a0\u00a0 \u2022 Ac\u00fastica Marina<\/h3>\n<p><\/p>\n<p><div class=\"wp-block-image\"><\/p>\n<figure class=\"aligncenter size-full\"><img loading=\"lazy\" decoding=\"async\" width=\"300\" height=\"150\" class=\"wp-image-3761\" src=\"https:\/\/www.acusticauach.cl\/fusa\/wp-content\/uploads\/2022\/09\/socios02.jpg\" alt=\"\" \/><\/figure>\n<p><\/div><\/p>\n<p><\/p>\n<p><a href=\"http:\/\/acusticamarina.cl\">http:\/\/acusticamarina.cl<\/a><\/p>\n<p><\/p>\n<p><\/p>\n<p>Empresa consultora que crea soluciones de I+D+i utilizando tecnolog\u00eda hidroac\u00fastica para distintos sectores productivos, combinando el desarrollo de instrumentos de medici\u00f3n submarina con reconocimiento de patrones de audio por Inteligencia Artificial (IA). El objetivo principal es la resoluci\u00f3n de problemas en entornos acu\u00e1ticos a trav\u00e9s de la creaci\u00f3n de soluciones tecnol\u00f3gicas en I + D + i, y la versatilidad tecnol\u00f3gica permite que sea utilizada en diferentes aplicaciones como defensa mar\u00edtima, conservaci\u00f3n marina e industria portuaria y salmonera.<\/p>\n<p><\/p>\t\t\t\t\t\t\t\t<\/div>\n\t\t\t\t<\/div>\n\t\t                <\/div>\n                    <\/div>\n        <\/div>\n                                <\/div>\n                    <\/div>\n        <\/section>\n        \t\t<\/div>\n\t\t","protected":false},"excerpt":{"rendered":"<p>Alianzas estrat\u00e9gicas acordes con un desafiante desarrollo tecnol\u00f3gico Las entidades asociadas han participado en la definici\u00f3n de par\u00e1metros t\u00e9cnicos, protocolos de entrega de datos, sistema de despliegue de informaci\u00f3n, interfaz para distintos usuarios, estructura de mediciones, procesado de audios y mediciones, sugerencias de despliegue de informaci\u00f3n y aplicaciones en la evaluaci\u00f3n ambiental de proyectos (SEIA), [&hellip;]<\/p>\n","protected":false},"author":1,"featured_media":0,"parent":0,"menu_order":0,"comment_status":"closed","ping_status":"closed","template":"","meta":{"footnotes":""},"class_list":["post-3925","page","type-page","status-publish","hentry"],"_links":{"self":[{"href":"https:\/\/www.acusticauach.cl\/fusa\/wp-json\/wp\/v2\/pages\/3925","targetHints":{"allow":["GET"]}}],"collection":[{"href":"https:\/\/www.acusticauach.cl\/fusa\/wp-json\/wp\/v2\/pages"}],"about":[{"href":"https:\/\/www.acusticauach.cl\/fusa\/wp-json\/wp\/v2\/types\/page"}],"author":[{"embeddable":true,"href":"https:\/\/www.acusticauach.cl\/fusa\/wp-json\/wp\/v2\/users\/1"}],"replies":[{"embeddable":true,"href":"https:\/\/www.acusticauach.cl\/fusa\/wp-json\/wp\/v2\/comments?post=3925"}],"version-history":[{"count":11,"href":"https:\/\/www.acusticauach.cl\/fusa\/wp-json\/wp\/v2\/pages\/3925\/revisions"}],"predecessor-version":[{"id":4217,"href":"https:\/\/www.acusticauach.cl\/fusa\/wp-json\/wp\/v2\/pages\/3925\/revisions\/4217"}],"wp:attachment":[{"href":"https:\/\/www.acusticauach.cl\/fusa\/wp-json\/wp\/v2\/media?parent=3925"}],"curies":[{"name":"wp","href":"https:\/\/api.w.org\/{rel}","templated":true}]}}