{"id":3923,"date":"2022-11-10T12:19:09","date_gmt":"2022-11-10T15:19:09","guid":{"rendered":"https:\/\/www.acusticauach.cl\/fusa\/?page_id=3923"},"modified":"2025-08-10T23:18:24","modified_gmt":"2025-08-11T02:18:24","slug":"equipo-de-investigacion","status":"publish","type":"page","link":"https:\/\/www.acusticauach.cl\/fusa\/equipo-de-investigacion\/","title":{"rendered":"Equipo de Investigaci\u00f3n FuSA"},"content":{"rendered":"\t\t<div data-elementor-type=\"wp-page\" data-elementor-id=\"3923\" class=\"elementor elementor-3923\">\n\t\t\t\t        <section class=\"elementor-section elementor-top-section elementor-element elementor-element-10b3b649 elementor-section-boxed elementor-section-height-default elementor-section-height-default\" data-id=\"10b3b649\" data-element_type=\"section\">\n            \n                        <div class=\"elementor-container elementor-column-gap-default \">\n                            <div class=\"elementor-row\">\n                    <div class=\"elementor-column elementor-col-100 elementor-top-column elementor-element elementor-element-2dc377e\" data-id=\"2dc377e\" data-element_type=\"column\">\n            <div class=\"elementor-column-wrap elementor-element-populated\">\n                            <div class=\"elementor-widget-wrap\">\n                \t\t<div class=\"elementor-element elementor-element-60e8cec0 elementor-widget elementor-widget-text-editor\" data-id=\"60e8cec0\" data-element_type=\"widget\" data-widget_type=\"text-editor.default\">\n\t\t\t\t<div class=\"elementor-widget-container\">\n\t\t\t\t\t\t\t\t\t<h2>Un equipo de trabajo altamente calificado<\/h2>\n<div>\n<h2><img fetchpriority=\"high\" decoding=\"async\" class=\"aligncenter wp-image-4333 size-full\" src=\"https:\/\/www.acusticauach.cl\/fusa\/wp-content\/uploads\/2023\/08\/Equipo_FuSA.jpg\" alt=\"\" width=\"1000\" height=\"563\" srcset=\"https:\/\/www.acusticauach.cl\/fusa\/wp-content\/uploads\/2023\/08\/Equipo_FuSA.jpg 1000w, https:\/\/www.acusticauach.cl\/fusa\/wp-content\/uploads\/2023\/08\/Equipo_FuSA-300x169.jpg 300w, https:\/\/www.acusticauach.cl\/fusa\/wp-content\/uploads\/2023\/08\/Equipo_FuSA-768x432.jpg 768w\" sizes=\"(max-width: 1000px) 100vw, 1000px\" \/><\/h2>\n<p>\u00a0<\/p>\n<\/div>\n<p>El equipo de trabajo del proyecto FuSA est\u00e1 compuesto por Investigadores e Ingenieros en Inform\u00e1tica, Ciencia de Datos y Ac\u00fastica de la UACh, cuya complementariedad y sinergia est\u00e1 respaldada a trav\u00e9s de proyectos previos, colaboraci\u00f3n acad\u00e9mica, universitaria y profesional.<\/p>\n<p><!-- \/wp:paragraph --><\/p>\n<p><!-- wp:paragraph --><\/p>\n<p>Dentro de las principales fortalezas del equipo, destacan:<\/p>\n<ul>\n<li><span style=\"color: var( --e-global-color-text ); font-family: inherit; font-weight: inherit; letter-spacing: 0px;\">Experiencia previa en estudios en ac\u00fastica ambiental, especialmente en la elaboraci\u00f3n de mapas de ruido en Chile de distintas ciudades y fuentes de ruido, y estudios subjetivos sobre molestia de ruido;\u00a0<\/span><span style=\"color: var( --e-global-color-text ); font-family: inherit; font-weight: inherit; letter-spacing: 0px;\">Experiencia previa en la elaboraci\u00f3n de normativa y reglamentaci\u00f3n en ac\u00fastica en Chile y el extranjero;<\/span><\/li>\n<li>Experiencia previa en trabajo con las empresas asociadas (licencias) y convenios vigentes: Ministerio del Medio Ambiente, VitGlobal, CAPTA;<\/li>\n<li>Experiencia previa en Arquitectura de Hardware y Software para gestionar grandes vol\u00famenes de datos ac\u00fasticos y Dise\u00f1o de Experiencias de usuario (UX);<\/li>\n<li>Experiencia previa en Machine Learning para diversos an\u00e1lisis de datos.<\/li>\n<\/ul>\n<p><!-- \/wp:list-item --><\/p>\n<p><!-- \/wp:list --><\/p>\n<p><!-- wp:list --><\/p>\n<ul>\n<li style=\"list-style-type: none;\">\n<ul><!-- wp:list-item --><\/ul>\n<\/li>\n<\/ul>\n<p><!-- \/wp:list-item --><\/p>\n<p><!-- \/wp:list --><\/p>\n<p><!-- wp:paragraph --><\/p>\n<h4>Participantes<\/h4>\n<p><!-- \/wp:paragraph --><\/p>\n<p><!-- wp:paragraph --><\/p>\n<h6>Dr. Enrique Su\u00e1rez. Director del Proyecto.<\/h6>\n<p><!-- \/wp:paragraph --><\/p>\n<p><!-- wp:image {\"align\":\"center\",\"id\":4029,\"sizeSlug\":\"full\",\"linkDestination\":\"none\"} --><\/p>\n<figure><img decoding=\"async\" class=\"aligncenter size-full wp-image-4139\" src=\"https:\/\/www.acusticauach.cl\/fusa\/wp-content\/uploads\/2023\/06\/ESuarez_200x300.jpg\" alt=\"\" width=\"200\" height=\"300\" \/><\/figure>\n<p><!-- \/wp:image --><\/p>\n<p><!-- wp:paragraph --><\/p>\n<p>Ingeniero Ac\u00fastico por la U. Austral de Chile, Doctor en Ingenier\u00eda Industrial por la U. Polit\u00e9cnica de Madrid y Experto en Ruido Ambiental por la U. de Chile. Ha desarrollado su especializaci\u00f3n en ac\u00fastica ambiental trabajando en la Comisi\u00f3n Nacional del Medio Ambiente (1995-2007) y en la Universidad Austral de Chile. Investigador con vasta trayectoria y publicaciones cient\u00edficas internacionales en ac\u00fastica ambiental, paisaje sonoro y gesti\u00f3n p\u00fablica para el control de ruido ambiental. Ha dirigido proyectos emblem\u00e1ticos en Chile para la elaboraci\u00f3n mapas de ruido, medici\u00f3n y caracterizaci\u00f3n de ruido urbano, normativas en ac\u00fastica y registro y evaluaci\u00f3n de paisaje sonoro, siendo adem\u00e1s colaborador internacional en diversos proyectos de investigaci\u00f3n y responsable de cursos de grado y post-grado. Actualmente es Director del Laboratorio de Ac\u00fastica Ambiental del Instituto de Ac\u00fastica UACh.<\/p>\n<p><!-- \/wp:paragraph --><\/p>\n<p><!-- wp:paragraph --><\/p>\n<h6>\u00a0Dr. Jorge Arenas. Director Alterno del Proyecto.<\/h6>\n<p><!-- \/wp:paragraph --><\/p>\n<p><!-- wp:image {\"align\":\"center\",\"id\":4030,\"sizeSlug\":\"full\",\"linkDestination\":\"none\"} --><\/p>\n<figure><img decoding=\"async\" class=\"aligncenter size-full wp-image-4140\" src=\"https:\/\/www.acusticauach.cl\/fusa\/wp-content\/uploads\/2023\/06\/JParenas_200x300.jpg\" alt=\"\" width=\"200\" height=\"300\" \/><\/figure>\n<p><!-- \/wp:image --><\/p>\n<p><!-- wp:paragraph --><\/p>\n<p>Ingeniero Ac\u00fastico y Licenciado en Ac\u00fastica de la Universidad Austral de Chile. Mag\u00edster en F\u00edsica, Universidad Austral de Chile, y Doctor en Ingenier\u00eda Mec\u00e1nica (Sonido y Vibraciones), Auburn University, USA. Destacado investigador y acad\u00e9mico con reconocida trayectoria en ac\u00fastica a nivel internacional. Autor de numerosos art\u00edculos cient\u00edficos en revistas de alto impacto, participaciones en congresos y textos. Actualmente dirige proyectos de investigaci\u00f3n de relevancia nacional, es Vicepresidente de la International Commission for Acoustics (ICA), dirige cursos de pre y postgrado en la UACh y colabora en Relaciones Internacionales con diversas Universidades a lo largo del mundo. Destaca su reciente libro Engineering Acoustics: Noise and Vibration Control, su cargo como editor en jefe del International Journal of Acoustics and Vibration y su posici\u00f3n como editor asociado de la revista Applied Acoustics (Elsevier).<\/p>\n<p><!-- \/wp:paragraph --><\/p>\n<p><!-- wp:paragraph --><\/p>\n<h6>\u00a0Dr. Pablo Huijse. Investigador en Inform\u00e1tica.<\/h6>\n<p><!-- \/wp:paragraph --><\/p>\n<p><!-- wp:image {\"align\":\"center\",\"id\":4031,\"sizeSlug\":\"full\",\"linkDestination\":\"none\"} --><\/p>\n<figure><img loading=\"lazy\" decoding=\"async\" class=\"aligncenter size-full wp-image-4141\" src=\"https:\/\/www.acusticauach.cl\/fusa\/wp-content\/uploads\/2023\/06\/PHuijse_200x300.jpg\" alt=\"\" width=\"200\" height=\"300\" \/><\/figure>\n<p><!-- \/wp:image --><\/p>\n<p><!-- wp:paragraph --><\/p>\n<p>Ingeniero Civil Electricista y Doctor en Ingenier\u00eda El\u00e9ctrica de la Universidad de Chile. Destacado investigador en redes neuronales y aprendizaje de m\u00e1quinas, centrando su investigaci\u00f3n en el desarrollo de m\u00e9todos basados en procesamiento de se\u00f1ales, machine learning y teor\u00eda de la informaci\u00f3n para el an\u00e1lisis de datos de diversa \u00edndole (astron\u00f3micos, ac\u00fasticos, etc.).\u00a0Ha realizado estudios de post-doctorado en el Instituto Milenio de Astrof\u00edsica (MAS), y pasant\u00edas doctorales en el Institute for Applied Computational Science Harvard y en el Computational Neuroengineering Laboratory, University of Florida. Ha participado en proyectos de investigaci\u00f3n de relevancia nacional e internacional con publicaciones en revistas de alto impacto, es Profesor Asociado del Instituto de Inform\u00e1tica UACh y dirige cursos de pre y postgrado en la UACh.<\/p>\n<p><!-- \/wp:paragraph --><\/p>\n<p><!-- wp:paragraph --><\/p>\n<h6>\u00a0Dr. Matthieu Vernier. Investigador en Inform\u00e1tica.<\/h6>\n<p><!-- \/wp:paragraph --><\/p>\n<p><!-- wp:image {\"align\":\"center\",\"id\":4032,\"sizeSlug\":\"full\",\"linkDestination\":\"none\"} --><\/p>\n<figure><img loading=\"lazy\" decoding=\"async\" class=\"aligncenter size-full wp-image-4142\" src=\"https:\/\/www.acusticauach.cl\/fusa\/wp-content\/uploads\/2023\/06\/MVernier_200x300.jpg\" alt=\"\" width=\"200\" height=\"300\" \/><\/figure>\n<p><!-- \/wp:image --><\/p>\n<p><!-- wp:paragraph --><\/p>\n<p>Licenciado en Ciencias y Tecnolog\u00eda menci\u00f3n Inform\u00e1tica y M\u00e1ster en Ciencias y Tecnolog\u00eda para Investigaci\u00f3n menci\u00f3n Inform\u00e1tica de la Universidad de Caen Basse-Normandie. Master Profesional en Derecho, Econom\u00eda y Gesti\u00f3n \u2013 Menci\u00f3n Management con especialidad en Administraci\u00f3n de Empresas y Doctor en Inform\u00e1tica de la Universidad de Nantes, Francia.\u00a0Ha desarrollado su investigaci\u00f3n doctoral en el an\u00e1lisis del discurso subjetivo con algoritmos de tratamiento autom\u00e1tico del lenguaje, y ha dirigido actividades empresariales y proyectos no lucrativos en Francia, Nueva Zelanda y Chile, teniendo como hilo conductor la construcci\u00f3n de una sociedad democr\u00e1tica basada en la justicia social y ambiental. Desde 2016, es acad\u00e9mico de la Universidad Austral de Chile. Sus \u00e1reas de inter\u00e9s se centran en las interacciones Humano-Computador, el an\u00e1lisis de datos no estructurados para la exploraci\u00f3n de fen\u00f3menos sociales y el dise\u00f1o de nuevos usos e interacciones entre humanos y tecnolog\u00edas.<\/p>\n<p><!-- \/wp:paragraph --><\/p>\n<p><!-- wp:paragraph --><\/p>\n<h6>\u00a0Dr. V\u00edctor Poblete. Investigador en An\u00e1lisis de Se\u00f1ales.<\/h6>\n<p><!-- \/wp:paragraph --><\/p>\n<p><!-- wp:image {\"align\":\"center\",\"id\":4033,\"sizeSlug\":\"full\",\"linkDestination\":\"none\"} --><\/p>\n<figure><img loading=\"lazy\" decoding=\"async\" class=\"aligncenter size-full wp-image-4143\" src=\"https:\/\/www.acusticauach.cl\/fusa\/wp-content\/uploads\/2023\/06\/VPoblete_200x300.jpg\" alt=\"\" width=\"201\" height=\"300\" \/><\/figure>\n<p><!-- \/wp:image --><\/p>\n<p><!-- wp:paragraph --><\/p>\n<p>Ingeniero Ac\u00fastico, Licenciado en Ac\u00fastica y Mag\u00edster en F\u00edsica de la Universidad Austral de Chile, Doctor en Ingenier\u00eda El\u00e9ctrica de la Universidad de Chile. Sus \u00e1reas de investigaci\u00f3n cubren disciplinas como el procesamiento digital de se\u00f1ales de voz, verificaci\u00f3n de locutor, modelamiento del sistema auditivo perif\u00e9rico, reconocimiento de patrones, miner\u00eda de datos, audio machine learning, extracci\u00f3n de caracter\u00edsticas, music information retrieval, programaci\u00f3n computacional, procesamiento de se\u00f1ales s\u00edsmicas y an\u00e1lisis de se\u00f1ales m\u00e9dicas.\u00a0Actualmente participa en proyectos de investigaci\u00f3n de alto impacto para detectar y monitorear la composici\u00f3n de se\u00f1ales ac\u00fasticas y s\u00edsmicas, con objetivo de mejorar la detecci\u00f3n y precisi\u00f3n en su detecci\u00f3n y desarrollar audio machine learning para ambientes sonoros naturales y urbanos. Tambi\u00e9n es Profesor Asociado del Instituto de Ac\u00fastica UACh e imparte asignaturas de pre y postgrado en la Universidad, siendo adem\u00e1s Director del programa de Mag\u00edster en Ac\u00fastica y Vibraciones UACh.<\/p>\n<p><!-- \/wp:paragraph --><\/p>\n<p><!-- wp:paragraph --><\/p>\n<h6>Dr. Rhoddy Viveros. Investigador especializado en machine learning y an\u00e1lisis de datos ac\u00fasticos.<\/h6>\n<p><!-- \/wp:paragraph --><\/p>\n<p><!-- wp:image {\"align\":\"center\",\"id\":4034,\"sizeSlug\":\"full\",\"linkDestination\":\"none\"} --><\/p>\n<figure><img loading=\"lazy\" decoding=\"async\" class=\"aligncenter size-full wp-image-4144\" src=\"https:\/\/www.acusticauach.cl\/fusa\/wp-content\/uploads\/2023\/06\/RViveros_200x300.jpg\" alt=\"\" width=\"200\" height=\"300\" \/><\/figure>\n<p><!-- \/wp:image --><\/p>\n<p><!-- wp:paragraph --><\/p>\n<p>Doctor e Ingeniero del Instituto de Ac\u00fastica T\u00e9cnica (ITA), \u00c1rea de Ense\u00f1anza e Investigaci\u00f3n de Ac\u00fastica M\u00e9dica, de la RWTH Aachen University. Sus \u00e1reas de investigaci\u00f3n consideran la inteligencia artificial, el aprendizaje profundo, la percepci\u00f3n del habla, el an\u00e1lisis de escenas auditivas, la cognici\u00f3n auditiva, la modelizaci\u00f3n ac\u00fastica y los mecanismos cerebrales de la percepci\u00f3n del habla.\u00a0Ha desarrollado su tesis doctoral en percepci\u00f3n del habla en entornos ac\u00fasticos complejos utilizando ac\u00fastica virtual para evaluar la percepci\u00f3n del habla en ruido con enmascaradores en movimiento. Se ha especializado en modelaci\u00f3n de ac\u00fastica virtual utilizando software como RAVEN y Virtual Acoustics, realizando publicaciones de modelaciones virtuales en revistas cient\u00edficas de alto impacto. En el proyecto FuSA ha desarrollado bases de datos de ambientes sonoros sint\u00e9ticos para ejecutar procesos de entrenamiento de modelos de redes neuronales.<\/p>\n<p><!-- \/wp:paragraph --><\/p>\n<p><!-- wp:paragraph --><\/p>\n<h6>Dr. Guillermo Rey. Investigador Internacional.<\/h6>\n<p><!-- \/wp:paragraph --><\/p>\n<p><!-- wp:image {\"align\":\"center\",\"id\":4035,\"sizeSlug\":\"full\",\"linkDestination\":\"none\"} --><\/p>\n<figure><img loading=\"lazy\" decoding=\"async\" class=\"aligncenter size-full wp-image-4145\" src=\"https:\/\/www.acusticauach.cl\/fusa\/wp-content\/uploads\/2023\/06\/GRey200x300.jpg\" alt=\"\" width=\"200\" height=\"300\" \/><\/figure>\n<p><!-- \/wp:image --><\/p>\n<p><!-- wp:paragraph --><\/p>\n<p>Licenciado en Ciencias Ambientales, M\u00e1ster en Evaluaci\u00f3n y Gesti\u00f3n del Ruido Ambiental y Doctor en F\u00edsicas y Matem\u00e1ticas por la Universidad de Extremadura, Espa\u00f1a. Profesor Titular de la Universidad Aut\u00f3noma de Chile y por la Agencia Nacional de Evaluaci\u00f3n de la Calidad y Acreditaci\u00f3n Espa\u00f1ola. Sus l\u00edneas de investigaci\u00f3n se centran en la Ac\u00fastica Ambiental, desarrollo y evaluaci\u00f3n de metodolog\u00edas espacio-temporales para el an\u00e1lisis del ruido urbano. Ha publicado numerosos trabajos en revistas y congresos de reconocido prestigio a nivel internacional y ha participado en diferentes proyectos de investigaci\u00f3n nacionales e internacionales. Esta productividad cient\u00edfica le ha llevado a recibir diferentes premios y becas en su etapa predoctoral y postdoctoral. Ha impartido docencia y dirigido tesis de grado y doctorales en diferentes titulaciones en \u00e1reas de la Salud y de la Ingenier\u00eda.<\/p>\n<p><!-- \/wp:paragraph --><\/p>\n<p><!-- wp:paragraph --><\/p>\n<h6>Dr. Pierre Aumond. Investigador Internacional<\/h6>\n<p><!-- \/wp:paragraph --><\/p>\n<p><!-- wp:image {\"align\":\"center\",\"id\":4036,\"sizeSlug\":\"full\",\"linkDestination\":\"none\"} --><\/p>\n<figure><img loading=\"lazy\" decoding=\"async\" class=\"aligncenter size-full wp-image-4146\" src=\"https:\/\/www.acusticauach.cl\/fusa\/wp-content\/uploads\/2023\/06\/PAumond_200x300.jpg\" alt=\"\" width=\"200\" height=\"300\" \/><\/figure>\n<p><!-- \/wp:image --><\/p>\n<p><!-- wp:paragraph --><\/p>\n<p>Doctor en Ac\u00fastica \u2013 Especialista en Ac\u00fastica Ambiental de la Universidad de Nantes, Francia. Sus \u00e1reas de investigaci\u00f3n se centran en la simulaci\u00f3n ac\u00fastica, modelado y simulaci\u00f3n num\u00e9rica, redes neuronales artificiales, regresi\u00f3n lineal y an\u00e1lisis ac\u00fastico. Actualmente trabaja en la Unit\u00e9 Mixte d\u2019Acoustique Environnementale (UMRAE), Institut Fran\u00e7ais des Sciences et Technologies des Transports, de l\u2019Am\u00e9nagement et des R\u00e9seaux, realizando investigaci\u00f3n en Ingenier\u00eda Ambiental, Ingenier\u00eda Ac\u00fastica y Ac\u00fastica. Ha realizado numerosas publicaciones cient\u00edficas en revistas de alto impacto, ponencias en congresos y dirigido m\u00faltiples tesis de grado y doctorado.<\/p>\n<p><!-- \/wp:paragraph --><\/p>\n<p><!-- wp:paragraph --><\/p>\n<h6>Ing. V\u00edctor Vargas. Ingeniero Civil en Inform\u00e1tica<\/h6>\n<p><!-- \/wp:paragraph --><\/p>\n<p><!-- wp:image {\"align\":\"center\",\"id\":4037,\"sizeSlug\":\"full\",\"linkDestination\":\"none\"} --><\/p>\n<figure><img loading=\"lazy\" decoding=\"async\" class=\"aligncenter size-full wp-image-4147\" src=\"https:\/\/www.acusticauach.cl\/fusa\/wp-content\/uploads\/2023\/06\/VVargas_200x300.jpg\" alt=\"\" width=\"200\" height=\"300\" \/><\/figure>\n<p><!-- \/wp:image --><\/p>\n<p><!-- wp:paragraph --><\/p>\n<p>Licenciado en Inform\u00e1tica e Ingeniero Civil en Inform\u00e1tica de la U. Austral de Chile, Especialista en Inform\u00e1tica y Sistematizaci\u00f3n de bases de datos apasionado por las tecnolog\u00edas en vanguardia, Inteligencia Artificial y su implementaci\u00f3n a partir de diversos tipos de datos. Ha participado en proyectos de Machine Learning, Deep Learning, y Visi\u00f3n Artificial enfocados en ac\u00fastica ambiental y procesamiento digital de se\u00f1ales, y actualmente desempe\u00f1a como Software-Machine Learning Engineer del proyecto FuSA.<\/p>\n<p><!-- \/wp:paragraph --><\/p>\n<p><!-- wp:paragraph --><\/p>\n<h6>Msc. Fabi\u00e1n Ruiz. Mag\u00edster en Inform\u00e1tica<\/h6>\n<p><!-- \/wp:paragraph --><\/p>\n<p><!-- wp:image {\"align\":\"center\",\"id\":4038,\"sizeSlug\":\"full\",\"linkDestination\":\"none\"} --><\/p>\n<figure><img loading=\"lazy\" decoding=\"async\" class=\"aligncenter size-full wp-image-4148\" src=\"https:\/\/www.acusticauach.cl\/fusa\/wp-content\/uploads\/2023\/06\/FRuiz_200x300.jpg\" alt=\"\" width=\"200\" height=\"300\" \/><\/figure>\n<p>Licenciado en Inform\u00e1tica, Ingeniero Civil en Inform\u00e1tica y Mag\u00edster en Inform\u00e1tica de la U. Austral de Chile. Integra el equipo de Arquitectura de Software en el Proyecto FuSA.<\/p>\n<p><!-- \/wp:image --><\/p>\n<p><!-- wp:paragraph --><\/p>\n<h6>Ing. Diego Vergara Elgueda. Ing. Civil Ac\u00fastico<\/h6>\n<p><!-- \/wp:paragraph --><\/p>\n<p><!-- wp:image {\"align\":\"center\",\"id\":4039,\"sizeSlug\":\"full\",\"linkDestination\":\"none\"} --><\/p>\n<figure><img loading=\"lazy\" decoding=\"async\" class=\"aligncenter size-full wp-image-4149\" src=\"https:\/\/www.acusticauach.cl\/fusa\/wp-content\/uploads\/2023\/06\/DVergara_200x300.jpg\" alt=\"\" width=\"200\" height=\"300\" \/><\/figure>\n<p><!-- \/wp:image --><\/p>\n<p><!-- wp:paragraph --><\/p>\n<p>Licenciado en Ac\u00fastica e Ingeniero Civil Ac\u00fastico de la Universidad Austral de Chile.\u00a0Su trabajo se ha enfocado principalmente en la aplicaci\u00f3n de tecnolog\u00edas basadas en machine learning con uso en ac\u00fastica ambiental mediante reconocimiento de audio y video. Actualmente desempe\u00f1a como profesional en el proyecto FONDEF Sistema FuSA y como colaborador con el Laboratorio de Ac\u00fastica Ambiental UACh.<\/p>\n<p><!-- \/wp:paragraph --><\/p>\n<p><!-- wp:paragraph --><\/p>\n<h6>Ing. Diego Espejo Alquinta. Tesista<\/h6>\n<p><!-- \/wp:paragraph --><\/p>\n<p><!-- wp:image {\"align\":\"center\",\"id\":4040,\"sizeSlug\":\"full\",\"linkDestination\":\"none\"} --><\/p>\n<figure><img loading=\"lazy\" decoding=\"async\" class=\"aligncenter size-full wp-image-4150\" src=\"https:\/\/www.acusticauach.cl\/fusa\/wp-content\/uploads\/2023\/06\/DEspejo200x300.jpg\" alt=\"\" width=\"200\" height=\"300\" \/><\/figure>\n<p>Ingeniero Civil Ac\u00fastico y Magister en Inform\u00e1tica, ha realizado su trabajo de t\u00edtulo de Magister en colaboraci\u00f3n con el Proyecto FuSA. Su investigaci\u00f3n se relaciona con la categorizaci\u00f3n de ambientes ac\u00fasticos urbano-naturales mediante la detecci\u00f3n de eventos sonoros. A trav\u00e9s de su trabajo busca contribuir al an\u00e1lisis de humedales urbanos por la incorporaci\u00f3n de descriptores ac\u00fasticos a modelos de inteligencia artificial.<\/p>\n<p><!-- \/wp:image --><\/p>\n<p><!-- wp:paragraph --><\/p>\n<h6>Sr. Vicente Carrasco. Tesista<\/h6>\n<p><!-- \/wp:paragraph --><\/p>\n<p><!-- wp:image {\"align\":\"center\",\"id\":4041,\"sizeSlug\":\"full\",\"linkDestination\":\"none\"} --><\/p>\n<figure><img loading=\"lazy\" decoding=\"async\" class=\"aligncenter size-full wp-image-4151\" src=\"https:\/\/www.acusticauach.cl\/fusa\/wp-content\/uploads\/2023\/06\/VCarrasco_200x300.jpg\" alt=\"\" width=\"200\" height=\"300\" \/><\/figure>\n<p><!-- \/wp:image --><\/p>\n<p><!-- wp:paragraph --><\/p>\n<p>Licenciado en Ac\u00fastica e Ingeniero Civil Ac\u00fastico de la Universidad Austral de Chile. Ha realizado su trabajo de t\u00edtulo en colaboraci\u00f3n con el Proyecto FuSA, utilizando un modelo basado en redes neuronales para evaluar el cumplimiento del D.S.N\u00b038\/11 del MMA. Actualmente desempe\u00f1a profesionalmente como desarrollador de estudios de impacto ac\u00fastico para proyectos que ingresan al SEIA.<\/p>\n<p><!-- \/wp:paragraph --><\/p>\n<p><!-- wp:paragraph --><\/p>\n<h6>Sr. Pedro Ojeda. Tesista<\/h6>\n<p><!-- \/wp:paragraph --><\/p>\n<p><!-- wp:image {\"align\":\"center\",\"id\":4042,\"sizeSlug\":\"full\",\"linkDestination\":\"none\"} --><\/p>\n<figure><img loading=\"lazy\" decoding=\"async\" class=\"aligncenter size-full wp-image-4152\" src=\"https:\/\/www.acusticauach.cl\/fusa\/wp-content\/uploads\/2023\/06\/POjeda_200x300.jpg\" alt=\"\" width=\"200\" height=\"300\" \/><\/figure>\n<p><!-- \/wp:image --><\/p>\n<p><!-- wp:paragraph --><\/p>\n<p>Tesista de Ingenier\u00eda Civil Ac\u00fastica, ha realizado su trabajo de t\u00edtulo en colaboraci\u00f3n con el Proyecto FuSA.\u00a0Su investigaci\u00f3n se relaciona con la categorizaci\u00f3n de ambientes ac\u00fasticos urbanos mediante la detecci\u00f3n de eventos sonoros. A trav\u00e9s de su trabajo busca contribuir al desarrollo de herramientas \u00fatiles para la planificaci\u00f3n urbana y la evaluaci\u00f3n de la calidad ac\u00fastica en ambientes urbanos.<\/p>\n<p><!-- \/wp:paragraph --><\/p>\n<p><!-- wp:paragraph --><\/p>\n<h6>Sr. Marcelo Soto. Tesista<\/h6>\n<p><img loading=\"lazy\" decoding=\"async\" class=\"aligncenter size-full wp-image-4274\" src=\"https:\/\/www.acusticauach.cl\/fusa\/wp-content\/uploads\/2023\/07\/Marcelo_Soto_200x300.jpeg\" alt=\"\" width=\"200\" height=\"300\" \/><\/p>\n<p>Tesista de Ingenier\u00eda Civil en Inform\u00e1tica. Ha realizado su trabajo de t\u00edtulo en colaboraci\u00f3n con el Proyecto FuSA. Su investigaci\u00f3n se relaciona con el desarrollo de una arquitectura de software para la generaci\u00f3n de reportes.\u00a0<\/p>\n<h6>Cristian Rojas P\u00e9rez. Ejecutivo Transferencia Tecnol\u00f3gica FCI<\/h6>\n<p><img loading=\"lazy\" decoding=\"async\" class=\"aligncenter size-full wp-image-4240\" src=\"https:\/\/www.acusticauach.cl\/fusa\/wp-content\/uploads\/2023\/06\/CRojas_200x300.jpg\" alt=\"\" width=\"200\" height=\"301\" \/><\/p>\n<div class=\"uk-margin\">Ingeniero Civil en Inform\u00e1tica y Mag\u00edster en Ingenier\u00eda para la Innovaci\u00f3n de la Universidad Austral de Chile. Diplomado en Emprendimiento e Innovaci\u00f3n Tecnol\u00f3gica de la Universidad T\u00e9cnica Federico Santa Mar\u00eda. Diplomado en formulaci\u00f3n, preparaci\u00f3n y evaluaci\u00f3n de proyectos de USS. Responsable de apoyar integralmente los procesos de transferencia y vinculaci\u00f3n con la empresa desde la Facultad de Ciencias de la Ingenier\u00eda.<\/div>\n<p><!-- \/wp:paragraph --><\/p>\n<p><!-- wp:paragraph --><\/p>\n<h6>Sra. Carolina Llancam\u00e1n, Apoyo Secretaria.<\/h6>\n<p><img loading=\"lazy\" decoding=\"async\" class=\"size-full wp-image-4160 aligncenter\" src=\"https:\/\/www.acusticauach.cl\/fusa\/wp-content\/uploads\/2023\/06\/CLLancaman_200x300.jpeg\" alt=\"\" width=\"200\" height=\"300\" \/><\/p>\n<p>Secretaria Administrativa Contable, actualmente secretaria de la Escuela de Graduados de la Facultad de Ciencias de la Ingenier\u00eda.<\/p>\n<h6>Sra. Paulina Santander, Apoyo Administrativo y Financiero<\/h6>\n<p><img loading=\"lazy\" decoding=\"async\" class=\"aligncenter size-full wp-image-4218\" src=\"https:\/\/www.acusticauach.cl\/fusa\/wp-content\/uploads\/2023\/06\/Paulina_200x300.jpeg\" alt=\"\" width=\"200\" height=\"300\" \/><\/p>\n<p>Ejecutiva Oficina de Gesti\u00f3n Financiera de Proyectos de la Vicerrector\u00eda de Investigaci\u00f3n, Desarrollo y Creaci\u00f3n Art\u00edstica VIDCA de la Universidad Austral de Chile, encargada de apoyo en rendiciones, control presupuestario y temas administrativos y contables del proyecto.<\/p>\n<p><!-- \/wp:paragraph --><\/p>\t\t\t\t\t\t\t\t<\/div>\n\t\t\t\t<\/div>\n\t\t                <\/div>\n                    <\/div>\n        <\/div>\n                                <\/div>\n                    <\/div>\n        <\/section>\n        \t\t<\/div>\n\t\t","protected":false},"excerpt":{"rendered":"<p>Un equipo de trabajo altamente calificado \u00a0 El equipo de trabajo del proyecto FuSA est\u00e1 compuesto por Investigadores e Ingenieros en Inform\u00e1tica, Ciencia de Datos y Ac\u00fastica de la UACh, cuya complementariedad y sinergia est\u00e1 respaldada a trav\u00e9s de proyectos previos, colaboraci\u00f3n acad\u00e9mica, universitaria y profesional. Dentro de las principales fortalezas del equipo, destacan: Experiencia [&hellip;]<\/p>\n","protected":false},"author":1,"featured_media":0,"parent":0,"menu_order":0,"comment_status":"closed","ping_status":"closed","template":"","meta":{"footnotes":""},"class_list":["post-3923","page","type-page","status-publish","hentry"],"_links":{"self":[{"href":"https:\/\/www.acusticauach.cl\/fusa\/wp-json\/wp\/v2\/pages\/3923","targetHints":{"allow":["GET"]}}],"collection":[{"href":"https:\/\/www.acusticauach.cl\/fusa\/wp-json\/wp\/v2\/pages"}],"about":[{"href":"https:\/\/www.acusticauach.cl\/fusa\/wp-json\/wp\/v2\/types\/page"}],"author":[{"embeddable":true,"href":"https:\/\/www.acusticauach.cl\/fusa\/wp-json\/wp\/v2\/users\/1"}],"replies":[{"embeddable":true,"href":"https:\/\/www.acusticauach.cl\/fusa\/wp-json\/wp\/v2\/comments?post=3923"}],"version-history":[{"count":117,"href":"https:\/\/www.acusticauach.cl\/fusa\/wp-json\/wp\/v2\/pages\/3923\/revisions"}],"predecessor-version":[{"id":4382,"href":"https:\/\/www.acusticauach.cl\/fusa\/wp-json\/wp\/v2\/pages\/3923\/revisions\/4382"}],"wp:attachment":[{"href":"https:\/\/www.acusticauach.cl\/fusa\/wp-json\/wp\/v2\/media?parent=3923"}],"curies":[{"name":"wp","href":"https:\/\/api.w.org\/{rel}","templated":true}]}}