{"id":187,"date":"2020-03-04T11:16:29","date_gmt":"2020-03-04T11:16:29","guid":{"rendered":"https:\/\/demo.casethemes.net\/alico\/?page_id=187"},"modified":"2025-08-13T17:50:25","modified_gmt":"2025-08-13T20:50:25","slug":"noticias","status":"publish","type":"page","link":"https:\/\/www.acusticauach.cl\/fusa\/noticias\/","title":{"rendered":"Noticias"},"content":{"rendered":"\t\t<div data-elementor-type=\"wp-page\" data-elementor-id=\"187\" class=\"elementor elementor-187\">\n\t\t\t\t        <section class=\"elementor-section elementor-top-section elementor-element elementor-element-37f7751 elementor-section-boxed elementor-section-height-default elementor-section-height-default\" data-id=\"37f7751\" data-element_type=\"section\">\n            \n                        <div class=\"elementor-container elementor-column-gap-default \">\n                            <div class=\"elementor-row\">\n                    <div class=\"elementor-column elementor-col-100 elementor-top-column elementor-element elementor-element-708402a\" data-id=\"708402a\" data-element_type=\"column\">\n            <div class=\"elementor-column-wrap elementor-element-populated\">\n                            <div class=\"elementor-widget-wrap\">\n                \t\t<div class=\"elementor-element elementor-element-e0d6d40 elementor-widget elementor-widget-video\" data-id=\"e0d6d40\" data-element_type=\"widget\" data-settings=\"{&quot;youtube_url&quot;:&quot;https:\\\/\\\/youtu.be\\\/Cektpgk5bnY&quot;,&quot;video_type&quot;:&quot;youtube&quot;,&quot;controls&quot;:&quot;yes&quot;}\" data-widget_type=\"video.default\">\n\t\t\t\t<div class=\"elementor-widget-container\">\n\t\t\t\t\t\t\t<div class=\"elementor-wrapper elementor-open-inline\">\n\t\t\t<div class=\"elementor-video\"><\/div>\t\t<\/div>\n\t\t\t\t\t\t<\/div>\n\t\t\t\t<\/div>\n\t\t                <\/div>\n                    <\/div>\n        <\/div>\n                                <\/div>\n                    <\/div>\n        <\/section>\n                <section class=\"elementor-section elementor-top-section elementor-element elementor-element-fdaeed0 elementor-section-boxed elementor-section-height-default elementor-section-height-default\" data-id=\"fdaeed0\" data-element_type=\"section\">\n            \n                        <div class=\"elementor-container elementor-column-gap-default \">\n                            <div class=\"elementor-row\">\n                    <div class=\"elementor-column elementor-col-100 elementor-top-column elementor-element elementor-element-1a6980f\" data-id=\"1a6980f\" data-element_type=\"column\">\n            <div class=\"elementor-column-wrap elementor-element-populated\">\n                            <div class=\"elementor-widget-wrap\">\n                \t\t<div class=\"elementor-element elementor-element-1e56a58 elementor-widget-divider--view-line elementor-widget elementor-widget-divider\" data-id=\"1e56a58\" data-element_type=\"widget\" data-widget_type=\"divider.default\">\n\t\t\t\t<div class=\"elementor-widget-container\">\n\t\t\t\t\t\t\t<div class=\"elementor-divider\">\n\t\t\t<span class=\"elementor-divider-separator\">\n\t\t\t\t\t\t<\/span>\n\t\t<\/div>\n\t\t\t\t\t\t<\/div>\n\t\t\t\t<\/div>\n\t\t                <\/div>\n                    <\/div>\n        <\/div>\n                                <\/div>\n                    <\/div>\n        <\/section>\n                <section class=\"elementor-section elementor-top-section elementor-element elementor-element-04795a2 elementor-section-boxed elementor-section-height-default elementor-section-height-default\" data-id=\"04795a2\" data-element_type=\"section\">\n            \n                        <div class=\"elementor-container elementor-column-gap-default \">\n                            <div class=\"elementor-row\">\n                    <div class=\"elementor-column elementor-col-100 elementor-top-column elementor-element elementor-element-27967c9\" data-id=\"27967c9\" data-element_type=\"column\">\n            <div class=\"elementor-column-wrap elementor-element-populated\">\n                            <div class=\"elementor-widget-wrap\">\n                \t\t<div class=\"elementor-element elementor-element-d02c844 elementor-widget elementor-widget-video\" data-id=\"d02c844\" data-element_type=\"widget\" data-settings=\"{&quot;youtube_url&quot;:&quot;https:\\\/\\\/youtu.be\\\/Zhf-BCGDLiI&quot;,&quot;video_type&quot;:&quot;youtube&quot;,&quot;controls&quot;:&quot;yes&quot;}\" data-widget_type=\"video.default\">\n\t\t\t\t<div class=\"elementor-widget-container\">\n\t\t\t\t\t\t\t<div class=\"elementor-wrapper elementor-open-inline\">\n\t\t\t<div class=\"elementor-video\"><\/div>\t\t<\/div>\n\t\t\t\t\t\t<\/div>\n\t\t\t\t<\/div>\n\t\t                <\/div>\n                    <\/div>\n        <\/div>\n                                <\/div>\n                    <\/div>\n        <\/section>\n                <section class=\"elementor-section elementor-top-section elementor-element elementor-element-a74ce4a elementor-section-boxed elementor-section-height-default elementor-section-height-default\" data-id=\"a74ce4a\" data-element_type=\"section\">\n            \n                        <div class=\"elementor-container elementor-column-gap-default \">\n                            <div class=\"elementor-row\">\n                    <div class=\"elementor-column elementor-col-100 elementor-top-column elementor-element elementor-element-5ff98ad\" data-id=\"5ff98ad\" data-element_type=\"column\">\n            <div class=\"elementor-column-wrap elementor-element-populated\">\n                            <div class=\"elementor-widget-wrap\">\n                \t\t<div class=\"elementor-element elementor-element-bfcdef4 elementor-widget-divider--view-line elementor-widget elementor-widget-divider\" data-id=\"bfcdef4\" data-element_type=\"widget\" data-widget_type=\"divider.default\">\n\t\t\t\t<div class=\"elementor-widget-container\">\n\t\t\t\t\t\t\t<div class=\"elementor-divider\">\n\t\t\t<span class=\"elementor-divider-separator\">\n\t\t\t\t\t\t<\/span>\n\t\t<\/div>\n\t\t\t\t\t\t<\/div>\n\t\t\t\t<\/div>\n\t\t                <\/div>\n                    <\/div>\n        <\/div>\n                                <\/div>\n                    <\/div>\n        <\/section>\n                <section class=\"elementor-section elementor-top-section elementor-element elementor-element-f4e0f48 elementor-section-boxed elementor-section-height-default elementor-section-height-default\" data-id=\"f4e0f48\" data-element_type=\"section\">\n            \n                        <div class=\"elementor-container elementor-column-gap-default \">\n                            <div class=\"elementor-row\">\n                    <div class=\"elementor-column elementor-col-100 elementor-top-column elementor-element elementor-element-337e07b\" data-id=\"337e07b\" data-element_type=\"column\">\n            <div class=\"elementor-column-wrap elementor-element-populated\">\n                            <div class=\"elementor-widget-wrap\">\n                \t\t<div class=\"elementor-element elementor-element-b3267a8 elementor-widget elementor-widget-text-editor\" data-id=\"b3267a8\" data-element_type=\"widget\" data-widget_type=\"text-editor.default\">\n\t\t\t\t<div class=\"elementor-widget-container\">\n\t\t\t\t\t\t\t\t\t<h3><span lang=\"es\"><b>Noticias<\/b><\/span><\/h3><p><a href=\"https:\/\/www.acusticauach.cl\/?p=16645\" target=\"_blank\" rel=\"noopener\">2024\/08\/18 Laboratorio de Ac\u00fastica Ambiental LABACAM se adjudic\u00f3 proyecto que busca entregar soluciones tecnol\u00f3gicas para la gesti\u00f3n ambiental del ruido vehicular<\/a><\/p><p><a href=\"https:\/\/ingenieria.uach.cl\/noticias\/ingenieria-uach-se-adjudico-proyecto-que-busca-entregar-soluciones-tecnologicas-para-la-gestion-ambiental-del-ruido-vehicular\/\" target=\"_blank\" rel=\"noopener\">2024\/08\/13 &#8211;<\/a>\u00a0<a href=\"https:\/\/ingenieria.uach.cl\/noticias\/ingenieria-uach-se-adjudico-proyecto-que-busca-entregar-soluciones-tecnologicas-para-la-gestion-ambiental-del-ruido-vehicular\/\" target=\"_blank\" rel=\"noopener\">Ingenier\u00eda UACh se adjudic\u00f3 proyecto que busca entregar soluciones tecnol\u00f3gicas para la gesti\u00f3n ambiental del ruido vehicular<\/a><\/p><p><span lang=\"es\">\u00a0<\/span><a style=\"font-family: inherit; font-weight: inherit; background-color: #ffffff; letter-spacing: 0px;\" href=\"https:\/\/diario.uach.cl\/taller-analizara-avances-del-proyecto-fusa-uach\/\" target=\"_blank\" rel=\"noopener\"><span style=\"color: #1155cc;\">2022\/09\/23 Taller analizar\u00e1 avances del proyecto FuSA UACh<br \/><\/span><\/a><\/p><p><a style=\"font-family: inherit; font-weight: inherit; background-color: #ffffff; letter-spacing: 0px;\" href=\"https:\/\/diario.uach.cl\/difunden-avances-del-proyecto-fondef-sistema-fusa-mediante-taller-abierto-a-la-comunidad\/\" target=\"_blank\" rel=\"noopener\"><span style=\"color: #1155cc;\">2022\/11\/24 Difunden avances del proyecto FONDEF \u00abSistema FuSA\u00bb mediante taller abierto a la comunidad<\/span><\/a><\/p>\t\t\t\t\t\t\t\t<\/div>\n\t\t\t\t<\/div>\n\t\t                <\/div>\n                    <\/div>\n        <\/div>\n                                <\/div>\n                    <\/div>\n        <\/section>\n        \t\t<\/div>\n\t\t","protected":false},"excerpt":{"rendered":"<p>Noticias 2024\/08\/18 Laboratorio de Ac\u00fastica Ambiental LABACAM se adjudic\u00f3 proyecto que busca entregar soluciones tecnol\u00f3gicas para la gesti\u00f3n ambiental del ruido vehicular 2024\/08\/13 &#8211;\u00a0Ingenier\u00eda UACh se adjudic\u00f3 proyecto que busca entregar soluciones tecnol\u00f3gicas para la gesti\u00f3n ambiental del ruido vehicular \u00a02022\/09\/23 Taller analizar\u00e1 avances del proyecto FuSA UACh 2022\/11\/24 Difunden avances del proyecto FONDEF \u00abSistema [&hellip;]<\/p>\n","protected":false},"author":1,"featured_media":0,"parent":0,"menu_order":0,"comment_status":"closed","ping_status":"closed","template":"","meta":{"footnotes":""},"class_list":["post-187","page","type-page","status-publish","hentry"],"_links":{"self":[{"href":"https:\/\/www.acusticauach.cl\/fusa\/wp-json\/wp\/v2\/pages\/187","targetHints":{"allow":["GET"]}}],"collection":[{"href":"https:\/\/www.acusticauach.cl\/fusa\/wp-json\/wp\/v2\/pages"}],"about":[{"href":"https:\/\/www.acusticauach.cl\/fusa\/wp-json\/wp\/v2\/types\/page"}],"author":[{"embeddable":true,"href":"https:\/\/www.acusticauach.cl\/fusa\/wp-json\/wp\/v2\/users\/1"}],"replies":[{"embeddable":true,"href":"https:\/\/www.acusticauach.cl\/fusa\/wp-json\/wp\/v2\/comments?post=187"}],"version-history":[{"count":25,"href":"https:\/\/www.acusticauach.cl\/fusa\/wp-json\/wp\/v2\/pages\/187\/revisions"}],"predecessor-version":[{"id":4540,"href":"https:\/\/www.acusticauach.cl\/fusa\/wp-json\/wp\/v2\/pages\/187\/revisions\/4540"}],"wp:attachment":[{"href":"https:\/\/www.acusticauach.cl\/fusa\/wp-json\/wp\/v2\/media?parent=187"}],"curies":[{"name":"wp","href":"https:\/\/api.w.org\/{rel}","templated":true}]}}